{"id":103995,"date":"2017-10-27T16:27:27","date_gmt":"2017-10-27T14:27:27","guid":{"rendered":"https:\/\/www.trait-tendance.com\/luxury-catering\/"},"modified":"2024-01-10T16:51:56","modified_gmt":"2024-01-10T15:51:56","slug":"luxury-catering","status":"publish","type":"page","link":"https:\/\/www.trait-tendance.com\/en\/luxury-catering\/","title":{"rendered":"Luxury catering"},"content":{"rendered":"<h2 aria-level=\"2\">Prestigious suppliers, exceptional products<\/h2>\n<p><span data-contrast=\"none\">Talent scout, <\/span><span data-contrast=\"none\">Trait&#8217;Tendance<\/span><span data-contrast=\"none\">caterer<\/span><span data-contrast=\"none\"> in Paris and Ile de France, brings together, under a single name,<\/span><a href=\"https:\/\/www.trait-tendance.com\/en\/our-suppliers\/\"><br \/>\n  <span data-contrast=\"none\">the finest craftsmen<\/span><br \/>\n<\/a><span data-contrast=\"none\"> of French gastronomy. <\/span> <span data-ccp-props=\"{\"134233117\":true,\"134233118\":true,\"201341983\":0,\"335559739\":150,\"335559740\":240}\"> <\/span><\/p>\n<p style=\"text-align: left;\"><span data-contrast=\"none\">Charcuteries and Aubrac meats from Maison Conquet <\/span><span data-contrast=\"none\">in Laguiole, triple A lamb from Aveyron, ham from <\/span><span data-contrast=\"none\">Pata<\/span><span data-contrast=\"none\"> <\/span><span data-contrast=\"none\">Negra<\/span><span data-contrast=\"none\"> de Salamanca, butters <\/span><span data-contrast=\"none\">and <\/span>cheeses from<span style=\"text-decoration: underline;\"><a href=\"https:\/\/www.trait-tendance.com\/en\/suppliers\/jean-yves-bordier\/\">Jean-Yves<\/a><a href=\"https:\/\/www.trait-tendance.com\/en\/suppliers\/jean-yves-bordier\/\">Bordier<\/a><\/span><span data-contrast=\"none\"><span style=\"text-decoration: underline;\">,<\/span> spices and condiments from<\/span><span data-contrast=\"none\">Olivier Roellinger<\/span><span data-contrast=\"none\">, breads, brioches and viennoiseries from the bakery La Parisienne, and chocolates and pastries<\/span><a href=\"https:\/\/www.trait-tendance.com\/en\/suppliers\/hugo-victor\/\"><br \/>\n  <span data-contrast=\"none\">from Hugo &amp; Victor<\/span><br \/>\n<\/a><span data-contrast=\"none\"> <\/span><span data-contrast=\"none\">or<\/span><span data-contrast=\"none\"> Kevin <\/span><span data-contrast=\"none\">Lacote<\/span><span data-contrast=\"none\"> &#8230; <\/span><span data-contrast=\"none\">Trait&#8217;Tendance<\/span><span data-contrast=\"none\"> brings together the greatest talents of our gourmet heritage for your receptions. <\/span> <span data-ccp-props=\"{\"134233117\":true,\"134233118\":true,\"201341983\":0,\"335559739\":150,\"335559740\":240}\"> <\/span><\/p>\n<h2 aria-level=\"2\">Culinary expertise, flawless organization<\/h2>\n<p style=\"text-align: left;\"><span data-contrast=\"none\">For over 18 years <\/span><span data-contrast=\"none\">Trait&#8217;Tendance<\/span><span data-contrast=\"none\">a gourmet caterer, <\/span><span data-contrast=\"none\">have been designing and<\/span><span data-contrast=\"none\"><a href=\"https:\/\/www.trait-tendance.com\/en\/luxury-caterer\/lunches-dinners\/\">prestigious<\/a><a href=\"https:\/\/www.trait-tendance.com\/en\/prestigious-receptions\/\">receptions<\/a> and <a href=\"https:\/\/www.trait-tendance.com\/en\/luxury-caterer\/lunches-dinners\/\">meals<\/a><\/span><b><br \/>\n  <span data-contrast=\"none\">.<\/span><br \/>\n<\/b><span data-contrast=\"none\">Business breakfasts, lunch or <\/span><span data-contrast=\"none\">dinner <\/span><span data-contrast=\"none\">cocktails <\/span><span data-contrast=\"none\">, <\/span><a href=\"https:\/\/www.trait-tendance.com\/en\/luxury-caterer\/culinary-events\/\">culinary events<\/a>,<span data-contrast=\"none\"><a href=\"https:\/\/www.trait-tendance.com\/en\/luxury-caterer\/lunches-dinners\/\">lunches and dinners<\/a>: all professions  <\/span><span data-contrast=\"none\">catering and <\/span><span data-contrast=\"none\">chefs, pastry chefs, culinary designers and ma\u00eetres d&#8217;h\u00f4tel &#8211; combine their talent and expertise for <a href=\"https:\/\/www.trait-tendance.com\/en\/category\/diary\/our-achievements\/\">every event<\/a>. <\/span> <span data-ccp-props=\"{\"134233117\":true,\"134233118\":true,\"201341983\":0,\"335559739\":150,\"335559740\":240}\"> <\/span><\/p>\n<p style=\"text-align: left;\"><span data-contrast=\"none\">Trained in the most prestigious hotel schools and with renowned chefs, all the members of our teams share the same values: a concern for<\/span><b><br \/>\n  <span data-contrast=\"none\">quality<\/span><br \/>\n<\/b><span data-contrast=\"none\">quality<\/span><b><br \/>\n  <span data-contrast=\"none\">respect<\/span><br \/>\n<\/b><span data-contrast=\"none\">for the product<\/span><b><br \/>\n  <span data-contrast=\"none\">taste<\/span><br \/>\n<\/b><span data-contrast=\"none\">of beautiful things<\/span><b><br \/>\n  <span data-contrast=\"none\">sense<\/span><br \/>\n<\/b><span data-contrast=\"none\">organizational skills and<\/span><b><br \/>\n  <span data-contrast=\"none\">creativity.<\/span><br \/>\n<\/b><span data-contrast=\"none\">. Our sole objective  <\/span><span data-contrast=\"none\">as an event caterer<\/span><span data-contrast=\"none\">is all about customer satisfaction <\/span><span data-contrast=\"none\">and successful receptions<\/span><span data-contrast=\"none\">! <\/span> <span data-ccp-props=\"{\"134233117\":true,\"134233118\":true,\"201341983\":0,\"335559739\":150,\"335559740\":240}\"> <\/span><\/p>\n<h2 aria-level=\"2\">A culinary design and creation service<\/h2>\n<p style=\"text-align: left;\"><span data-contrast=\"none\">Since the creation, in 2015, of an in-house department dedicated to<\/span><a href=\"https:\/\/www.trait-tendance.com\/en\/luxury-caterer\/culinary-design\/\"><br \/>\n  <span data-contrast=\"none\">culinary design<\/span><br \/>\n<\/a><span data-contrast=\"none\">research, experimentation, discovery and transformation of food are at the heart <\/span><span data-contrast=\"none\">heart<\/span><span data-contrast=\"none\"> of our creative and innovative<\/span><b><br \/>\n  <span data-contrast=\"none\">innovative approach<\/span><br \/>\n<\/b><span data-contrast=\"none\">of <\/span><span data-contrast=\"none\">Trait&#8217;Tendance<\/span><span data-contrast=\"none\">. Spearheaded by our artistic director and  <\/span><span data-contrast=\"none\">artwork<\/span><span data-contrast=\"none\">jointly by our production teams in a 700m\u00b2 laboratory just outside Paris, this unique service supports our customers in the <a href=\"https:\/\/www.trait-tendance.com\/en\/event-provider\/culinary-creation-for-events\/\">creation<\/a> of<\/span><span data-contrast=\"none\">customized food items<\/span><span data-contrast=\"none\">customized <\/span><span data-contrast=\"none\">personalized menus<\/span><span data-contrast=\"none\"> themed meals, <a href=\"https:\/\/www.trait-tendance.com\/en\/luxury-caterer\/catering-buffet\/\">aesthetic buffets<\/a> and unique<\/span><a href=\"https:\/\/www.trait-tendance.com\/en\/event-provider\/event-decoration\/\"><br \/>\n  <span data-contrast=\"none\">unique settings<\/span><br \/>\n<\/a><span data-contrast=\"none\"><span data-contrast=\"none\">and<\/span><span data-contrast=\"none\"> decorations&#8230; <\/span><\/span> <span data-ccp-props=\"{\"134233117\":true,\"134233118\":true,\"201341983\":0,\"335559739\":150,\"335559740\":240}\"> <\/span><\/p>\n","protected":false},"excerpt":{"rendered":"<p>Prestigious suppliers, exceptional products Talent scout, Trait&#8217;Tendancecaterer in Paris and Ile de France, brings together, under a single name, the finest craftsmen of French gastronomy. Charcuteries and Aubrac meats from Maison Conquet in Laguiole, triple A lamb from Aveyron, ham from Pata Negra de Salamanca, butters and cheeses fromJean-YvesBordier, spices and condiments fromOlivier Roellinger, breads, [&hellip;]<\/p>\n","protected":false},"author":2,"featured_media":98697,"parent":0,"menu_order":0,"comment_status":"closed","ping_status":"closed","template":"page-archive.php","meta":{"footnotes":""},"class_list":["post-103995","page","type-page","status-publish","has-post-thumbnail","hentry"],"yoast_head":"<!-- This site is optimized with the Yoast SEO Premium plugin v27.5 (Yoast SEO v27.6) - https:\/\/yoast.com\/product\/yoast-seo-premium-wordpress\/ -->\n<title>Luxury catering - Gourmet catering - Trait&#039;Tendance<\/title>\n<meta name=\"description\" content=\"With Trait&#039;Tendance, discover the high-end services of a true luxury caterer \u2713 Prestige suppliers \u2713 15 years of expertise \u260e 01 41 14 03 03\" \/>\n<meta name=\"robots\" content=\"index, follow, max-snippet:-1, max-image-preview:large, max-video-preview:-1\" \/>\n<link rel=\"canonical\" href=\"https:\/\/www.trait-tendance.com\/en\/luxury-catering\/\" \/>\n<meta property=\"og:locale\" content=\"en_GB\" \/>\n<meta property=\"og:type\" content=\"article\" \/>\n<meta property=\"og:title\" content=\"Luxury catering\" \/>\n<meta property=\"og:description\" content=\"With Trait&#039;Tendance, discover the high-end services of a true luxury caterer \u2713 Prestige suppliers \u2713 15 years of expertise \u260e 01 41 14 03 03\" \/>\n<meta property=\"og:url\" content=\"https:\/\/www.trait-tendance.com\/en\/luxury-catering\/\" \/>\n<meta property=\"og:site_name\" content=\"Trait&#039;Tendance\" \/>\n<meta property=\"article:publisher\" content=\"https:\/\/www.facebook.com\/TraitTendanceParis\/\" \/>\n<meta property=\"article:modified_time\" content=\"2024-01-10T15:51:56+00:00\" \/>\n<meta property=\"og:image\" content=\"https:\/\/www.trait-tendance.com\/wp-content\/uploads\/2018\/04\/tarte-tomates2-1.jpg\" \/>\n\t<meta property=\"og:image:width\" content=\"1200\" \/>\n\t<meta property=\"og:image:height\" content=\"900\" \/>\n\t<meta property=\"og:image:type\" content=\"image\/jpeg\" \/>\n<meta name=\"twitter:card\" content=\"summary_large_image\" \/>\n<meta name=\"twitter:site\" content=\"@TraitTendance\" \/>\n<meta name=\"twitter:label1\" content=\"Estimated reading time\" \/>\n\t<meta name=\"twitter:data1\" content=\"1 minute\" \/>\n<script type=\"application\/ld+json\" class=\"yoast-schema-graph\">{\"@context\":\"https:\\\/\\\/schema.org\",\"@graph\":[{\"@type\":\"WebPage\",\"@id\":\"https:\\\/\\\/www.trait-tendance.com\\\/en\\\/luxury-catering\\\/\",\"url\":\"https:\\\/\\\/www.trait-tendance.com\\\/en\\\/luxury-catering\\\/\",\"name\":\"Luxury catering - Gourmet catering - Trait&#039;Tendance\",\"isPartOf\":{\"@id\":\"https:\\\/\\\/www.trait-tendance.com\\\/en\\\/#website\"},\"primaryImageOfPage\":{\"@id\":\"https:\\\/\\\/www.trait-tendance.com\\\/en\\\/luxury-catering\\\/#primaryimage\"},\"image\":{\"@id\":\"https:\\\/\\\/www.trait-tendance.com\\\/en\\\/luxury-catering\\\/#primaryimage\"},\"thumbnailUrl\":\"https:\\\/\\\/www.trait-tendance.com\\\/wp-content\\\/uploads\\\/2018\\\/04\\\/tarte-tomates2-1.jpg\",\"datePublished\":\"2017-10-27T14:27:27+00:00\",\"dateModified\":\"2024-01-10T15:51:56+00:00\",\"description\":\"With Trait'Tendance, discover the high-end services of a true luxury caterer \u2713 Prestige suppliers \u2713 15 years of expertise \u260e 01 41 14 03 03\",\"breadcrumb\":{\"@id\":\"https:\\\/\\\/www.trait-tendance.com\\\/en\\\/luxury-catering\\\/#breadcrumb\"},\"inLanguage\":\"en-GB\",\"potentialAction\":[{\"@type\":\"ReadAction\",\"target\":[\"https:\\\/\\\/www.trait-tendance.com\\\/en\\\/luxury-catering\\\/\"]}]},{\"@type\":\"ImageObject\",\"inLanguage\":\"en-GB\",\"@id\":\"https:\\\/\\\/www.trait-tendance.com\\\/en\\\/luxury-catering\\\/#primaryimage\",\"url\":\"https:\\\/\\\/www.trait-tendance.com\\\/wp-content\\\/uploads\\\/2018\\\/04\\\/tarte-tomates2-1.jpg\",\"contentUrl\":\"https:\\\/\\\/www.trait-tendance.com\\\/wp-content\\\/uploads\\\/2018\\\/04\\\/tarte-tomates2-1.jpg\",\"width\":1200,\"height\":900,\"caption\":\"traiteur de luxe\"},{\"@type\":\"BreadcrumbList\",\"@id\":\"https:\\\/\\\/www.trait-tendance.com\\\/en\\\/luxury-catering\\\/#breadcrumb\",\"itemListElement\":[{\"@type\":\"ListItem\",\"position\":1,\"name\":\"Accueil\",\"item\":\"https:\\\/\\\/www.trait-tendance.com\\\/en\\\/\"},{\"@type\":\"ListItem\",\"position\":2,\"name\":\"Luxury catering\"}]},{\"@type\":\"WebSite\",\"@id\":\"https:\\\/\\\/www.trait-tendance.com\\\/en\\\/#website\",\"url\":\"https:\\\/\\\/www.trait-tendance.com\\\/en\\\/\",\"name\":\"Trait'Tendance\",\"description\":\"Traiteur \u00e9v\u00e9nementiel haut de gamme \u00e0 Paris\",\"publisher\":{\"@id\":\"https:\\\/\\\/www.trait-tendance.com\\\/en\\\/#organization\"},\"potentialAction\":[{\"@type\":\"SearchAction\",\"target\":{\"@type\":\"EntryPoint\",\"urlTemplate\":\"https:\\\/\\\/www.trait-tendance.com\\\/en\\\/?s={search_term_string}\"},\"query-input\":{\"@type\":\"PropertyValueSpecification\",\"valueRequired\":true,\"valueName\":\"search_term_string\"}}],\"inLanguage\":\"en-GB\"},{\"@type\":\"Organization\",\"@id\":\"https:\\\/\\\/www.trait-tendance.com\\\/en\\\/#organization\",\"name\":\"Trait'Tendance\",\"url\":\"https:\\\/\\\/www.trait-tendance.com\\\/en\\\/\",\"logo\":{\"@type\":\"ImageObject\",\"inLanguage\":\"en-GB\",\"@id\":\"https:\\\/\\\/www.trait-tendance.com\\\/en\\\/#\\\/schema\\\/logo\\\/image\\\/\",\"url\":\"https:\\\/\\\/www.trait-tendance.com\\\/wp-content\\\/uploads\\\/2017\\\/08\\\/cropped-favicon.png\",\"contentUrl\":\"https:\\\/\\\/www.trait-tendance.com\\\/wp-content\\\/uploads\\\/2017\\\/08\\\/cropped-favicon.png\",\"width\":512,\"height\":512,\"caption\":\"Trait'Tendance\"},\"image\":{\"@id\":\"https:\\\/\\\/www.trait-tendance.com\\\/en\\\/#\\\/schema\\\/logo\\\/image\\\/\"},\"sameAs\":[\"https:\\\/\\\/www.facebook.com\\\/TraitTendanceParis\\\/\",\"https:\\\/\\\/x.com\\\/TraitTendance\",\"https:\\\/\\\/www.instagram.com\\\/traittendance\\\/\",\"https:\\\/\\\/www.linkedin.com\\\/company\\\/traittendance\",\"https:\\\/\\\/www.pinterest.com\\\/traiteurdeco\\\/boards\\\/\",\"https:\\\/\\\/www.youtube.com\\\/channel\\\/UCWDoSOcaJjMCiGrJ6cddZMA\\\/videos\"]}]}<\/script>\n<!-- \/ Yoast SEO Premium plugin. -->","yoast_head_json":{"title":"Luxury catering - Gourmet catering - Trait&#039;Tendance","description":"With Trait'Tendance, discover the high-end services of a true luxury caterer \u2713 Prestige suppliers \u2713 15 years of expertise \u260e 01 41 14 03 03","robots":{"index":"index","follow":"follow","max-snippet":"max-snippet:-1","max-image-preview":"max-image-preview:large","max-video-preview":"max-video-preview:-1"},"canonical":"https:\/\/www.trait-tendance.com\/en\/luxury-catering\/","og_locale":"en_GB","og_type":"article","og_title":"Luxury catering","og_description":"With Trait'Tendance, discover the high-end services of a true luxury caterer \u2713 Prestige suppliers \u2713 15 years of expertise \u260e 01 41 14 03 03","og_url":"https:\/\/www.trait-tendance.com\/en\/luxury-catering\/","og_site_name":"Trait&#039;Tendance","article_publisher":"https:\/\/www.facebook.com\/TraitTendanceParis\/","article_modified_time":"2024-01-10T15:51:56+00:00","og_image":[{"width":1200,"height":900,"url":"https:\/\/www.trait-tendance.com\/wp-content\/uploads\/2018\/04\/tarte-tomates2-1.jpg","type":"image\/jpeg"}],"twitter_card":"summary_large_image","twitter_site":"@TraitTendance","twitter_misc":{"Estimated reading time":"1 minute"},"schema":{"@context":"https:\/\/schema.org","@graph":[{"@type":"WebPage","@id":"https:\/\/www.trait-tendance.com\/en\/luxury-catering\/","url":"https:\/\/www.trait-tendance.com\/en\/luxury-catering\/","name":"Luxury catering - Gourmet catering - Trait&#039;Tendance","isPartOf":{"@id":"https:\/\/www.trait-tendance.com\/en\/#website"},"primaryImageOfPage":{"@id":"https:\/\/www.trait-tendance.com\/en\/luxury-catering\/#primaryimage"},"image":{"@id":"https:\/\/www.trait-tendance.com\/en\/luxury-catering\/#primaryimage"},"thumbnailUrl":"https:\/\/www.trait-tendance.com\/wp-content\/uploads\/2018\/04\/tarte-tomates2-1.jpg","datePublished":"2017-10-27T14:27:27+00:00","dateModified":"2024-01-10T15:51:56+00:00","description":"With Trait'Tendance, discover the high-end services of a true luxury caterer \u2713 Prestige suppliers \u2713 15 years of expertise \u260e 01 41 14 03 03","breadcrumb":{"@id":"https:\/\/www.trait-tendance.com\/en\/luxury-catering\/#breadcrumb"},"inLanguage":"en-GB","potentialAction":[{"@type":"ReadAction","target":["https:\/\/www.trait-tendance.com\/en\/luxury-catering\/"]}]},{"@type":"ImageObject","inLanguage":"en-GB","@id":"https:\/\/www.trait-tendance.com\/en\/luxury-catering\/#primaryimage","url":"https:\/\/www.trait-tendance.com\/wp-content\/uploads\/2018\/04\/tarte-tomates2-1.jpg","contentUrl":"https:\/\/www.trait-tendance.com\/wp-content\/uploads\/2018\/04\/tarte-tomates2-1.jpg","width":1200,"height":900,"caption":"traiteur de luxe"},{"@type":"BreadcrumbList","@id":"https:\/\/www.trait-tendance.com\/en\/luxury-catering\/#breadcrumb","itemListElement":[{"@type":"ListItem","position":1,"name":"Accueil","item":"https:\/\/www.trait-tendance.com\/en\/"},{"@type":"ListItem","position":2,"name":"Luxury catering"}]},{"@type":"WebSite","@id":"https:\/\/www.trait-tendance.com\/en\/#website","url":"https:\/\/www.trait-tendance.com\/en\/","name":"Trait'Tendance","description":"Traiteur \u00e9v\u00e9nementiel haut de gamme \u00e0 Paris","publisher":{"@id":"https:\/\/www.trait-tendance.com\/en\/#organization"},"potentialAction":[{"@type":"SearchAction","target":{"@type":"EntryPoint","urlTemplate":"https:\/\/www.trait-tendance.com\/en\/?s={search_term_string}"},"query-input":{"@type":"PropertyValueSpecification","valueRequired":true,"valueName":"search_term_string"}}],"inLanguage":"en-GB"},{"@type":"Organization","@id":"https:\/\/www.trait-tendance.com\/en\/#organization","name":"Trait'Tendance","url":"https:\/\/www.trait-tendance.com\/en\/","logo":{"@type":"ImageObject","inLanguage":"en-GB","@id":"https:\/\/www.trait-tendance.com\/en\/#\/schema\/logo\/image\/","url":"https:\/\/www.trait-tendance.com\/wp-content\/uploads\/2017\/08\/cropped-favicon.png","contentUrl":"https:\/\/www.trait-tendance.com\/wp-content\/uploads\/2017\/08\/cropped-favicon.png","width":512,"height":512,"caption":"Trait'Tendance"},"image":{"@id":"https:\/\/www.trait-tendance.com\/en\/#\/schema\/logo\/image\/"},"sameAs":["https:\/\/www.facebook.com\/TraitTendanceParis\/","https:\/\/x.com\/TraitTendance","https:\/\/www.instagram.com\/traittendance\/","https:\/\/www.linkedin.com\/company\/traittendance","https:\/\/www.pinterest.com\/traiteurdeco\/boards\/","https:\/\/www.youtube.com\/channel\/UCWDoSOcaJjMCiGrJ6cddZMA\/videos"]}]}},"_links":{"self":[{"href":"https:\/\/www.trait-tendance.com\/en\/wp-json\/wp\/v2\/pages\/103995","targetHints":{"allow":["GET"]}}],"collection":[{"href":"https:\/\/www.trait-tendance.com\/en\/wp-json\/wp\/v2\/pages"}],"about":[{"href":"https:\/\/www.trait-tendance.com\/en\/wp-json\/wp\/v2\/types\/page"}],"author":[{"embeddable":true,"href":"https:\/\/www.trait-tendance.com\/en\/wp-json\/wp\/v2\/users\/2"}],"replies":[{"embeddable":true,"href":"https:\/\/www.trait-tendance.com\/en\/wp-json\/wp\/v2\/comments?post=103995"}],"version-history":[{"count":0,"href":"https:\/\/www.trait-tendance.com\/en\/wp-json\/wp\/v2\/pages\/103995\/revisions"}],"wp:featuredmedia":[{"embeddable":true,"href":"https:\/\/www.trait-tendance.com\/en\/wp-json\/wp\/v2\/media\/98697"}],"wp:attachment":[{"href":"https:\/\/www.trait-tendance.com\/en\/wp-json\/wp\/v2\/media?parent=103995"}],"curies":[{"name":"wp","href":"https:\/\/api.w.org\/{rel}","templated":true}]}}