{"id":104291,"date":"2017-10-30T14:13:31","date_gmt":"2017-10-30T13:13:31","guid":{"rendered":"https:\/\/www.trait-tendance.com\/our-suppliers\/"},"modified":"2024-01-10T16:52:14","modified_gmt":"2024-01-10T15:52:14","slug":"our-suppliers","status":"publish","type":"page","link":"https:\/\/www.trait-tendance.com\/en\/our-suppliers\/","title":{"rendered":"Our suppliers"},"content":{"rendered":"<h2>Carefully selected suppliers<\/h2>\n<p>Because each product and each recipe requires experience and know-how, Trait&#8217;Tendance, a<span style=\"color: #000000;\"> <a style=\"color: #000000;\" href=\"https:\/\/www.trait-tendance.com\/en\/luxury-catering\/\">top-of-the-range event caterer<\/a>, selects<\/span>the best suppliers in each field.<span data-ccp-props=\"{\"201341983\":0,\"335551550\":1,\"335551620\":1,\"335559739\":160,\"335559740\":259}\"> <\/span><\/p>\n<p>Market gardeners, delicatessen producers, butchers, cheese makers, bakers, pastry chefs, chocolate makers, winegrowers, florists&#8230; Discover our catering offer that combines the best of our terroir and our gourmet heritage.  <span data-ccp-props=\"{\"201341983\":0,\"335551550\":1,\"335551620\":1,\"335559739\":160,\"335559740\":259}\"> <\/span><\/p>\n<h2>Our freshness and quality guarantees<\/h2>\n<p>Every morning for over 15 years, we&#8217;ve been receiving the best products from our suppliers all over France: cans from Challans, <a href=\"https:\/\/www.trait-tendance.com\/en\/suppliers\/conquet-house\/\">beef from Aubrac<\/a>, sea bass from Brittany, old-fashioned vegetables, cheeses matured in <a href=\"https:\/\/www.trait-tendance.com\/en\/suppliers\/jean-yves-bordier\/\">Jean-Yves Bordier <\/a>&#8216;s cellars&#8230;  <\/p>\n<p>A relationship of trust with our partners, the choice of short supply chains and fresh, seasonal produce, guarantee freshness and quality.<\/p>\n<h2><i class=\"wp-svg-custom-icone-eco-responsable icone-eco-responsable\"><\/i>  CSR approach<\/h2>\n<p>We select our partners for the quality of their products and their non-intensive production methods. Trait&#8217;Tendance, an ethical and responsible caterer, has forged partnerships with local and regional suppliers, guaranteeing fresh produce that changes with the seasons.<\/p>\n","protected":false},"excerpt":{"rendered":"<p>Carefully selected suppliers Because each product and each recipe requires experience and know-how, Trait&#8217;Tendance, a top-of-the-range event caterer, selectsthe best suppliers in each field. Market gardeners, delicatessen producers, butchers, cheese makers, bakers, pastry chefs, chocolate makers, winegrowers, florists&#8230; Discover our catering offer that combines the best of our terroir and our gourmet heritage. Our freshness [&hellip;]<\/p>\n","protected":false},"author":2,"featured_media":98101,"parent":0,"menu_order":0,"comment_status":"closed","ping_status":"closed","template":"page-archive.php","meta":{"footnotes":""},"class_list":["post-104291","page","type-page","status-publish","has-post-thumbnail","hentry"],"yoast_head":"<!-- This site is optimized with the Yoast SEO Premium plugin v27.4 (Yoast SEO v27.5) - https:\/\/yoast.com\/product\/yoast-seo-premium-wordpress\/ -->\n<title>Our suppliers - Trait&#039;Tendance<\/title>\n<meta name=\"robots\" content=\"index, follow, max-snippet:-1, max-image-preview:large, max-video-preview:-1\" \/>\n<link rel=\"canonical\" href=\"https:\/\/www.trait-tendance.com\/en\/our-suppliers\/\" \/>\n<meta property=\"og:locale\" content=\"en_GB\" \/>\n<meta property=\"og:type\" content=\"article\" \/>\n<meta property=\"og:title\" content=\"Our suppliers\" \/>\n<meta property=\"og:description\" content=\"Carefully selected suppliers Because each product and each recipe requires experience and know-how, Trait&#8217;Tendance, a top-of-the-range event caterer, selectsthe best suppliers in each field. Market gardeners, delicatessen producers, butchers, cheese makers, bakers, pastry chefs, chocolate makers, winegrowers, florists&#8230; Discover our catering offer that combines the best of our terroir and our gourmet heritage. Our freshness [&hellip;]\" \/>\n<meta property=\"og:url\" content=\"https:\/\/www.trait-tendance.com\/en\/our-suppliers\/\" \/>\n<meta property=\"og:site_name\" content=\"Trait&#039;Tendance\" \/>\n<meta property=\"article:publisher\" content=\"https:\/\/www.facebook.com\/TraitTendanceParis\/\" \/>\n<meta property=\"article:modified_time\" content=\"2024-01-10T15:52:14+00:00\" \/>\n<meta property=\"og:image\" content=\"https:\/\/www.trait-tendance.com\/wp-content\/uploads\/2018\/03\/1159.jpg\" \/>\n\t<meta property=\"og:image:width\" content=\"580\" \/>\n\t<meta property=\"og:image:height\" content=\"387\" \/>\n\t<meta property=\"og:image:type\" content=\"image\/jpeg\" \/>\n<meta name=\"twitter:card\" content=\"summary_large_image\" \/>\n<meta name=\"twitter:site\" content=\"@TraitTendance\" \/>\n<meta name=\"twitter:label1\" content=\"Estimated reading time\" \/>\n\t<meta name=\"twitter:data1\" content=\"1 minute\" \/>\n<script type=\"application\/ld+json\" class=\"yoast-schema-graph\">{\"@context\":\"https:\\\/\\\/schema.org\",\"@graph\":[{\"@type\":\"WebPage\",\"@id\":\"https:\\\/\\\/www.trait-tendance.com\\\/en\\\/our-suppliers\\\/\",\"url\":\"https:\\\/\\\/www.trait-tendance.com\\\/en\\\/our-suppliers\\\/\",\"name\":\"Our suppliers - Trait&#039;Tendance\",\"isPartOf\":{\"@id\":\"https:\\\/\\\/www.trait-tendance.com\\\/en\\\/#website\"},\"primaryImageOfPage\":{\"@id\":\"https:\\\/\\\/www.trait-tendance.com\\\/en\\\/our-suppliers\\\/#primaryimage\"},\"image\":{\"@id\":\"https:\\\/\\\/www.trait-tendance.com\\\/en\\\/our-suppliers\\\/#primaryimage\"},\"thumbnailUrl\":\"https:\\\/\\\/www.trait-tendance.com\\\/wp-content\\\/uploads\\\/2018\\\/03\\\/1159.jpg\",\"datePublished\":\"2017-10-30T13:13:31+00:00\",\"dateModified\":\"2024-01-10T15:52:14+00:00\",\"breadcrumb\":{\"@id\":\"https:\\\/\\\/www.trait-tendance.com\\\/en\\\/our-suppliers\\\/#breadcrumb\"},\"inLanguage\":\"en-GB\",\"potentialAction\":[{\"@type\":\"ReadAction\",\"target\":[\"https:\\\/\\\/www.trait-tendance.com\\\/en\\\/our-suppliers\\\/\"]}]},{\"@type\":\"ImageObject\",\"inLanguage\":\"en-GB\",\"@id\":\"https:\\\/\\\/www.trait-tendance.com\\\/en\\\/our-suppliers\\\/#primaryimage\",\"url\":\"https:\\\/\\\/www.trait-tendance.com\\\/wp-content\\\/uploads\\\/2018\\\/03\\\/1159.jpg\",\"contentUrl\":\"https:\\\/\\\/www.trait-tendance.com\\\/wp-content\\\/uploads\\\/2018\\\/03\\\/1159.jpg\",\"width\":580,\"height\":387},{\"@type\":\"BreadcrumbList\",\"@id\":\"https:\\\/\\\/www.trait-tendance.com\\\/en\\\/our-suppliers\\\/#breadcrumb\",\"itemListElement\":[{\"@type\":\"ListItem\",\"position\":1,\"name\":\"Accueil\",\"item\":\"https:\\\/\\\/www.trait-tendance.com\\\/en\\\/\"},{\"@type\":\"ListItem\",\"position\":2,\"name\":\"Our suppliers\"}]},{\"@type\":\"WebSite\",\"@id\":\"https:\\\/\\\/www.trait-tendance.com\\\/en\\\/#website\",\"url\":\"https:\\\/\\\/www.trait-tendance.com\\\/en\\\/\",\"name\":\"Trait'Tendance\",\"description\":\"Traiteur \u00e9v\u00e9nementiel haut de gamme \u00e0 Paris\",\"publisher\":{\"@id\":\"https:\\\/\\\/www.trait-tendance.com\\\/en\\\/#organization\"},\"potentialAction\":[{\"@type\":\"SearchAction\",\"target\":{\"@type\":\"EntryPoint\",\"urlTemplate\":\"https:\\\/\\\/www.trait-tendance.com\\\/en\\\/?s={search_term_string}\"},\"query-input\":{\"@type\":\"PropertyValueSpecification\",\"valueRequired\":true,\"valueName\":\"search_term_string\"}}],\"inLanguage\":\"en-GB\"},{\"@type\":\"Organization\",\"@id\":\"https:\\\/\\\/www.trait-tendance.com\\\/en\\\/#organization\",\"name\":\"Trait'Tendance\",\"url\":\"https:\\\/\\\/www.trait-tendance.com\\\/en\\\/\",\"logo\":{\"@type\":\"ImageObject\",\"inLanguage\":\"en-GB\",\"@id\":\"https:\\\/\\\/www.trait-tendance.com\\\/en\\\/#\\\/schema\\\/logo\\\/image\\\/\",\"url\":\"https:\\\/\\\/www.trait-tendance.com\\\/wp-content\\\/uploads\\\/2017\\\/08\\\/cropped-favicon.png\",\"contentUrl\":\"https:\\\/\\\/www.trait-tendance.com\\\/wp-content\\\/uploads\\\/2017\\\/08\\\/cropped-favicon.png\",\"width\":512,\"height\":512,\"caption\":\"Trait'Tendance\"},\"image\":{\"@id\":\"https:\\\/\\\/www.trait-tendance.com\\\/en\\\/#\\\/schema\\\/logo\\\/image\\\/\"},\"sameAs\":[\"https:\\\/\\\/www.facebook.com\\\/TraitTendanceParis\\\/\",\"https:\\\/\\\/x.com\\\/TraitTendance\",\"https:\\\/\\\/www.instagram.com\\\/traittendance\\\/\",\"https:\\\/\\\/www.linkedin.com\\\/company\\\/traittendance\",\"https:\\\/\\\/www.pinterest.com\\\/traiteurdeco\\\/boards\\\/\",\"https:\\\/\\\/www.youtube.com\\\/channel\\\/UCWDoSOcaJjMCiGrJ6cddZMA\\\/videos\"]}]}<\/script>\n<!-- \/ Yoast SEO Premium plugin. -->","yoast_head_json":{"title":"Our suppliers - Trait&#039;Tendance","robots":{"index":"index","follow":"follow","max-snippet":"max-snippet:-1","max-image-preview":"max-image-preview:large","max-video-preview":"max-video-preview:-1"},"canonical":"https:\/\/www.trait-tendance.com\/en\/our-suppliers\/","og_locale":"en_GB","og_type":"article","og_title":"Our suppliers","og_description":"Carefully selected suppliers Because each product and each recipe requires experience and know-how, Trait&#8217;Tendance, a top-of-the-range event caterer, selectsthe best suppliers in each field. Market gardeners, delicatessen producers, butchers, cheese makers, bakers, pastry chefs, chocolate makers, winegrowers, florists&#8230; Discover our catering offer that combines the best of our terroir and our gourmet heritage. Our freshness [&hellip;]","og_url":"https:\/\/www.trait-tendance.com\/en\/our-suppliers\/","og_site_name":"Trait&#039;Tendance","article_publisher":"https:\/\/www.facebook.com\/TraitTendanceParis\/","article_modified_time":"2024-01-10T15:52:14+00:00","og_image":[{"width":580,"height":387,"url":"https:\/\/www.trait-tendance.com\/wp-content\/uploads\/2018\/03\/1159.jpg","type":"image\/jpeg"}],"twitter_card":"summary_large_image","twitter_site":"@TraitTendance","twitter_misc":{"Estimated reading time":"1 minute"},"schema":{"@context":"https:\/\/schema.org","@graph":[{"@type":"WebPage","@id":"https:\/\/www.trait-tendance.com\/en\/our-suppliers\/","url":"https:\/\/www.trait-tendance.com\/en\/our-suppliers\/","name":"Our suppliers - Trait&#039;Tendance","isPartOf":{"@id":"https:\/\/www.trait-tendance.com\/en\/#website"},"primaryImageOfPage":{"@id":"https:\/\/www.trait-tendance.com\/en\/our-suppliers\/#primaryimage"},"image":{"@id":"https:\/\/www.trait-tendance.com\/en\/our-suppliers\/#primaryimage"},"thumbnailUrl":"https:\/\/www.trait-tendance.com\/wp-content\/uploads\/2018\/03\/1159.jpg","datePublished":"2017-10-30T13:13:31+00:00","dateModified":"2024-01-10T15:52:14+00:00","breadcrumb":{"@id":"https:\/\/www.trait-tendance.com\/en\/our-suppliers\/#breadcrumb"},"inLanguage":"en-GB","potentialAction":[{"@type":"ReadAction","target":["https:\/\/www.trait-tendance.com\/en\/our-suppliers\/"]}]},{"@type":"ImageObject","inLanguage":"en-GB","@id":"https:\/\/www.trait-tendance.com\/en\/our-suppliers\/#primaryimage","url":"https:\/\/www.trait-tendance.com\/wp-content\/uploads\/2018\/03\/1159.jpg","contentUrl":"https:\/\/www.trait-tendance.com\/wp-content\/uploads\/2018\/03\/1159.jpg","width":580,"height":387},{"@type":"BreadcrumbList","@id":"https:\/\/www.trait-tendance.com\/en\/our-suppliers\/#breadcrumb","itemListElement":[{"@type":"ListItem","position":1,"name":"Accueil","item":"https:\/\/www.trait-tendance.com\/en\/"},{"@type":"ListItem","position":2,"name":"Our suppliers"}]},{"@type":"WebSite","@id":"https:\/\/www.trait-tendance.com\/en\/#website","url":"https:\/\/www.trait-tendance.com\/en\/","name":"Trait'Tendance","description":"Traiteur \u00e9v\u00e9nementiel haut de gamme \u00e0 Paris","publisher":{"@id":"https:\/\/www.trait-tendance.com\/en\/#organization"},"potentialAction":[{"@type":"SearchAction","target":{"@type":"EntryPoint","urlTemplate":"https:\/\/www.trait-tendance.com\/en\/?s={search_term_string}"},"query-input":{"@type":"PropertyValueSpecification","valueRequired":true,"valueName":"search_term_string"}}],"inLanguage":"en-GB"},{"@type":"Organization","@id":"https:\/\/www.trait-tendance.com\/en\/#organization","name":"Trait'Tendance","url":"https:\/\/www.trait-tendance.com\/en\/","logo":{"@type":"ImageObject","inLanguage":"en-GB","@id":"https:\/\/www.trait-tendance.com\/en\/#\/schema\/logo\/image\/","url":"https:\/\/www.trait-tendance.com\/wp-content\/uploads\/2017\/08\/cropped-favicon.png","contentUrl":"https:\/\/www.trait-tendance.com\/wp-content\/uploads\/2017\/08\/cropped-favicon.png","width":512,"height":512,"caption":"Trait'Tendance"},"image":{"@id":"https:\/\/www.trait-tendance.com\/en\/#\/schema\/logo\/image\/"},"sameAs":["https:\/\/www.facebook.com\/TraitTendanceParis\/","https:\/\/x.com\/TraitTendance","https:\/\/www.instagram.com\/traittendance\/","https:\/\/www.linkedin.com\/company\/traittendance","https:\/\/www.pinterest.com\/traiteurdeco\/boards\/","https:\/\/www.youtube.com\/channel\/UCWDoSOcaJjMCiGrJ6cddZMA\/videos"]}]}},"_links":{"self":[{"href":"https:\/\/www.trait-tendance.com\/en\/wp-json\/wp\/v2\/pages\/104291","targetHints":{"allow":["GET"]}}],"collection":[{"href":"https:\/\/www.trait-tendance.com\/en\/wp-json\/wp\/v2\/pages"}],"about":[{"href":"https:\/\/www.trait-tendance.com\/en\/wp-json\/wp\/v2\/types\/page"}],"author":[{"embeddable":true,"href":"https:\/\/www.trait-tendance.com\/en\/wp-json\/wp\/v2\/users\/2"}],"replies":[{"embeddable":true,"href":"https:\/\/www.trait-tendance.com\/en\/wp-json\/wp\/v2\/comments?post=104291"}],"version-history":[{"count":0,"href":"https:\/\/www.trait-tendance.com\/en\/wp-json\/wp\/v2\/pages\/104291\/revisions"}],"wp:featuredmedia":[{"embeddable":true,"href":"https:\/\/www.trait-tendance.com\/en\/wp-json\/wp\/v2\/media\/98101"}],"wp:attachment":[{"href":"https:\/\/www.trait-tendance.com\/en\/wp-json\/wp\/v2\/media?parent=104291"}],"curies":[{"name":"wp","href":"https:\/\/api.w.org\/{rel}","templated":true}]}}