{"id":104292,"date":"2017-10-27T16:48:40","date_gmt":"2017-10-27T14:48:40","guid":{"rendered":"https:\/\/www.trait-tendance.com\/event-services\/"},"modified":"2024-01-10T16:51:55","modified_gmt":"2024-01-10T15:51:55","slug":"event-services","status":"publish","type":"page","link":"https:\/\/www.trait-tendance.com\/en\/event-services\/","title":{"rendered":"Event Services"},"content":{"rendered":"<h2><a href=\"https:\/\/www.trait-tendance.com\/en\/event-provider\/culinary-creation-for-events\/\">Culinary creation<\/a><\/h2>\n<p><span style=\"color: black;\">Creativity and innovation are at the heart of our business! To support our teams in this approach, we opened a <a href=\"https:\/\/www.trait-tendance.com\/en\/event-provider\/culinary-creation-for-events\/\">Culinary Design and Creation<\/a> department 3 years ago. Led by our artistic director, this innovative department helps our customers <strong>create prestigious gastronomic events<\/strong>.<\/span><\/p>\n<h2><a href=\"https:\/\/www.trait-tendance.com\/en\/event-provider\/event-decoration\/\">Decoration<\/a><\/h2>\n<p><span style=\"color: black;\"><span style=\"font-size: 12pt;\"><span style=\"font-size: 14pt;\">For more than 20 years<\/span>, Trait<\/span>&#8216;Tendance has been designing and creating <a href=\"https:\/\/www.trait-tendance.com\/en\/event-provider\/event-decoration\/\">customized decor and space planning<\/a>. We accompany and advise you in the metamorphosis of your premises. We&#8217;ll find the right harmony of colors and materials to create a unique ambience that reflects your image. Trait&#8217;Tendance and its <strong>artistic team<\/strong> imagine every facet of your project to create, together, the decor of your dreams.<\/span><\/p>\n<h2><a href=\"https:\/\/www.trait-tendance.com\/en\/event-provider\/furniture-and-tableware\/\">Reception equipment<\/a><\/h2>\n<p><span style=\"color: black;\">Our teams take a particular interest in <a href=\"https:\/\/www.trait-tendance.com\/en\/event-provider\/furniture-and-tableware\/\">the art of the table and the furnishings for your reception<\/a>. The quality of the materials, the design, the choice of shapes, materials and fabrics are all essential criteria for making your event unique. Whatever your style &#8211; industrial, modern, fairground or country &#8211; let us inspire you to create<strong> the table that&#8217;s just right for you<\/strong>.<\/span><\/p>\n<h2><a href=\"https:\/\/www.trait-tendance.com\/prestataire-evenementiel\/materiel-technique\/\">Technical equipment<\/a><\/h2>\n<p><span style=\"color: black;\">With over 20 years&#8217; experience, we can advise and support you in the <a href=\"https:\/\/www.trait-tendance.com\/prestataire-evenementiel\/materiel-technique\/\">lighting and sound<\/a> design of your events, large and small. Whether you&#8217;re planning a PA system for an ambience or a convention, an awards ceremony or a <a href=\"https:\/\/www.trait-tendance.com\/receptions-de-prestige\/diner-de-gala\/\">gala evening<\/a>, or a lighting system for your dinner, Trait&#8217;Tendance can provide you with the audiovisual solutions best suited to your event. <strong>Professionals in image, sound and lighting<\/strong> work in close collaboration to meet all your technical needs.<\/span><\/p>\n<h2><a href=\"https:\/\/www.trait-tendance.com\/en\/event-provider\/event-scenography\/\">Scenography<\/a><\/h2>\n<p><span style=\"color: black;\">As the true architects of your event, we understand the importance of <a href=\"https:\/\/www.trait-tendance.com\/en\/event-provider\/event-scenography\/\">original<\/a>, immersive, customized staging. <a href=\"https:\/\/www.trait-tendance.com\/en\/prestigious-receptions\/corporate-receptions-in-paris-professional-top-of-the-range-organization\/seminar-organization\/\">Seminars<\/a>, conferences, <a href=\"https:\/\/www.trait-tendance.com\/receptions-de-prestige\/diner-de-gala\/\">galas<\/a> and private receptions: Trait&#8217;Tendance applies all its know-how to <strong>decorate<\/strong> and <strong>stage<\/strong> your <a href=\"https:\/\/www.trait-tendance.com\/en\/prestigious-receptions\/corporate-receptions-in-paris-professional-top-of-the-range-organization\/\">professional<\/a> or private <a href=\"https:\/\/www.trait-tendance.com\/en\/prestigious-receptions\/corporate-receptions-in-paris-professional-top-of-the-range-organization\/\">receptions<\/a>. Trait&#8217;Tendance creates lighting, sound systems, scenery and ephemeral structures to suit your image.<\/span><\/p>\n<h2><a href=\"https:\/\/www.trait-tendance.com\/en\/event-provider\/artists-and-entertainment\/\">An<\/a><a href=\"https:\/\/www.trait-tendance.com\/en\/event-provider\/artists-and-entertainment\/\">imations<\/a><a href=\"https:\/\/www.trait-tendance.com\/en\/event-provider\/artists-and-entertainment\/\"> (Artists)<\/a><\/h2>\n<p>Trait&#8217;Tendance brings together the talents of a wide <a href=\"https:\/\/www.trait-tendance.com\/en\/event-provider\/artists-and-entertainment\/\">range of performers from a variety of backgrounds<\/a>. For one evening, they&#8217;ll make your event magical, lively and spectacular. Let yourself be amazed and transported by our selection of talented and original artists, rigorously chosen.<\/p>\n<h2><a href=\"https:\/\/www.trait-tendance.com\/en\/event-provider\/food-lab\/\">Food lab<\/a><\/h2>\n<p><span style=\"color: black;\">Because growing up means knowing how to innovate, Trait tendance is launching its first <a href=\"https:\/\/www.trait-tendance.com\/contact\/nos-locaux\/\">FOOD&#8217;Lab<\/a>, a shared kitchen space open to rental, so that everyone has the opportunity to try out new culinary experiments! Entrepreneur, culinary start-up&#8230; we open the doors of our <strong>shared laboratory<\/strong> to you!<\/span><\/p>\n<p><span style=\"color: #000000;\"><strong> <\/strong><\/span><\/p>\n<p>&nbsp;<\/p>\n","protected":false},"excerpt":{"rendered":"<p>Culinary creation Creativity and innovation are at the heart of our business! To support our teams in this approach, we opened a Culinary Design and Creation department 3 years ago. Led by our artistic director, this innovative department helps our customers create prestigious gastronomic events. Decoration For more than 20 years, Trait&#8216;Tendance has been designing [&hellip;]<\/p>\n","protected":false},"author":2,"featured_media":98732,"parent":0,"menu_order":0,"comment_status":"closed","ping_status":"closed","template":"page-archive.php","meta":{"footnotes":""},"class_list":["post-104292","page","type-page","status-publish","has-post-thumbnail","hentry"],"yoast_head":"<!-- This site is optimized with the Yoast SEO Premium plugin v27.4 (Yoast SEO v27.4) - https:\/\/yoast.com\/product\/yoast-seo-premium-wordpress\/ -->\n<title>Trait&#039;Tendance - Decoration and entertainment for events<\/title>\n<meta name=\"description\" content=\"For an unforgettable event experience, call on the services of \u2606Trait&#039;Tendance, experts in luxury events \u260e 01 41 14 03 03\" \/>\n<meta name=\"robots\" content=\"index, follow, max-snippet:-1, max-image-preview:large, max-video-preview:-1\" \/>\n<link rel=\"canonical\" href=\"https:\/\/www.trait-tendance.com\/en\/event-services\/\" \/>\n<meta property=\"og:locale\" content=\"en_GB\" \/>\n<meta property=\"og:type\" content=\"article\" \/>\n<meta property=\"og:title\" content=\"Event Services\" \/>\n<meta property=\"og:description\" content=\"For an unforgettable event experience, call on the services of \u2606Trait&#039;Tendance, experts in luxury events \u260e 01 41 14 03 03\" \/>\n<meta property=\"og:url\" content=\"https:\/\/www.trait-tendance.com\/en\/event-services\/\" \/>\n<meta property=\"og:site_name\" content=\"Trait&#039;Tendance\" \/>\n<meta property=\"article:publisher\" content=\"https:\/\/www.facebook.com\/TraitTendanceParis\/\" \/>\n<meta property=\"article:modified_time\" content=\"2024-01-10T15:51:55+00:00\" \/>\n<meta property=\"og:image\" content=\"https:\/\/www.trait-tendance.com\/wp-content\/uploads\/2018\/04\/Reception-prestige-exemple.jpg\" \/>\n\t<meta property=\"og:image:width\" content=\"834\" \/>\n\t<meta property=\"og:image:height\" content=\"625\" \/>\n\t<meta property=\"og:image:type\" content=\"image\/jpeg\" \/>\n<meta name=\"twitter:card\" content=\"summary_large_image\" \/>\n<meta name=\"twitter:site\" content=\"@TraitTendance\" \/>\n<meta name=\"twitter:label1\" content=\"Estimated reading time\" \/>\n\t<meta name=\"twitter:data1\" content=\"2 minutes\" \/>\n<script type=\"application\/ld+json\" class=\"yoast-schema-graph\">{\"@context\":\"https:\\\/\\\/schema.org\",\"@graph\":[{\"@type\":\"WebPage\",\"@id\":\"https:\\\/\\\/www.trait-tendance.com\\\/en\\\/event-services\\\/\",\"url\":\"https:\\\/\\\/www.trait-tendance.com\\\/en\\\/event-services\\\/\",\"name\":\"Trait'Tendance - Decoration and entertainment for events\",\"isPartOf\":{\"@id\":\"https:\\\/\\\/www.trait-tendance.com\\\/en\\\/#website\"},\"primaryImageOfPage\":{\"@id\":\"https:\\\/\\\/www.trait-tendance.com\\\/en\\\/event-services\\\/#primaryimage\"},\"image\":{\"@id\":\"https:\\\/\\\/www.trait-tendance.com\\\/en\\\/event-services\\\/#primaryimage\"},\"thumbnailUrl\":\"https:\\\/\\\/www.trait-tendance.com\\\/wp-content\\\/uploads\\\/2018\\\/04\\\/Reception-prestige-exemple.jpg\",\"datePublished\":\"2017-10-27T14:48:40+00:00\",\"dateModified\":\"2024-01-10T15:51:55+00:00\",\"description\":\"For an unforgettable event experience, call on the services of \u2606Trait'Tendance, experts in luxury events \u260e 01 41 14 03 03\",\"breadcrumb\":{\"@id\":\"https:\\\/\\\/www.trait-tendance.com\\\/en\\\/event-services\\\/#breadcrumb\"},\"inLanguage\":\"en-GB\",\"potentialAction\":[{\"@type\":\"ReadAction\",\"target\":[\"https:\\\/\\\/www.trait-tendance.com\\\/en\\\/event-services\\\/\"]}]},{\"@type\":\"ImageObject\",\"inLanguage\":\"en-GB\",\"@id\":\"https:\\\/\\\/www.trait-tendance.com\\\/en\\\/event-services\\\/#primaryimage\",\"url\":\"https:\\\/\\\/www.trait-tendance.com\\\/wp-content\\\/uploads\\\/2018\\\/04\\\/Reception-prestige-exemple.jpg\",\"contentUrl\":\"https:\\\/\\\/www.trait-tendance.com\\\/wp-content\\\/uploads\\\/2018\\\/04\\\/Reception-prestige-exemple.jpg\",\"width\":834,\"height\":625,\"caption\":\"location materiel de reception\"},{\"@type\":\"BreadcrumbList\",\"@id\":\"https:\\\/\\\/www.trait-tendance.com\\\/en\\\/event-services\\\/#breadcrumb\",\"itemListElement\":[{\"@type\":\"ListItem\",\"position\":1,\"name\":\"Accueil\",\"item\":\"https:\\\/\\\/www.trait-tendance.com\\\/en\\\/\"},{\"@type\":\"ListItem\",\"position\":2,\"name\":\"Event Services\"}]},{\"@type\":\"WebSite\",\"@id\":\"https:\\\/\\\/www.trait-tendance.com\\\/en\\\/#website\",\"url\":\"https:\\\/\\\/www.trait-tendance.com\\\/en\\\/\",\"name\":\"Trait'Tendance\",\"description\":\"Traiteur \u00e9v\u00e9nementiel haut de gamme \u00e0 Paris\",\"publisher\":{\"@id\":\"https:\\\/\\\/www.trait-tendance.com\\\/en\\\/#organization\"},\"potentialAction\":[{\"@type\":\"SearchAction\",\"target\":{\"@type\":\"EntryPoint\",\"urlTemplate\":\"https:\\\/\\\/www.trait-tendance.com\\\/en\\\/?s={search_term_string}\"},\"query-input\":{\"@type\":\"PropertyValueSpecification\",\"valueRequired\":true,\"valueName\":\"search_term_string\"}}],\"inLanguage\":\"en-GB\"},{\"@type\":\"Organization\",\"@id\":\"https:\\\/\\\/www.trait-tendance.com\\\/en\\\/#organization\",\"name\":\"Trait'Tendance\",\"url\":\"https:\\\/\\\/www.trait-tendance.com\\\/en\\\/\",\"logo\":{\"@type\":\"ImageObject\",\"inLanguage\":\"en-GB\",\"@id\":\"https:\\\/\\\/www.trait-tendance.com\\\/en\\\/#\\\/schema\\\/logo\\\/image\\\/\",\"url\":\"https:\\\/\\\/www.trait-tendance.com\\\/wp-content\\\/uploads\\\/2017\\\/08\\\/cropped-favicon.png\",\"contentUrl\":\"https:\\\/\\\/www.trait-tendance.com\\\/wp-content\\\/uploads\\\/2017\\\/08\\\/cropped-favicon.png\",\"width\":512,\"height\":512,\"caption\":\"Trait'Tendance\"},\"image\":{\"@id\":\"https:\\\/\\\/www.trait-tendance.com\\\/en\\\/#\\\/schema\\\/logo\\\/image\\\/\"},\"sameAs\":[\"https:\\\/\\\/www.facebook.com\\\/TraitTendanceParis\\\/\",\"https:\\\/\\\/x.com\\\/TraitTendance\",\"https:\\\/\\\/www.instagram.com\\\/traittendance\\\/\",\"https:\\\/\\\/www.linkedin.com\\\/company\\\/traittendance\",\"https:\\\/\\\/www.pinterest.com\\\/traiteurdeco\\\/boards\\\/\",\"https:\\\/\\\/www.youtube.com\\\/channel\\\/UCWDoSOcaJjMCiGrJ6cddZMA\\\/videos\"]}]}<\/script>\n<!-- \/ Yoast SEO Premium plugin. -->","yoast_head_json":{"title":"Trait'Tendance - Decoration and entertainment for events","description":"For an unforgettable event experience, call on the services of \u2606Trait'Tendance, experts in luxury events \u260e 01 41 14 03 03","robots":{"index":"index","follow":"follow","max-snippet":"max-snippet:-1","max-image-preview":"max-image-preview:large","max-video-preview":"max-video-preview:-1"},"canonical":"https:\/\/www.trait-tendance.com\/en\/event-services\/","og_locale":"en_GB","og_type":"article","og_title":"Event Services","og_description":"For an unforgettable event experience, call on the services of \u2606Trait'Tendance, experts in luxury events \u260e 01 41 14 03 03","og_url":"https:\/\/www.trait-tendance.com\/en\/event-services\/","og_site_name":"Trait&#039;Tendance","article_publisher":"https:\/\/www.facebook.com\/TraitTendanceParis\/","article_modified_time":"2024-01-10T15:51:55+00:00","og_image":[{"width":834,"height":625,"url":"https:\/\/www.trait-tendance.com\/wp-content\/uploads\/2018\/04\/Reception-prestige-exemple.jpg","type":"image\/jpeg"}],"twitter_card":"summary_large_image","twitter_site":"@TraitTendance","twitter_misc":{"Estimated reading time":"2 minutes"},"schema":{"@context":"https:\/\/schema.org","@graph":[{"@type":"WebPage","@id":"https:\/\/www.trait-tendance.com\/en\/event-services\/","url":"https:\/\/www.trait-tendance.com\/en\/event-services\/","name":"Trait'Tendance - Decoration and entertainment for events","isPartOf":{"@id":"https:\/\/www.trait-tendance.com\/en\/#website"},"primaryImageOfPage":{"@id":"https:\/\/www.trait-tendance.com\/en\/event-services\/#primaryimage"},"image":{"@id":"https:\/\/www.trait-tendance.com\/en\/event-services\/#primaryimage"},"thumbnailUrl":"https:\/\/www.trait-tendance.com\/wp-content\/uploads\/2018\/04\/Reception-prestige-exemple.jpg","datePublished":"2017-10-27T14:48:40+00:00","dateModified":"2024-01-10T15:51:55+00:00","description":"For an unforgettable event experience, call on the services of \u2606Trait'Tendance, experts in luxury events \u260e 01 41 14 03 03","breadcrumb":{"@id":"https:\/\/www.trait-tendance.com\/en\/event-services\/#breadcrumb"},"inLanguage":"en-GB","potentialAction":[{"@type":"ReadAction","target":["https:\/\/www.trait-tendance.com\/en\/event-services\/"]}]},{"@type":"ImageObject","inLanguage":"en-GB","@id":"https:\/\/www.trait-tendance.com\/en\/event-services\/#primaryimage","url":"https:\/\/www.trait-tendance.com\/wp-content\/uploads\/2018\/04\/Reception-prestige-exemple.jpg","contentUrl":"https:\/\/www.trait-tendance.com\/wp-content\/uploads\/2018\/04\/Reception-prestige-exemple.jpg","width":834,"height":625,"caption":"location materiel de reception"},{"@type":"BreadcrumbList","@id":"https:\/\/www.trait-tendance.com\/en\/event-services\/#breadcrumb","itemListElement":[{"@type":"ListItem","position":1,"name":"Accueil","item":"https:\/\/www.trait-tendance.com\/en\/"},{"@type":"ListItem","position":2,"name":"Event Services"}]},{"@type":"WebSite","@id":"https:\/\/www.trait-tendance.com\/en\/#website","url":"https:\/\/www.trait-tendance.com\/en\/","name":"Trait'Tendance","description":"Traiteur \u00e9v\u00e9nementiel haut de gamme \u00e0 Paris","publisher":{"@id":"https:\/\/www.trait-tendance.com\/en\/#organization"},"potentialAction":[{"@type":"SearchAction","target":{"@type":"EntryPoint","urlTemplate":"https:\/\/www.trait-tendance.com\/en\/?s={search_term_string}"},"query-input":{"@type":"PropertyValueSpecification","valueRequired":true,"valueName":"search_term_string"}}],"inLanguage":"en-GB"},{"@type":"Organization","@id":"https:\/\/www.trait-tendance.com\/en\/#organization","name":"Trait'Tendance","url":"https:\/\/www.trait-tendance.com\/en\/","logo":{"@type":"ImageObject","inLanguage":"en-GB","@id":"https:\/\/www.trait-tendance.com\/en\/#\/schema\/logo\/image\/","url":"https:\/\/www.trait-tendance.com\/wp-content\/uploads\/2017\/08\/cropped-favicon.png","contentUrl":"https:\/\/www.trait-tendance.com\/wp-content\/uploads\/2017\/08\/cropped-favicon.png","width":512,"height":512,"caption":"Trait'Tendance"},"image":{"@id":"https:\/\/www.trait-tendance.com\/en\/#\/schema\/logo\/image\/"},"sameAs":["https:\/\/www.facebook.com\/TraitTendanceParis\/","https:\/\/x.com\/TraitTendance","https:\/\/www.instagram.com\/traittendance\/","https:\/\/www.linkedin.com\/company\/traittendance","https:\/\/www.pinterest.com\/traiteurdeco\/boards\/","https:\/\/www.youtube.com\/channel\/UCWDoSOcaJjMCiGrJ6cddZMA\/videos"]}]}},"_links":{"self":[{"href":"https:\/\/www.trait-tendance.com\/en\/wp-json\/wp\/v2\/pages\/104292","targetHints":{"allow":["GET"]}}],"collection":[{"href":"https:\/\/www.trait-tendance.com\/en\/wp-json\/wp\/v2\/pages"}],"about":[{"href":"https:\/\/www.trait-tendance.com\/en\/wp-json\/wp\/v2\/types\/page"}],"author":[{"embeddable":true,"href":"https:\/\/www.trait-tendance.com\/en\/wp-json\/wp\/v2\/users\/2"}],"replies":[{"embeddable":true,"href":"https:\/\/www.trait-tendance.com\/en\/wp-json\/wp\/v2\/comments?post=104292"}],"version-history":[{"count":0,"href":"https:\/\/www.trait-tendance.com\/en\/wp-json\/wp\/v2\/pages\/104292\/revisions"}],"wp:featuredmedia":[{"embeddable":true,"href":"https:\/\/www.trait-tendance.com\/en\/wp-json\/wp\/v2\/media\/98732"}],"wp:attachment":[{"href":"https:\/\/www.trait-tendance.com\/en\/wp-json\/wp\/v2\/media?parent=104292"}],"curies":[{"name":"wp","href":"https:\/\/api.w.org\/{rel}","templated":true}]}}