{"id":104294,"date":"2017-10-26T16:58:31","date_gmt":"2017-10-26T14:58:31","guid":{"rendered":"https:\/\/www.trait-tendance.com\/privatization-of-premises\/"},"modified":"2024-01-16T08:51:25","modified_gmt":"2024-01-16T07:51:25","slug":"privatization-of-premises","status":"publish","type":"page","link":"https:\/\/www.trait-tendance.com\/en\/privatization-of-premises\/","title":{"rendered":"Venue privatization"},"content":{"rendered":"<h2>Exceptional venues for your business events<\/h2>\n<p>With over 15 years&#8217; experience, Trait&#8217;Tendance has referenced more than <strong>1,000 exceptional venues<\/strong> in Paris and the Paris region. Whether you&#8217;re looking for  <a href=\"https:\/\/www.trait-tendance.com\/en\/prestigious-receptions\/museum-evenings\/\">museums<\/a> <a href=\"https:\/\/www.trait-tendance.com\/en\/room-rental\/art-galleries\/\">galleries<\/a> <a href=\"https:\/\/www.trait-tendance.com\/en\/room-rental\/castles\/\">castles<\/a> <a href=\"https:\/\/www.trait-tendance.com\/en\/room-rental\/private-hotels\/\">private mansions<\/a>, lofts  <a href=\"https:\/\/www.trait-tendance.com\/en\/room-rental\/private-apartments\/\">private apartments<\/a> <a href=\"https:\/\/www.trait-tendance.com\/en\/room-rental\/concert-halls\/theater-rentals\/\">theaters<\/a>, convention centres, and theatres.  <a href=\"https:\/\/www.trait-tendance.com\/en\/room-rental\/parks-gardens\/\">gardens and parks<\/a>, <a href=\"https:\/\/www.trait-tendance.com\/en\/room-rental\/ephemeral-places\/\">ephemeral venues<\/a>, <a href=\"https:\/\/www.trait-tendance.com\/en\/room-rental\/barge-boat-rental\/\">boats or bar<\/a>ges, restaurants or night spots, <a href=\"https:\/\/www.trait-tendance.com\/en\/room-rental\/terrace-privatization\/\">private terraces<\/a> or <a href=\"https:\/\/www.trait-tendance.com\/en\/room-rental\/private-rooftops\/\">rooftops to privatize<\/a>, we open the doors to these atypical places and help you find the ideal venue for your next corporate event.<\/p>\n<h2>A unique search engine for professional room rentals<\/h2>\n<p>To help you find the ideal venue for your next business event, Trait&#8217;Tendance has created a unique, intelligent and innovative venue search system. Thanks to this search engine, you can easily find, among more than 1,000 venues, the most suitable room rental for your next event, whether it&#8217;s a  <a href=\"https:\/\/www.trait-tendance.com\/en\/luxury-caterer\/breakfast-caterer\/\">breakfast<\/a>a press conference, a  <a href=\"https:\/\/www.trait-tendance.com\/en\/prestigious-receptions\/corporate-receptions-in-paris-professional-top-of-the-range-organization\/event-driven-product-launches\/\">product launch<\/a>a  <a href=\"https:\/\/www.trait-tendance.com\/receptions-de-prestige\/diner-de-gala\/\">gala dinner<\/a>a  <a href=\"https:\/\/www.trait-tendance.com\/en\/prestigious-receptions\/corporate-receptions-in-paris-professional-top-of-the-range-organization\/christmas-and-new-year-parties-for-your-company\/\">end-of-year party<\/a>  or other private parties.<\/p>\n<h2>Tailor-made support for your business event<\/h2>\n<p>Trait&#8217;Tendance has a department entirely dedicated to venue rental and privatization requests. We&#8217;re constantly on the lookout for new trends and the most unusual and confidential places in and around Paris. Every day, we list new event venues to offer you a wide choice of unique rooms and venues. Our team of experts can also help you find the ideal venue for your business event.<\/p>\n","protected":false},"excerpt":{"rendered":"<p>Exceptional venues for your business events With over 15 years&#8217; experience, Trait&#8217;Tendance has referenced more than 1,000 exceptional venues in Paris and the Paris region. Whether you&#8217;re looking for museums galleries castles private mansions, lofts private apartments theaters, convention centres, and theatres. gardens and parks, ephemeral venues, boats or barges, restaurants or night spots, private [&hellip;]<\/p>\n","protected":false},"author":2,"featured_media":98128,"parent":0,"menu_order":0,"comment_status":"closed","ping_status":"closed","template":"page-archive.php","meta":{"footnotes":""},"class_list":["post-104294","page","type-page","status-publish","has-post-thumbnail","hentry"],"yoast_head":"<!-- This site is optimized with the Yoast SEO Premium plugin v27.4 (Yoast SEO v27.5) - https:\/\/yoast.com\/product\/yoast-seo-premium-wordpress\/ -->\n<title>Hall rental for all your events - Trait&#039;Tendance<\/title>\n<meta name=\"description\" content=\"Trait&#039;Tendance can help you find the ideal venue for all your events \u2713 Atypical venues \u2713 Prestigious venues \u260e 01 41 14 03 03\" \/>\n<meta name=\"robots\" content=\"index, follow, max-snippet:-1, max-image-preview:large, max-video-preview:-1\" \/>\n<link rel=\"canonical\" href=\"https:\/\/www.trait-tendance.com\/en\/privatization-of-premises\/\" \/>\n<meta property=\"og:locale\" content=\"en_GB\" \/>\n<meta property=\"og:type\" content=\"article\" \/>\n<meta property=\"og:title\" content=\"Venue privatization\" \/>\n<meta property=\"og:description\" content=\"Trait&#039;Tendance can help you find the ideal venue for all your events \u2713 Atypical venues \u2713 Prestigious venues \u260e 01 41 14 03 03\" \/>\n<meta property=\"og:url\" content=\"https:\/\/www.trait-tendance.com\/en\/privatization-of-premises\/\" \/>\n<meta property=\"og:site_name\" content=\"Trait&#039;Tendance\" \/>\n<meta property=\"article:publisher\" content=\"https:\/\/www.facebook.com\/TraitTendanceParis\/\" \/>\n<meta property=\"article:modified_time\" content=\"2024-01-16T07:51:25+00:00\" \/>\n<meta property=\"og:image\" content=\"https:\/\/www.trait-tendance.com\/wp-content\/uploads\/2018\/03\/49A3897.jpg\" \/>\n\t<meta property=\"og:image:width\" content=\"1200\" \/>\n\t<meta property=\"og:image:height\" content=\"900\" \/>\n\t<meta property=\"og:image:type\" content=\"image\/jpeg\" \/>\n<meta name=\"twitter:card\" content=\"summary_large_image\" \/>\n<meta name=\"twitter:site\" content=\"@TraitTendance\" \/>\n<meta name=\"twitter:label1\" content=\"Estimated reading time\" \/>\n\t<meta name=\"twitter:data1\" content=\"1 minute\" \/>\n<script type=\"application\/ld+json\" class=\"yoast-schema-graph\">{\"@context\":\"https:\\\/\\\/schema.org\",\"@graph\":[{\"@type\":\"WebPage\",\"@id\":\"https:\\\/\\\/www.trait-tendance.com\\\/en\\\/privatization-of-premises\\\/\",\"url\":\"https:\\\/\\\/www.trait-tendance.com\\\/en\\\/privatization-of-premises\\\/\",\"name\":\"Hall rental for all your events - Trait'Tendance\",\"isPartOf\":{\"@id\":\"https:\\\/\\\/www.trait-tendance.com\\\/en\\\/#website\"},\"primaryImageOfPage\":{\"@id\":\"https:\\\/\\\/www.trait-tendance.com\\\/en\\\/privatization-of-premises\\\/#primaryimage\"},\"image\":{\"@id\":\"https:\\\/\\\/www.trait-tendance.com\\\/en\\\/privatization-of-premises\\\/#primaryimage\"},\"thumbnailUrl\":\"https:\\\/\\\/www.trait-tendance.com\\\/wp-content\\\/uploads\\\/2018\\\/03\\\/49A3897.jpg\",\"datePublished\":\"2017-10-26T14:58:31+00:00\",\"dateModified\":\"2024-01-16T07:51:25+00:00\",\"description\":\"Trait'Tendance can help you find the ideal venue for all your events \u2713 Atypical venues \u2713 Prestigious venues \u260e 01 41 14 03 03\",\"breadcrumb\":{\"@id\":\"https:\\\/\\\/www.trait-tendance.com\\\/en\\\/privatization-of-premises\\\/#breadcrumb\"},\"inLanguage\":\"en-GB\",\"potentialAction\":[{\"@type\":\"ReadAction\",\"target\":[\"https:\\\/\\\/www.trait-tendance.com\\\/en\\\/privatization-of-premises\\\/\"]}]},{\"@type\":\"ImageObject\",\"inLanguage\":\"en-GB\",\"@id\":\"https:\\\/\\\/www.trait-tendance.com\\\/en\\\/privatization-of-premises\\\/#primaryimage\",\"url\":\"https:\\\/\\\/www.trait-tendance.com\\\/wp-content\\\/uploads\\\/2018\\\/03\\\/49A3897.jpg\",\"contentUrl\":\"https:\\\/\\\/www.trait-tendance.com\\\/wp-content\\\/uploads\\\/2018\\\/03\\\/49A3897.jpg\",\"width\":1200,\"height\":900},{\"@type\":\"BreadcrumbList\",\"@id\":\"https:\\\/\\\/www.trait-tendance.com\\\/en\\\/privatization-of-premises\\\/#breadcrumb\",\"itemListElement\":[{\"@type\":\"ListItem\",\"position\":1,\"name\":\"Accueil\",\"item\":\"https:\\\/\\\/www.trait-tendance.com\\\/en\\\/\"},{\"@type\":\"ListItem\",\"position\":2,\"name\":\"Venue privatization\"}]},{\"@type\":\"WebSite\",\"@id\":\"https:\\\/\\\/www.trait-tendance.com\\\/en\\\/#website\",\"url\":\"https:\\\/\\\/www.trait-tendance.com\\\/en\\\/\",\"name\":\"Trait'Tendance\",\"description\":\"Traiteur \u00e9v\u00e9nementiel haut de gamme \u00e0 Paris\",\"publisher\":{\"@id\":\"https:\\\/\\\/www.trait-tendance.com\\\/en\\\/#organization\"},\"potentialAction\":[{\"@type\":\"SearchAction\",\"target\":{\"@type\":\"EntryPoint\",\"urlTemplate\":\"https:\\\/\\\/www.trait-tendance.com\\\/en\\\/?s={search_term_string}\"},\"query-input\":{\"@type\":\"PropertyValueSpecification\",\"valueRequired\":true,\"valueName\":\"search_term_string\"}}],\"inLanguage\":\"en-GB\"},{\"@type\":\"Organization\",\"@id\":\"https:\\\/\\\/www.trait-tendance.com\\\/en\\\/#organization\",\"name\":\"Trait'Tendance\",\"url\":\"https:\\\/\\\/www.trait-tendance.com\\\/en\\\/\",\"logo\":{\"@type\":\"ImageObject\",\"inLanguage\":\"en-GB\",\"@id\":\"https:\\\/\\\/www.trait-tendance.com\\\/en\\\/#\\\/schema\\\/logo\\\/image\\\/\",\"url\":\"https:\\\/\\\/www.trait-tendance.com\\\/wp-content\\\/uploads\\\/2017\\\/08\\\/cropped-favicon.png\",\"contentUrl\":\"https:\\\/\\\/www.trait-tendance.com\\\/wp-content\\\/uploads\\\/2017\\\/08\\\/cropped-favicon.png\",\"width\":512,\"height\":512,\"caption\":\"Trait'Tendance\"},\"image\":{\"@id\":\"https:\\\/\\\/www.trait-tendance.com\\\/en\\\/#\\\/schema\\\/logo\\\/image\\\/\"},\"sameAs\":[\"https:\\\/\\\/www.facebook.com\\\/TraitTendanceParis\\\/\",\"https:\\\/\\\/x.com\\\/TraitTendance\",\"https:\\\/\\\/www.instagram.com\\\/traittendance\\\/\",\"https:\\\/\\\/www.linkedin.com\\\/company\\\/traittendance\",\"https:\\\/\\\/www.pinterest.com\\\/traiteurdeco\\\/boards\\\/\",\"https:\\\/\\\/www.youtube.com\\\/channel\\\/UCWDoSOcaJjMCiGrJ6cddZMA\\\/videos\"]}]}<\/script>\n<!-- \/ Yoast SEO Premium plugin. -->","yoast_head_json":{"title":"Hall rental for all your events - Trait'Tendance","description":"Trait'Tendance can help you find the ideal venue for all your events \u2713 Atypical venues \u2713 Prestigious venues \u260e 01 41 14 03 03","robots":{"index":"index","follow":"follow","max-snippet":"max-snippet:-1","max-image-preview":"max-image-preview:large","max-video-preview":"max-video-preview:-1"},"canonical":"https:\/\/www.trait-tendance.com\/en\/privatization-of-premises\/","og_locale":"en_GB","og_type":"article","og_title":"Venue privatization","og_description":"Trait'Tendance can help you find the ideal venue for all your events \u2713 Atypical venues \u2713 Prestigious venues \u260e 01 41 14 03 03","og_url":"https:\/\/www.trait-tendance.com\/en\/privatization-of-premises\/","og_site_name":"Trait&#039;Tendance","article_publisher":"https:\/\/www.facebook.com\/TraitTendanceParis\/","article_modified_time":"2024-01-16T07:51:25+00:00","og_image":[{"width":1200,"height":900,"url":"https:\/\/www.trait-tendance.com\/wp-content\/uploads\/2018\/03\/49A3897.jpg","type":"image\/jpeg"}],"twitter_card":"summary_large_image","twitter_site":"@TraitTendance","twitter_misc":{"Estimated reading time":"1 minute"},"schema":{"@context":"https:\/\/schema.org","@graph":[{"@type":"WebPage","@id":"https:\/\/www.trait-tendance.com\/en\/privatization-of-premises\/","url":"https:\/\/www.trait-tendance.com\/en\/privatization-of-premises\/","name":"Hall rental for all your events - Trait'Tendance","isPartOf":{"@id":"https:\/\/www.trait-tendance.com\/en\/#website"},"primaryImageOfPage":{"@id":"https:\/\/www.trait-tendance.com\/en\/privatization-of-premises\/#primaryimage"},"image":{"@id":"https:\/\/www.trait-tendance.com\/en\/privatization-of-premises\/#primaryimage"},"thumbnailUrl":"https:\/\/www.trait-tendance.com\/wp-content\/uploads\/2018\/03\/49A3897.jpg","datePublished":"2017-10-26T14:58:31+00:00","dateModified":"2024-01-16T07:51:25+00:00","description":"Trait'Tendance can help you find the ideal venue for all your events \u2713 Atypical venues \u2713 Prestigious venues \u260e 01 41 14 03 03","breadcrumb":{"@id":"https:\/\/www.trait-tendance.com\/en\/privatization-of-premises\/#breadcrumb"},"inLanguage":"en-GB","potentialAction":[{"@type":"ReadAction","target":["https:\/\/www.trait-tendance.com\/en\/privatization-of-premises\/"]}]},{"@type":"ImageObject","inLanguage":"en-GB","@id":"https:\/\/www.trait-tendance.com\/en\/privatization-of-premises\/#primaryimage","url":"https:\/\/www.trait-tendance.com\/wp-content\/uploads\/2018\/03\/49A3897.jpg","contentUrl":"https:\/\/www.trait-tendance.com\/wp-content\/uploads\/2018\/03\/49A3897.jpg","width":1200,"height":900},{"@type":"BreadcrumbList","@id":"https:\/\/www.trait-tendance.com\/en\/privatization-of-premises\/#breadcrumb","itemListElement":[{"@type":"ListItem","position":1,"name":"Accueil","item":"https:\/\/www.trait-tendance.com\/en\/"},{"@type":"ListItem","position":2,"name":"Venue privatization"}]},{"@type":"WebSite","@id":"https:\/\/www.trait-tendance.com\/en\/#website","url":"https:\/\/www.trait-tendance.com\/en\/","name":"Trait'Tendance","description":"Traiteur \u00e9v\u00e9nementiel haut de gamme \u00e0 Paris","publisher":{"@id":"https:\/\/www.trait-tendance.com\/en\/#organization"},"potentialAction":[{"@type":"SearchAction","target":{"@type":"EntryPoint","urlTemplate":"https:\/\/www.trait-tendance.com\/en\/?s={search_term_string}"},"query-input":{"@type":"PropertyValueSpecification","valueRequired":true,"valueName":"search_term_string"}}],"inLanguage":"en-GB"},{"@type":"Organization","@id":"https:\/\/www.trait-tendance.com\/en\/#organization","name":"Trait'Tendance","url":"https:\/\/www.trait-tendance.com\/en\/","logo":{"@type":"ImageObject","inLanguage":"en-GB","@id":"https:\/\/www.trait-tendance.com\/en\/#\/schema\/logo\/image\/","url":"https:\/\/www.trait-tendance.com\/wp-content\/uploads\/2017\/08\/cropped-favicon.png","contentUrl":"https:\/\/www.trait-tendance.com\/wp-content\/uploads\/2017\/08\/cropped-favicon.png","width":512,"height":512,"caption":"Trait'Tendance"},"image":{"@id":"https:\/\/www.trait-tendance.com\/en\/#\/schema\/logo\/image\/"},"sameAs":["https:\/\/www.facebook.com\/TraitTendanceParis\/","https:\/\/x.com\/TraitTendance","https:\/\/www.instagram.com\/traittendance\/","https:\/\/www.linkedin.com\/company\/traittendance","https:\/\/www.pinterest.com\/traiteurdeco\/boards\/","https:\/\/www.youtube.com\/channel\/UCWDoSOcaJjMCiGrJ6cddZMA\/videos"]}]}},"_links":{"self":[{"href":"https:\/\/www.trait-tendance.com\/en\/wp-json\/wp\/v2\/pages\/104294","targetHints":{"allow":["GET"]}}],"collection":[{"href":"https:\/\/www.trait-tendance.com\/en\/wp-json\/wp\/v2\/pages"}],"about":[{"href":"https:\/\/www.trait-tendance.com\/en\/wp-json\/wp\/v2\/types\/page"}],"author":[{"embeddable":true,"href":"https:\/\/www.trait-tendance.com\/en\/wp-json\/wp\/v2\/users\/2"}],"replies":[{"embeddable":true,"href":"https:\/\/www.trait-tendance.com\/en\/wp-json\/wp\/v2\/comments?post=104294"}],"version-history":[{"count":0,"href":"https:\/\/www.trait-tendance.com\/en\/wp-json\/wp\/v2\/pages\/104294\/revisions"}],"wp:featuredmedia":[{"embeddable":true,"href":"https:\/\/www.trait-tendance.com\/en\/wp-json\/wp\/v2\/media\/98128"}],"wp:attachment":[{"href":"https:\/\/www.trait-tendance.com\/en\/wp-json\/wp\/v2\/media?parent=104294"}],"curies":[{"name":"wp","href":"https:\/\/api.w.org\/{rel}","templated":true}]}}