{"id":104305,"date":"2020-02-19T10:15:36","date_gmt":"2020-02-19T09:15:36","guid":{"rendered":"https:\/\/www.trait-tendance.com\/our-software\/"},"modified":"2024-01-10T16:51:13","modified_gmt":"2024-01-10T15:51:13","slug":"our-software","status":"publish","type":"page","link":"https:\/\/www.trait-tendance.com\/en\/our-software\/","title":{"rendered":"Our software"},"content":{"rendered":"<h2><span lang=\"FR-FR\" xml:lang=\"FR-FR\" data-contrast=\"auto\">Technology at the service of our business  <\/span><\/h2>\n<p><span data-contrast=\"auto\">Since our creation, we have sought to respond to event design issues and to <a href=\"https:\/\/www.letmedo.fr\/creer-des-evenements-cles-en-main\/\"><br \/>\n  <strong>facilitate exchanges<\/strong><br \/>\n<\/a> with our customers and partners.  <\/span><span data-ccp-props=\"{\"201341983\":0,\"335559739\":160,\"335559740\":240}\"> <\/span><\/p>\n<p><span data-contrast=\"auto\">The result is a <strong>marketplace<\/strong> that is constantly evolving: <\/span><span data-contrast=\"auto\">LetMeDo<\/span><span data-contrast=\"auto\">. <\/span><span data-contrast=\"auto\">Developed over<\/span><span data-contrast=\"auto\"> over 10 years, it is the <strong>first software<\/strong> to digitalize the event organizer&#8217;s profession by optimizing the use of a database that grows richer every day:<\/span><span data-ccp-props=\"{\"201341983\":0,\"335559739\":160,\"335559740\":240}\"> <\/span><\/p>\n<p><span data-contrast=\"auto\">\u27a4<\/span><span data-contrast=\"auto\"> <strong>more than <a href=\"https:\/\/www.trait-tendance.com\/en\/request-for-a-quote\/\">1800 locations<\/a> referenced <\/strong>, rated and connected in real time to our software<\/span><\/p>\n<p><span data-contrast=\"auto\">\u27a4350<\/span><strong>prestigious <a href=\"https:\/\/www.trait-tendance.com\/en\/our-suppliers\/\">suppliers<\/a> and <a href=\"https:\/\/www.trait-tendance.com\/en\/event-services\/\">service providers<\/a><\/strong>covering all event-related trades: producers, breeders, florists, artists&#8230;<\/p>\n<p><span data-contrast=\"auto\">\u27a45000<\/span><strong>products<\/strong>tested, referenced and constantly renewed<\/p>\n<ul>\n<li><strong>A culinary design and creation service<\/strong> run by a team of seasoned professionals, to offer creative, made-to-measure menus and cocktails.<\/li>\n<li><strong>A logistics platform<\/strong> of over 700m2, ideally located just outside Paris<\/li>\n<\/ul>\n<p><span data-ccp-props=\"{\"201341983\":0,\"335559739\":160,\"335559740\":240}\"> <\/span><span data-contrast=\"auto\">Thanks to this <strong>unique tool<\/strong>, in which over <strong>two million<\/strong> euros have been invested and which has been eligible for the <strong>innovation tax credit<\/strong> for 6 years, Trait&#8217;Tendance produces over <a href=\"https:\/\/www.trait-tendance.com\/en\/prestigious-receptions\/\">500<\/a>perfectly orchestrated turnkey <a href=\"https:\/\/www.trait-tendance.com\/en\/prestigious-receptions\/\">events<\/a>every year.<\/span><span data-ccp-props=\"{\"201341983\":0,\"335559739\":160,\"335559740\":240}\"> <\/span><\/p>\n<p><span data-contrast=\"auto\">LetMeDo&#8217;s cross-functional, multi-disciplinary approach makes it possible to <strong>manage a<\/strong> successful <strong>event<\/strong>, from the creation of an initial <a href=\"https:\/\/www.trait-tendance.com\/en\/request-for-a-quote\/\">quote<\/a> to the completion of your project.<\/span><span data-ccp-props=\"{\"201341983\":0,\"335559739\":160,\"335559740\":240}\"> <\/span><\/p>\n<p>In 2020, against a backdrop of economic crisis, Trait&#8217;Tendance is opening up its market place to<strong>all event industry players<\/strong>. Advertisers, agencies, venues, freelancers&#8230; now have access to all LetMeDo&#8217;s functionalities, with no right of entry. A revolution is underway!<\/p>\n<h2><i class=\"wp-svg-custom-icone-eco-responsable icone-eco-responsable\"><\/i>  CSR approach<\/h2>\n<p><span data-contrast=\"auto\">\u27a4 <\/span><strong>Home Green Home:<\/strong> Our website host is Green (verified by &#8220;The Green web foundation&#8221; simulator)<\/p>\n<p><span data-contrast=\"auto\">\u27a4 <\/span><strong>Paperless:<\/strong> our fully digital tool has enabled us to reduce our paper consumption by more than 90%.<\/p>\n<p><span data-contrast=\"auto\">\u27a4 <\/span><strong>Limiting digital pollution:<\/strong> high-performance anti-spam software is installed on every one of our computers. We prefer to send our documents via our Letmedo platform and communicate via our Chat to reduce the pollution associated with sending attachments and e-mails.<\/p>\n<p>\u27a4 <span data-contrast=\"auto\">O <\/span><strong>rdering by the millimeter:<\/strong> our LetMeDo software lists over a thousand &#8220;product&#8221; data sheets, which calculate our raw material requirements down to the gram. Thanks to these meticulous orders, we reduce our stocks to a minimum. At the end of a production day, our cold rooms are empty.<\/p>\n<p>&nbsp;<\/p>\n<p>Discover our event planning facilitator at: <a href=\"http:\/\/marketplace.letmedo.fr\/\">marketplace.letmedo.fr<\/a><\/p>\n","protected":false},"excerpt":{"rendered":"<p>Technology at the service of our business Since our creation, we have sought to respond to event design issues and to facilitate exchanges with our customers and partners. The result is a marketplace that is constantly evolving: LetMeDo. Developed over over 10 years, it is the first software to digitalize the event organizer&#8217;s profession by [&hellip;]<\/p>\n","protected":false},"author":16,"featured_media":101796,"parent":0,"menu_order":0,"comment_status":"closed","ping_status":"closed","template":"page-with-slideshow.php","meta":{"footnotes":""},"class_list":["post-104305","page","type-page","status-publish","has-post-thumbnail","hentry"],"yoast_head":"<!-- This site is optimized with the Yoast SEO Premium plugin v27.4 (Yoast SEO v27.4) - https:\/\/yoast.com\/product\/yoast-seo-premium-wordpress\/ -->\n<title>Our software - Trait&#039;Tendance<\/title>\n<meta name=\"robots\" content=\"index, follow, max-snippet:-1, max-image-preview:large, max-video-preview:-1\" \/>\n<link rel=\"canonical\" href=\"https:\/\/www.trait-tendance.com\/en\/our-software\/\" \/>\n<meta property=\"og:locale\" content=\"en_GB\" \/>\n<meta property=\"og:type\" content=\"article\" \/>\n<meta property=\"og:title\" content=\"Our software\" \/>\n<meta property=\"og:description\" content=\"Technology at the service of our business Since our creation, we have sought to respond to event design issues and to facilitate exchanges with our customers and partners. The result is a marketplace that is constantly evolving: LetMeDo. Developed over over 10 years, it is the first software to digitalize the event organizer&#8217;s profession by [&hellip;]\" \/>\n<meta property=\"og:url\" content=\"https:\/\/www.trait-tendance.com\/en\/our-software\/\" \/>\n<meta property=\"og:site_name\" content=\"Trait&#039;Tendance\" \/>\n<meta property=\"article:publisher\" content=\"https:\/\/www.facebook.com\/TraitTendanceParis\/\" \/>\n<meta property=\"article:modified_time\" content=\"2024-01-10T15:51:13+00:00\" \/>\n<meta property=\"og:image\" content=\"https:\/\/www.trait-tendance.com\/wp-content\/uploads\/2020\/02\/ordi-4.png\" \/>\n\t<meta property=\"og:image:width\" content=\"1631\" \/>\n\t<meta property=\"og:image:height\" content=\"1150\" \/>\n\t<meta property=\"og:image:type\" content=\"image\/png\" \/>\n<meta name=\"twitter:card\" content=\"summary_large_image\" \/>\n<meta name=\"twitter:site\" content=\"@TraitTendance\" \/>\n<meta name=\"twitter:label1\" content=\"Estimated reading time\" \/>\n\t<meta name=\"twitter:data1\" content=\"2 minutes\" \/>\n<script type=\"application\/ld+json\" class=\"yoast-schema-graph\">{\"@context\":\"https:\\\/\\\/schema.org\",\"@graph\":[{\"@type\":\"WebPage\",\"@id\":\"https:\\\/\\\/www.trait-tendance.com\\\/en\\\/our-software\\\/\",\"url\":\"https:\\\/\\\/www.trait-tendance.com\\\/en\\\/our-software\\\/\",\"name\":\"Our software - Trait&#039;Tendance\",\"isPartOf\":{\"@id\":\"https:\\\/\\\/www.trait-tendance.com\\\/en\\\/#website\"},\"primaryImageOfPage\":{\"@id\":\"https:\\\/\\\/www.trait-tendance.com\\\/en\\\/our-software\\\/#primaryimage\"},\"image\":{\"@id\":\"https:\\\/\\\/www.trait-tendance.com\\\/en\\\/our-software\\\/#primaryimage\"},\"thumbnailUrl\":\"https:\\\/\\\/www.trait-tendance.com\\\/wp-content\\\/uploads\\\/2020\\\/02\\\/ordi-4.png\",\"datePublished\":\"2020-02-19T09:15:36+00:00\",\"dateModified\":\"2024-01-10T15:51:13+00:00\",\"breadcrumb\":{\"@id\":\"https:\\\/\\\/www.trait-tendance.com\\\/en\\\/our-software\\\/#breadcrumb\"},\"inLanguage\":\"en-GB\",\"potentialAction\":[{\"@type\":\"ReadAction\",\"target\":[\"https:\\\/\\\/www.trait-tendance.com\\\/en\\\/our-software\\\/\"]}]},{\"@type\":\"ImageObject\",\"inLanguage\":\"en-GB\",\"@id\":\"https:\\\/\\\/www.trait-tendance.com\\\/en\\\/our-software\\\/#primaryimage\",\"url\":\"https:\\\/\\\/www.trait-tendance.com\\\/wp-content\\\/uploads\\\/2020\\\/02\\\/ordi-4.png\",\"contentUrl\":\"https:\\\/\\\/www.trait-tendance.com\\\/wp-content\\\/uploads\\\/2020\\\/02\\\/ordi-4.png\",\"width\":1631,\"height\":1150},{\"@type\":\"BreadcrumbList\",\"@id\":\"https:\\\/\\\/www.trait-tendance.com\\\/en\\\/our-software\\\/#breadcrumb\",\"itemListElement\":[{\"@type\":\"ListItem\",\"position\":1,\"name\":\"Accueil\",\"item\":\"https:\\\/\\\/www.trait-tendance.com\\\/en\\\/\"},{\"@type\":\"ListItem\",\"position\":2,\"name\":\"Our software\"}]},{\"@type\":\"WebSite\",\"@id\":\"https:\\\/\\\/www.trait-tendance.com\\\/en\\\/#website\",\"url\":\"https:\\\/\\\/www.trait-tendance.com\\\/en\\\/\",\"name\":\"Trait'Tendance\",\"description\":\"Traiteur \u00e9v\u00e9nementiel haut de gamme \u00e0 Paris\",\"publisher\":{\"@id\":\"https:\\\/\\\/www.trait-tendance.com\\\/en\\\/#organization\"},\"potentialAction\":[{\"@type\":\"SearchAction\",\"target\":{\"@type\":\"EntryPoint\",\"urlTemplate\":\"https:\\\/\\\/www.trait-tendance.com\\\/en\\\/?s={search_term_string}\"},\"query-input\":{\"@type\":\"PropertyValueSpecification\",\"valueRequired\":true,\"valueName\":\"search_term_string\"}}],\"inLanguage\":\"en-GB\"},{\"@type\":\"Organization\",\"@id\":\"https:\\\/\\\/www.trait-tendance.com\\\/en\\\/#organization\",\"name\":\"Trait'Tendance\",\"url\":\"https:\\\/\\\/www.trait-tendance.com\\\/en\\\/\",\"logo\":{\"@type\":\"ImageObject\",\"inLanguage\":\"en-GB\",\"@id\":\"https:\\\/\\\/www.trait-tendance.com\\\/en\\\/#\\\/schema\\\/logo\\\/image\\\/\",\"url\":\"https:\\\/\\\/www.trait-tendance.com\\\/wp-content\\\/uploads\\\/2017\\\/08\\\/cropped-favicon.png\",\"contentUrl\":\"https:\\\/\\\/www.trait-tendance.com\\\/wp-content\\\/uploads\\\/2017\\\/08\\\/cropped-favicon.png\",\"width\":512,\"height\":512,\"caption\":\"Trait'Tendance\"},\"image\":{\"@id\":\"https:\\\/\\\/www.trait-tendance.com\\\/en\\\/#\\\/schema\\\/logo\\\/image\\\/\"},\"sameAs\":[\"https:\\\/\\\/www.facebook.com\\\/TraitTendanceParis\\\/\",\"https:\\\/\\\/x.com\\\/TraitTendance\",\"https:\\\/\\\/www.instagram.com\\\/traittendance\\\/\",\"https:\\\/\\\/www.linkedin.com\\\/company\\\/traittendance\",\"https:\\\/\\\/www.pinterest.com\\\/traiteurdeco\\\/boards\\\/\",\"https:\\\/\\\/www.youtube.com\\\/channel\\\/UCWDoSOcaJjMCiGrJ6cddZMA\\\/videos\"]}]}<\/script>\n<!-- \/ Yoast SEO Premium plugin. -->","yoast_head_json":{"title":"Our software - Trait&#039;Tendance","robots":{"index":"index","follow":"follow","max-snippet":"max-snippet:-1","max-image-preview":"max-image-preview:large","max-video-preview":"max-video-preview:-1"},"canonical":"https:\/\/www.trait-tendance.com\/en\/our-software\/","og_locale":"en_GB","og_type":"article","og_title":"Our software","og_description":"Technology at the service of our business Since our creation, we have sought to respond to event design issues and to facilitate exchanges with our customers and partners. The result is a marketplace that is constantly evolving: LetMeDo. Developed over over 10 years, it is the first software to digitalize the event organizer&#8217;s profession by [&hellip;]","og_url":"https:\/\/www.trait-tendance.com\/en\/our-software\/","og_site_name":"Trait&#039;Tendance","article_publisher":"https:\/\/www.facebook.com\/TraitTendanceParis\/","article_modified_time":"2024-01-10T15:51:13+00:00","og_image":[{"width":1631,"height":1150,"url":"https:\/\/www.trait-tendance.com\/wp-content\/uploads\/2020\/02\/ordi-4.png","type":"image\/png"}],"twitter_card":"summary_large_image","twitter_site":"@TraitTendance","twitter_misc":{"Estimated reading time":"2 minutes"},"schema":{"@context":"https:\/\/schema.org","@graph":[{"@type":"WebPage","@id":"https:\/\/www.trait-tendance.com\/en\/our-software\/","url":"https:\/\/www.trait-tendance.com\/en\/our-software\/","name":"Our software - Trait&#039;Tendance","isPartOf":{"@id":"https:\/\/www.trait-tendance.com\/en\/#website"},"primaryImageOfPage":{"@id":"https:\/\/www.trait-tendance.com\/en\/our-software\/#primaryimage"},"image":{"@id":"https:\/\/www.trait-tendance.com\/en\/our-software\/#primaryimage"},"thumbnailUrl":"https:\/\/www.trait-tendance.com\/wp-content\/uploads\/2020\/02\/ordi-4.png","datePublished":"2020-02-19T09:15:36+00:00","dateModified":"2024-01-10T15:51:13+00:00","breadcrumb":{"@id":"https:\/\/www.trait-tendance.com\/en\/our-software\/#breadcrumb"},"inLanguage":"en-GB","potentialAction":[{"@type":"ReadAction","target":["https:\/\/www.trait-tendance.com\/en\/our-software\/"]}]},{"@type":"ImageObject","inLanguage":"en-GB","@id":"https:\/\/www.trait-tendance.com\/en\/our-software\/#primaryimage","url":"https:\/\/www.trait-tendance.com\/wp-content\/uploads\/2020\/02\/ordi-4.png","contentUrl":"https:\/\/www.trait-tendance.com\/wp-content\/uploads\/2020\/02\/ordi-4.png","width":1631,"height":1150},{"@type":"BreadcrumbList","@id":"https:\/\/www.trait-tendance.com\/en\/our-software\/#breadcrumb","itemListElement":[{"@type":"ListItem","position":1,"name":"Accueil","item":"https:\/\/www.trait-tendance.com\/en\/"},{"@type":"ListItem","position":2,"name":"Our software"}]},{"@type":"WebSite","@id":"https:\/\/www.trait-tendance.com\/en\/#website","url":"https:\/\/www.trait-tendance.com\/en\/","name":"Trait'Tendance","description":"Traiteur \u00e9v\u00e9nementiel haut de gamme \u00e0 Paris","publisher":{"@id":"https:\/\/www.trait-tendance.com\/en\/#organization"},"potentialAction":[{"@type":"SearchAction","target":{"@type":"EntryPoint","urlTemplate":"https:\/\/www.trait-tendance.com\/en\/?s={search_term_string}"},"query-input":{"@type":"PropertyValueSpecification","valueRequired":true,"valueName":"search_term_string"}}],"inLanguage":"en-GB"},{"@type":"Organization","@id":"https:\/\/www.trait-tendance.com\/en\/#organization","name":"Trait'Tendance","url":"https:\/\/www.trait-tendance.com\/en\/","logo":{"@type":"ImageObject","inLanguage":"en-GB","@id":"https:\/\/www.trait-tendance.com\/en\/#\/schema\/logo\/image\/","url":"https:\/\/www.trait-tendance.com\/wp-content\/uploads\/2017\/08\/cropped-favicon.png","contentUrl":"https:\/\/www.trait-tendance.com\/wp-content\/uploads\/2017\/08\/cropped-favicon.png","width":512,"height":512,"caption":"Trait'Tendance"},"image":{"@id":"https:\/\/www.trait-tendance.com\/en\/#\/schema\/logo\/image\/"},"sameAs":["https:\/\/www.facebook.com\/TraitTendanceParis\/","https:\/\/x.com\/TraitTendance","https:\/\/www.instagram.com\/traittendance\/","https:\/\/www.linkedin.com\/company\/traittendance","https:\/\/www.pinterest.com\/traiteurdeco\/boards\/","https:\/\/www.youtube.com\/channel\/UCWDoSOcaJjMCiGrJ6cddZMA\/videos"]}]}},"_links":{"self":[{"href":"https:\/\/www.trait-tendance.com\/en\/wp-json\/wp\/v2\/pages\/104305","targetHints":{"allow":["GET"]}}],"collection":[{"href":"https:\/\/www.trait-tendance.com\/en\/wp-json\/wp\/v2\/pages"}],"about":[{"href":"https:\/\/www.trait-tendance.com\/en\/wp-json\/wp\/v2\/types\/page"}],"author":[{"embeddable":true,"href":"https:\/\/www.trait-tendance.com\/en\/wp-json\/wp\/v2\/users\/16"}],"replies":[{"embeddable":true,"href":"https:\/\/www.trait-tendance.com\/en\/wp-json\/wp\/v2\/comments?post=104305"}],"version-history":[{"count":0,"href":"https:\/\/www.trait-tendance.com\/en\/wp-json\/wp\/v2\/pages\/104305\/revisions"}],"wp:featuredmedia":[{"embeddable":true,"href":"https:\/\/www.trait-tendance.com\/en\/wp-json\/wp\/v2\/media\/101796"}],"wp:attachment":[{"href":"https:\/\/www.trait-tendance.com\/en\/wp-json\/wp\/v2\/media?parent=104305"}],"curies":[{"name":"wp","href":"https:\/\/api.w.org\/{rel}","templated":true}]}}