{"id":104310,"date":"2022-05-23T14:17:36","date_gmt":"2022-05-23T12:17:36","guid":{"rendered":"https:\/\/www.trait-tendance.com\/food-corner-by-tt-collaborations-with-chefs\/"},"modified":"2024-01-10T16:52:01","modified_gmt":"2024-01-10T15:52:01","slug":"food-corner-by-tt-collaborations-with-chefs","status":"publish","type":"page","link":"https:\/\/www.trait-tendance.com\/en\/food-corner\/food-corner-by-tt-collaborations-with-chefs\/","title":{"rendered":"Food Corner by T&#8217;T: collaborations with chefs"},"content":{"rendered":"<ul>\n<li>\n<h2>Gourmet and creative Food Corners<\/h2>\n<\/li>\n<\/ul>\n<p>Food Corners by T&#8217;T is the culmination of over <strong>ten years&#8217; experience<\/strong> in organizing<a href=\"https:\/\/www.trait-tendance.com\/en\/prestigious-receptions\/\">prestigious events<\/a>.<\/p>\n<p>At the crossroads of the world of gastronomy and <strong>new consumer trends<\/strong>, Food Corner by T&#8217;T brings the festive, fun atmosphere of a <strong>food market<\/strong> to all your events.<\/p>\n<p>Prepared with <strong>exceptional products<\/strong> sourced from the <a href=\"https:\/\/www.trait-tendance.com\/en\/our-suppliers\/\">best suppliers<\/a>, Food Corner by T&#8217;T offers a wide choice of sweet and savory dishes.<\/p>\n<ul>\n<li>\n<h2>Regular collaborations with top chefs<\/h2>\n<\/li>\n<\/ul>\n<p>Throughout the year, Food Corner by T&#8217;T offers ephemeral <a href=\"https:\/\/www.trait-tendance.com\/en\/luxury-caterer\/gastronomic-partnerships\/\">collaborations<\/a> with Michelin-starred chefs, renowned <strong>pastry chefs <\/strong>and <strong>up-and-coming figures<\/strong> on the French and international <strong>culinary scene<\/strong>.<\/p>\n<p>They come up with original recipes for us, perfectly mastered and made with<strong> exceptional products<\/strong>, in keeping with the contemporary and modern spirit of today&#8217;s <strong>food markets<\/strong>.<\/p>\n<p>This spring, <a href=\"https:\/\/ninametayer.com\/\" target=\"_blank\" rel=\"noopener\"><strong>Nina M\u00e9tayer<\/strong>,<\/a> twice awarded &#8220;P\u00e2tissi\u00e8re de l&#8217;ann\u00e9e&#8221;, signs a sweet Food Corner with a range of chocolate and fruity tarts.<\/p>\n<p>As the seasons go by, other chefs, young gastronomic talents and pastry chefs will be signing up for ephemeral gastronomic Food Corners.<\/p>\n","protected":false},"excerpt":{"rendered":"<p>Gourmet and creative Food Corners Food Corners by T&#8217;T is the culmination of over ten years&#8217; experience in organizingprestigious events. At the crossroads of the world of gastronomy and new consumer trends, Food Corner by T&#8217;T brings the festive, fun atmosphere of a food market to all your events. Prepared with exceptional products sourced from [&hellip;]<\/p>\n","protected":false},"author":13,"featured_media":103101,"parent":104312,"menu_order":0,"comment_status":"closed","ping_status":"closed","template":"page-with-slideshow.php","meta":{"footnotes":""},"class_list":["post-104310","page","type-page","status-publish","has-post-thumbnail","hentry"],"yoast_head":"<!-- This site is optimized with the Yoast SEO Premium plugin v27.5 (Yoast SEO v27.5) - https:\/\/yoast.com\/product\/yoast-seo-premium-wordpress\/ -->\n<title>Food Corner by T&#039;T: collaborations with chefs - Trait&#039;Tendance<\/title>\n<meta name=\"description\" content=\"Food Corner by T&#039;T teams up with top chefs and patissiers for original, gourmet collaborations.\" \/>\n<meta name=\"robots\" content=\"index, follow, max-snippet:-1, max-image-preview:large, max-video-preview:-1\" \/>\n<link rel=\"canonical\" href=\"https:\/\/www.trait-tendance.com\/en\/food-corner\/food-corner-by-tt-collaborations-with-chefs\/\" \/>\n<meta property=\"og:locale\" content=\"en_GB\" \/>\n<meta property=\"og:type\" content=\"article\" \/>\n<meta property=\"og:title\" content=\"Food Corner by T&#039;T: collaborations with chefs\" \/>\n<meta property=\"og:description\" content=\"Food Corner by T&#039;T teams up with top chefs and patissiers for original, gourmet collaborations.\" \/>\n<meta property=\"og:url\" content=\"https:\/\/www.trait-tendance.com\/en\/food-corner\/food-corner-by-tt-collaborations-with-chefs\/\" \/>\n<meta property=\"og:site_name\" content=\"Trait&#039;Tendance\" \/>\n<meta property=\"article:publisher\" content=\"https:\/\/www.facebook.com\/TraitTendanceParis\/\" \/>\n<meta property=\"article:modified_time\" content=\"2024-01-10T15:52:01+00:00\" \/>\n<meta property=\"og:image\" content=\"https:\/\/www.trait-tendance.com\/wp-content\/uploads\/2023\/11\/nina-metayer-7.jpg\" \/>\n\t<meta property=\"og:image:width\" content=\"1200\" \/>\n\t<meta property=\"og:image:height\" content=\"900\" \/>\n\t<meta property=\"og:image:type\" content=\"image\/jpeg\" \/>\n<meta name=\"twitter:card\" content=\"summary_large_image\" \/>\n<meta name=\"twitter:site\" content=\"@TraitTendance\" \/>\n<meta name=\"twitter:label1\" content=\"Estimated reading time\" \/>\n\t<meta name=\"twitter:data1\" content=\"1 minute\" \/>\n<script type=\"application\/ld+json\" class=\"yoast-schema-graph\">{\"@context\":\"https:\\\/\\\/schema.org\",\"@graph\":[{\"@type\":\"WebPage\",\"@id\":\"https:\\\/\\\/www.trait-tendance.com\\\/en\\\/food-corner\\\/food-corner-by-tt-collaborations-with-chefs\\\/\",\"url\":\"https:\\\/\\\/www.trait-tendance.com\\\/en\\\/food-corner\\\/food-corner-by-tt-collaborations-with-chefs\\\/\",\"name\":\"Food Corner by T'T: collaborations with chefs - Trait&#039;Tendance\",\"isPartOf\":{\"@id\":\"https:\\\/\\\/www.trait-tendance.com\\\/en\\\/#website\"},\"primaryImageOfPage\":{\"@id\":\"https:\\\/\\\/www.trait-tendance.com\\\/en\\\/food-corner\\\/food-corner-by-tt-collaborations-with-chefs\\\/#primaryimage\"},\"image\":{\"@id\":\"https:\\\/\\\/www.trait-tendance.com\\\/en\\\/food-corner\\\/food-corner-by-tt-collaborations-with-chefs\\\/#primaryimage\"},\"thumbnailUrl\":\"https:\\\/\\\/www.trait-tendance.com\\\/wp-content\\\/uploads\\\/2023\\\/11\\\/nina-metayer-7.jpg\",\"datePublished\":\"2022-05-23T12:17:36+00:00\",\"dateModified\":\"2024-01-10T15:52:01+00:00\",\"description\":\"Food Corner by T'T teams up with top chefs and patissiers for original, gourmet collaborations.\",\"breadcrumb\":{\"@id\":\"https:\\\/\\\/www.trait-tendance.com\\\/en\\\/food-corner\\\/food-corner-by-tt-collaborations-with-chefs\\\/#breadcrumb\"},\"inLanguage\":\"en-GB\",\"potentialAction\":[{\"@type\":\"ReadAction\",\"target\":[\"https:\\\/\\\/www.trait-tendance.com\\\/en\\\/food-corner\\\/food-corner-by-tt-collaborations-with-chefs\\\/\"]}]},{\"@type\":\"ImageObject\",\"inLanguage\":\"en-GB\",\"@id\":\"https:\\\/\\\/www.trait-tendance.com\\\/en\\\/food-corner\\\/food-corner-by-tt-collaborations-with-chefs\\\/#primaryimage\",\"url\":\"https:\\\/\\\/www.trait-tendance.com\\\/wp-content\\\/uploads\\\/2023\\\/11\\\/nina-metayer-7.jpg\",\"contentUrl\":\"https:\\\/\\\/www.trait-tendance.com\\\/wp-content\\\/uploads\\\/2023\\\/11\\\/nina-metayer-7.jpg\",\"width\":1200,\"height\":900,\"caption\":\"Groupe Les Echos soir\u00e9e S\u00e9rie Limit\u00e9e Nina M\u00e9tayer Mus\u00e9e d'Art Moderne\"},{\"@type\":\"BreadcrumbList\",\"@id\":\"https:\\\/\\\/www.trait-tendance.com\\\/en\\\/food-corner\\\/food-corner-by-tt-collaborations-with-chefs\\\/#breadcrumb\",\"itemListElement\":[{\"@type\":\"ListItem\",\"position\":1,\"name\":\"Accueil\",\"item\":\"https:\\\/\\\/www.trait-tendance.com\\\/en\\\/\"},{\"@type\":\"ListItem\",\"position\":2,\"name\":\"Food Corner\",\"item\":\"https:\\\/\\\/www.trait-tendance.com\\\/en\\\/food-corner\\\/\"},{\"@type\":\"ListItem\",\"position\":3,\"name\":\"Food Corner by T&#8217;T: collaborations with chefs\"}]},{\"@type\":\"WebSite\",\"@id\":\"https:\\\/\\\/www.trait-tendance.com\\\/en\\\/#website\",\"url\":\"https:\\\/\\\/www.trait-tendance.com\\\/en\\\/\",\"name\":\"Trait'Tendance\",\"description\":\"Traiteur \u00e9v\u00e9nementiel haut de gamme \u00e0 Paris\",\"publisher\":{\"@id\":\"https:\\\/\\\/www.trait-tendance.com\\\/en\\\/#organization\"},\"potentialAction\":[{\"@type\":\"SearchAction\",\"target\":{\"@type\":\"EntryPoint\",\"urlTemplate\":\"https:\\\/\\\/www.trait-tendance.com\\\/en\\\/?s={search_term_string}\"},\"query-input\":{\"@type\":\"PropertyValueSpecification\",\"valueRequired\":true,\"valueName\":\"search_term_string\"}}],\"inLanguage\":\"en-GB\"},{\"@type\":\"Organization\",\"@id\":\"https:\\\/\\\/www.trait-tendance.com\\\/en\\\/#organization\",\"name\":\"Trait'Tendance\",\"url\":\"https:\\\/\\\/www.trait-tendance.com\\\/en\\\/\",\"logo\":{\"@type\":\"ImageObject\",\"inLanguage\":\"en-GB\",\"@id\":\"https:\\\/\\\/www.trait-tendance.com\\\/en\\\/#\\\/schema\\\/logo\\\/image\\\/\",\"url\":\"https:\\\/\\\/www.trait-tendance.com\\\/wp-content\\\/uploads\\\/2017\\\/08\\\/cropped-favicon.png\",\"contentUrl\":\"https:\\\/\\\/www.trait-tendance.com\\\/wp-content\\\/uploads\\\/2017\\\/08\\\/cropped-favicon.png\",\"width\":512,\"height\":512,\"caption\":\"Trait'Tendance\"},\"image\":{\"@id\":\"https:\\\/\\\/www.trait-tendance.com\\\/en\\\/#\\\/schema\\\/logo\\\/image\\\/\"},\"sameAs\":[\"https:\\\/\\\/www.facebook.com\\\/TraitTendanceParis\\\/\",\"https:\\\/\\\/x.com\\\/TraitTendance\",\"https:\\\/\\\/www.instagram.com\\\/traittendance\\\/\",\"https:\\\/\\\/www.linkedin.com\\\/company\\\/traittendance\",\"https:\\\/\\\/www.pinterest.com\\\/traiteurdeco\\\/boards\\\/\",\"https:\\\/\\\/www.youtube.com\\\/channel\\\/UCWDoSOcaJjMCiGrJ6cddZMA\\\/videos\"]}]}<\/script>\n<!-- \/ Yoast SEO Premium plugin. -->","yoast_head_json":{"title":"Food Corner by T'T: collaborations with chefs - Trait&#039;Tendance","description":"Food Corner by T'T teams up with top chefs and patissiers for original, gourmet collaborations.","robots":{"index":"index","follow":"follow","max-snippet":"max-snippet:-1","max-image-preview":"max-image-preview:large","max-video-preview":"max-video-preview:-1"},"canonical":"https:\/\/www.trait-tendance.com\/en\/food-corner\/food-corner-by-tt-collaborations-with-chefs\/","og_locale":"en_GB","og_type":"article","og_title":"Food Corner by T'T: collaborations with chefs","og_description":"Food Corner by T'T teams up with top chefs and patissiers for original, gourmet collaborations.","og_url":"https:\/\/www.trait-tendance.com\/en\/food-corner\/food-corner-by-tt-collaborations-with-chefs\/","og_site_name":"Trait&#039;Tendance","article_publisher":"https:\/\/www.facebook.com\/TraitTendanceParis\/","article_modified_time":"2024-01-10T15:52:01+00:00","og_image":[{"width":1200,"height":900,"url":"https:\/\/www.trait-tendance.com\/wp-content\/uploads\/2023\/11\/nina-metayer-7.jpg","type":"image\/jpeg"}],"twitter_card":"summary_large_image","twitter_site":"@TraitTendance","twitter_misc":{"Estimated reading time":"1 minute"},"schema":{"@context":"https:\/\/schema.org","@graph":[{"@type":"WebPage","@id":"https:\/\/www.trait-tendance.com\/en\/food-corner\/food-corner-by-tt-collaborations-with-chefs\/","url":"https:\/\/www.trait-tendance.com\/en\/food-corner\/food-corner-by-tt-collaborations-with-chefs\/","name":"Food Corner by T'T: collaborations with chefs - Trait&#039;Tendance","isPartOf":{"@id":"https:\/\/www.trait-tendance.com\/en\/#website"},"primaryImageOfPage":{"@id":"https:\/\/www.trait-tendance.com\/en\/food-corner\/food-corner-by-tt-collaborations-with-chefs\/#primaryimage"},"image":{"@id":"https:\/\/www.trait-tendance.com\/en\/food-corner\/food-corner-by-tt-collaborations-with-chefs\/#primaryimage"},"thumbnailUrl":"https:\/\/www.trait-tendance.com\/wp-content\/uploads\/2023\/11\/nina-metayer-7.jpg","datePublished":"2022-05-23T12:17:36+00:00","dateModified":"2024-01-10T15:52:01+00:00","description":"Food Corner by T'T teams up with top chefs and patissiers for original, gourmet collaborations.","breadcrumb":{"@id":"https:\/\/www.trait-tendance.com\/en\/food-corner\/food-corner-by-tt-collaborations-with-chefs\/#breadcrumb"},"inLanguage":"en-GB","potentialAction":[{"@type":"ReadAction","target":["https:\/\/www.trait-tendance.com\/en\/food-corner\/food-corner-by-tt-collaborations-with-chefs\/"]}]},{"@type":"ImageObject","inLanguage":"en-GB","@id":"https:\/\/www.trait-tendance.com\/en\/food-corner\/food-corner-by-tt-collaborations-with-chefs\/#primaryimage","url":"https:\/\/www.trait-tendance.com\/wp-content\/uploads\/2023\/11\/nina-metayer-7.jpg","contentUrl":"https:\/\/www.trait-tendance.com\/wp-content\/uploads\/2023\/11\/nina-metayer-7.jpg","width":1200,"height":900,"caption":"Groupe Les Echos soir\u00e9e S\u00e9rie Limit\u00e9e Nina M\u00e9tayer Mus\u00e9e d'Art Moderne"},{"@type":"BreadcrumbList","@id":"https:\/\/www.trait-tendance.com\/en\/food-corner\/food-corner-by-tt-collaborations-with-chefs\/#breadcrumb","itemListElement":[{"@type":"ListItem","position":1,"name":"Accueil","item":"https:\/\/www.trait-tendance.com\/en\/"},{"@type":"ListItem","position":2,"name":"Food Corner","item":"https:\/\/www.trait-tendance.com\/en\/food-corner\/"},{"@type":"ListItem","position":3,"name":"Food Corner by T&#8217;T: collaborations with chefs"}]},{"@type":"WebSite","@id":"https:\/\/www.trait-tendance.com\/en\/#website","url":"https:\/\/www.trait-tendance.com\/en\/","name":"Trait'Tendance","description":"Traiteur \u00e9v\u00e9nementiel haut de gamme \u00e0 Paris","publisher":{"@id":"https:\/\/www.trait-tendance.com\/en\/#organization"},"potentialAction":[{"@type":"SearchAction","target":{"@type":"EntryPoint","urlTemplate":"https:\/\/www.trait-tendance.com\/en\/?s={search_term_string}"},"query-input":{"@type":"PropertyValueSpecification","valueRequired":true,"valueName":"search_term_string"}}],"inLanguage":"en-GB"},{"@type":"Organization","@id":"https:\/\/www.trait-tendance.com\/en\/#organization","name":"Trait'Tendance","url":"https:\/\/www.trait-tendance.com\/en\/","logo":{"@type":"ImageObject","inLanguage":"en-GB","@id":"https:\/\/www.trait-tendance.com\/en\/#\/schema\/logo\/image\/","url":"https:\/\/www.trait-tendance.com\/wp-content\/uploads\/2017\/08\/cropped-favicon.png","contentUrl":"https:\/\/www.trait-tendance.com\/wp-content\/uploads\/2017\/08\/cropped-favicon.png","width":512,"height":512,"caption":"Trait'Tendance"},"image":{"@id":"https:\/\/www.trait-tendance.com\/en\/#\/schema\/logo\/image\/"},"sameAs":["https:\/\/www.facebook.com\/TraitTendanceParis\/","https:\/\/x.com\/TraitTendance","https:\/\/www.instagram.com\/traittendance\/","https:\/\/www.linkedin.com\/company\/traittendance","https:\/\/www.pinterest.com\/traiteurdeco\/boards\/","https:\/\/www.youtube.com\/channel\/UCWDoSOcaJjMCiGrJ6cddZMA\/videos"]}]}},"_links":{"self":[{"href":"https:\/\/www.trait-tendance.com\/en\/wp-json\/wp\/v2\/pages\/104310","targetHints":{"allow":["GET"]}}],"collection":[{"href":"https:\/\/www.trait-tendance.com\/en\/wp-json\/wp\/v2\/pages"}],"about":[{"href":"https:\/\/www.trait-tendance.com\/en\/wp-json\/wp\/v2\/types\/page"}],"author":[{"embeddable":true,"href":"https:\/\/www.trait-tendance.com\/en\/wp-json\/wp\/v2\/users\/13"}],"replies":[{"embeddable":true,"href":"https:\/\/www.trait-tendance.com\/en\/wp-json\/wp\/v2\/comments?post=104310"}],"version-history":[{"count":0,"href":"https:\/\/www.trait-tendance.com\/en\/wp-json\/wp\/v2\/pages\/104310\/revisions"}],"up":[{"embeddable":true,"href":"https:\/\/www.trait-tendance.com\/en\/wp-json\/wp\/v2\/pages\/104312"}],"wp:featuredmedia":[{"embeddable":true,"href":"https:\/\/www.trait-tendance.com\/en\/wp-json\/wp\/v2\/media\/103101"}],"wp:attachment":[{"href":"https:\/\/www.trait-tendance.com\/en\/wp-json\/wp\/v2\/media?parent=104310"}],"curies":[{"name":"wp","href":"https:\/\/api.w.org\/{rel}","templated":true}]}}