{"id":104311,"date":"2022-05-19T16:34:22","date_gmt":"2022-05-19T14:34:22","guid":{"rendered":"https:\/\/www.trait-tendance.com\/food-corner-by-tt-the-sweet-menu\/"},"modified":"2024-01-10T16:52:01","modified_gmt":"2024-01-10T15:52:01","slug":"food-corner-by-tt-the-sweet-menu","status":"publish","type":"page","link":"https:\/\/www.trait-tendance.com\/en\/food-corner\/food-corner-by-tt-the-sweet-menu\/","title":{"rendered":"Food Corner by T&#8217;T: the sweet menu"},"content":{"rendered":"<ul>\n<li>\n<h2>Sweet and tasty food corners for all your events<\/h2>\n<\/li>\n<\/ul>\n<p>Inspired by the <strong>food markets<\/strong> and <strong>food courts<\/strong> that are flourishing in the United States and Europe, Food Corner by T&#8217;T brings a breath of modernity and lightness to corporate receptions.<\/p>\n<p>Prepared with fresh, seasonal produce rigorously selected from our <a href=\"https:\/\/www.trait-tendance.com\/en\/our-suppliers\/\">best suppliers<\/a>, the sweet menu at Food Corner by T&#8217;T is <strong>urban, nomadic and fun <\/strong>.  <\/p>\n<p>Scalable and <strong>customizable<\/strong>, Food Corner by T&#8217;T&#8217;s sweet offerings can be adapted to suit any theme and budget.<\/p>\n<p>&nbsp;<\/p>\n<ul>\n<li>\n<h2>A varied choice of sweet entertainment<\/h2>\n<\/li>\n<\/ul>\n<p>As the seasons go by, and according to the inspiration of our <a href=\"https:\/\/www.trait-tendance.com\/en\/event-provider\/culinary-creation-for-events\/\">Culinary Design and Creation Department<\/a>, Food Corner by T&#8217;T offers a <strong>wide choice<\/strong> of sweet, gourmet, chocolate or fruity culinary <strong>workshops<\/strong>&#8230; always customizable and adaptable.<\/p>\n<p>Discover the sweet menu of our Food Corner by T&#8217;T :<\/p>\n<ul>\n<li><strong>breakfast<\/strong>: an assortment of pancakes and pastries from <a href=\"https:\/\/www.maison-kayser.com\/fr\/\" target=\"_blank\" rel=\"noopener\">Maison Kayser,<\/a> served with organic granola,<a href=\"https:\/\/www.lebeurrebordier.com\/\" target=\"_blank\" rel=\"noopener\"> Bordier<\/a> fromage blanc and fresh fruit.<\/li>\n<li><strong>cr\u00eapes<\/strong>: a staple of our culinary heritage, prepared with organic ingredients and topped with <a href=\"https:\/\/www.valrhona.com\/fr-FR\" target=\"_blank\" rel=\"noopener\">Valhrona chocolate<\/a> and grated coconut, semi-salted caramel with <a href=\"https:\/\/www.lebeurrebordier.com\/\" target=\"_blank\" rel=\"noopener\">Bordier butter<\/a> and hazelnuts, or raspberry pur\u00e9e.<\/li>\n<li><strong>waffles<\/strong>: another great classic from our gourmet heritage, reinterpreted in Tout Choco (chocolate mousse, dark chocolate coulis and cocoa nibs), Tout Framboise (raspberry custard, fresh raspberries and raspberry coulis) or Tout Citron (lemon curd and Corsican lemon zest) versions.<\/li>\n<li><strong>brioche perdue<\/strong>: an exquisite slice of brioche from <a href=\"https:\/\/www.maison-kayser.com\/fr\/\" target=\"_blank\" rel=\"noopener\">Maison Kayser<\/a>, accompanied by an ice cream from MOF <a href=\"https:\/\/uneglaceaparis.fr\/web\/\" target=\"_blank\" rel=\"noopener\">Une Glace \u00e0 Paris<\/a>, coulis and a variety of gourmet toppings!<\/li>\n<\/ul>\n<p>Discover our other sweet Food Corner by T&#8217;T: energizing juice bar, fruit bar&#8230;<\/p>\n","protected":false},"excerpt":{"rendered":"<p>Sweet and tasty food corners for all your events Inspired by the food markets and food courts that are flourishing in the United States and Europe, Food Corner by T&#8217;T brings a breath of modernity and lightness to corporate receptions. Prepared with fresh, seasonal produce rigorously selected from our best suppliers, the sweet menu at [&hellip;]<\/p>\n","protected":false},"author":13,"featured_media":102545,"parent":104312,"menu_order":0,"comment_status":"closed","ping_status":"closed","template":"page-with-slideshow.php","meta":{"footnotes":""},"class_list":["post-104311","page","type-page","status-publish","has-post-thumbnail","hentry"],"yoast_head":"<!-- This site is optimized with the Yoast SEO Premium plugin v27.5 (Yoast SEO v27.5) - https:\/\/yoast.com\/product\/yoast-seo-premium-wordpress\/ -->\n<title>Food Corner by T&#039;T: the sweet menu - Trait&#039;Tendance<\/title>\n<meta name=\"description\" content=\"Discover the Sweet Food Corner by T&#039;T, and recreate the unique atmosphere of Europe&#039;s biggest food markets for your corporate events.\" \/>\n<meta name=\"robots\" content=\"index, follow, max-snippet:-1, max-image-preview:large, max-video-preview:-1\" \/>\n<link rel=\"canonical\" href=\"https:\/\/www.trait-tendance.com\/en\/food-corner\/food-corner-by-tt-the-sweet-menu\/\" \/>\n<meta property=\"og:locale\" content=\"en_GB\" \/>\n<meta property=\"og:type\" content=\"article\" \/>\n<meta property=\"og:title\" content=\"Food Corner by T&#039;T: the sweet menu\" \/>\n<meta property=\"og:description\" content=\"Discover the Sweet Food Corner by T&#039;T, and recreate the unique atmosphere of Europe&#039;s biggest food markets for your corporate events.\" \/>\n<meta property=\"og:url\" content=\"https:\/\/www.trait-tendance.com\/en\/food-corner\/food-corner-by-tt-the-sweet-menu\/\" \/>\n<meta property=\"og:site_name\" content=\"Trait&#039;Tendance\" \/>\n<meta property=\"article:publisher\" content=\"https:\/\/www.facebook.com\/TraitTendanceParis\/\" \/>\n<meta property=\"article:modified_time\" content=\"2024-01-10T15:52:01+00:00\" \/>\n<meta property=\"og:image\" content=\"https:\/\/www.trait-tendance.com\/wp-content\/uploads\/2022\/06\/food-corner-breakfast_3.jpg\" \/>\n\t<meta property=\"og:image:width\" content=\"639\" \/>\n\t<meta property=\"og:image:height\" content=\"479\" \/>\n\t<meta property=\"og:image:type\" content=\"image\/jpeg\" \/>\n<meta name=\"twitter:card\" content=\"summary_large_image\" \/>\n<meta name=\"twitter:site\" content=\"@TraitTendance\" \/>\n<meta name=\"twitter:label1\" content=\"Estimated reading time\" \/>\n\t<meta name=\"twitter:data1\" content=\"1 minute\" \/>\n<script type=\"application\/ld+json\" class=\"yoast-schema-graph\">{\"@context\":\"https:\\\/\\\/schema.org\",\"@graph\":[{\"@type\":\"WebPage\",\"@id\":\"https:\\\/\\\/www.trait-tendance.com\\\/en\\\/food-corner\\\/food-corner-by-tt-the-sweet-menu\\\/\",\"url\":\"https:\\\/\\\/www.trait-tendance.com\\\/en\\\/food-corner\\\/food-corner-by-tt-the-sweet-menu\\\/\",\"name\":\"Food Corner by T'T: the sweet menu - Trait&#039;Tendance\",\"isPartOf\":{\"@id\":\"https:\\\/\\\/www.trait-tendance.com\\\/en\\\/#website\"},\"primaryImageOfPage\":{\"@id\":\"https:\\\/\\\/www.trait-tendance.com\\\/en\\\/food-corner\\\/food-corner-by-tt-the-sweet-menu\\\/#primaryimage\"},\"image\":{\"@id\":\"https:\\\/\\\/www.trait-tendance.com\\\/en\\\/food-corner\\\/food-corner-by-tt-the-sweet-menu\\\/#primaryimage\"},\"thumbnailUrl\":\"https:\\\/\\\/www.trait-tendance.com\\\/wp-content\\\/uploads\\\/2022\\\/06\\\/food-corner-breakfast_3.jpg\",\"datePublished\":\"2022-05-19T14:34:22+00:00\",\"dateModified\":\"2024-01-10T15:52:01+00:00\",\"description\":\"Discover the Sweet Food Corner by T'T, and recreate the unique atmosphere of Europe's biggest food markets for your corporate events.\",\"breadcrumb\":{\"@id\":\"https:\\\/\\\/www.trait-tendance.com\\\/en\\\/food-corner\\\/food-corner-by-tt-the-sweet-menu\\\/#breadcrumb\"},\"inLanguage\":\"en-GB\",\"potentialAction\":[{\"@type\":\"ReadAction\",\"target\":[\"https:\\\/\\\/www.trait-tendance.com\\\/en\\\/food-corner\\\/food-corner-by-tt-the-sweet-menu\\\/\"]}]},{\"@type\":\"ImageObject\",\"inLanguage\":\"en-GB\",\"@id\":\"https:\\\/\\\/www.trait-tendance.com\\\/en\\\/food-corner\\\/food-corner-by-tt-the-sweet-menu\\\/#primaryimage\",\"url\":\"https:\\\/\\\/www.trait-tendance.com\\\/wp-content\\\/uploads\\\/2022\\\/06\\\/food-corner-breakfast_3.jpg\",\"contentUrl\":\"https:\\\/\\\/www.trait-tendance.com\\\/wp-content\\\/uploads\\\/2022\\\/06\\\/food-corner-breakfast_3.jpg\",\"width\":639,\"height\":479,\"caption\":\"food corner sucr\u00e9 breakfast petit d\u00e9jeuner\"},{\"@type\":\"BreadcrumbList\",\"@id\":\"https:\\\/\\\/www.trait-tendance.com\\\/en\\\/food-corner\\\/food-corner-by-tt-the-sweet-menu\\\/#breadcrumb\",\"itemListElement\":[{\"@type\":\"ListItem\",\"position\":1,\"name\":\"Accueil\",\"item\":\"https:\\\/\\\/www.trait-tendance.com\\\/en\\\/\"},{\"@type\":\"ListItem\",\"position\":2,\"name\":\"Food Corner\",\"item\":\"https:\\\/\\\/www.trait-tendance.com\\\/en\\\/food-corner\\\/\"},{\"@type\":\"ListItem\",\"position\":3,\"name\":\"Food Corner by T&#8217;T: the sweet menu\"}]},{\"@type\":\"WebSite\",\"@id\":\"https:\\\/\\\/www.trait-tendance.com\\\/en\\\/#website\",\"url\":\"https:\\\/\\\/www.trait-tendance.com\\\/en\\\/\",\"name\":\"Trait'Tendance\",\"description\":\"Traiteur \u00e9v\u00e9nementiel haut de gamme \u00e0 Paris\",\"publisher\":{\"@id\":\"https:\\\/\\\/www.trait-tendance.com\\\/en\\\/#organization\"},\"potentialAction\":[{\"@type\":\"SearchAction\",\"target\":{\"@type\":\"EntryPoint\",\"urlTemplate\":\"https:\\\/\\\/www.trait-tendance.com\\\/en\\\/?s={search_term_string}\"},\"query-input\":{\"@type\":\"PropertyValueSpecification\",\"valueRequired\":true,\"valueName\":\"search_term_string\"}}],\"inLanguage\":\"en-GB\"},{\"@type\":\"Organization\",\"@id\":\"https:\\\/\\\/www.trait-tendance.com\\\/en\\\/#organization\",\"name\":\"Trait'Tendance\",\"url\":\"https:\\\/\\\/www.trait-tendance.com\\\/en\\\/\",\"logo\":{\"@type\":\"ImageObject\",\"inLanguage\":\"en-GB\",\"@id\":\"https:\\\/\\\/www.trait-tendance.com\\\/en\\\/#\\\/schema\\\/logo\\\/image\\\/\",\"url\":\"https:\\\/\\\/www.trait-tendance.com\\\/wp-content\\\/uploads\\\/2017\\\/08\\\/cropped-favicon.png\",\"contentUrl\":\"https:\\\/\\\/www.trait-tendance.com\\\/wp-content\\\/uploads\\\/2017\\\/08\\\/cropped-favicon.png\",\"width\":512,\"height\":512,\"caption\":\"Trait'Tendance\"},\"image\":{\"@id\":\"https:\\\/\\\/www.trait-tendance.com\\\/en\\\/#\\\/schema\\\/logo\\\/image\\\/\"},\"sameAs\":[\"https:\\\/\\\/www.facebook.com\\\/TraitTendanceParis\\\/\",\"https:\\\/\\\/x.com\\\/TraitTendance\",\"https:\\\/\\\/www.instagram.com\\\/traittendance\\\/\",\"https:\\\/\\\/www.linkedin.com\\\/company\\\/traittendance\",\"https:\\\/\\\/www.pinterest.com\\\/traiteurdeco\\\/boards\\\/\",\"https:\\\/\\\/www.youtube.com\\\/channel\\\/UCWDoSOcaJjMCiGrJ6cddZMA\\\/videos\"]}]}<\/script>\n<!-- \/ Yoast SEO Premium plugin. -->","yoast_head_json":{"title":"Food Corner by T'T: the sweet menu - Trait&#039;Tendance","description":"Discover the Sweet Food Corner by T'T, and recreate the unique atmosphere of Europe's biggest food markets for your corporate events.","robots":{"index":"index","follow":"follow","max-snippet":"max-snippet:-1","max-image-preview":"max-image-preview:large","max-video-preview":"max-video-preview:-1"},"canonical":"https:\/\/www.trait-tendance.com\/en\/food-corner\/food-corner-by-tt-the-sweet-menu\/","og_locale":"en_GB","og_type":"article","og_title":"Food Corner by T'T: the sweet menu","og_description":"Discover the Sweet Food Corner by T'T, and recreate the unique atmosphere of Europe's biggest food markets for your corporate events.","og_url":"https:\/\/www.trait-tendance.com\/en\/food-corner\/food-corner-by-tt-the-sweet-menu\/","og_site_name":"Trait&#039;Tendance","article_publisher":"https:\/\/www.facebook.com\/TraitTendanceParis\/","article_modified_time":"2024-01-10T15:52:01+00:00","og_image":[{"width":639,"height":479,"url":"https:\/\/www.trait-tendance.com\/wp-content\/uploads\/2022\/06\/food-corner-breakfast_3.jpg","type":"image\/jpeg"}],"twitter_card":"summary_large_image","twitter_site":"@TraitTendance","twitter_misc":{"Estimated reading time":"1 minute"},"schema":{"@context":"https:\/\/schema.org","@graph":[{"@type":"WebPage","@id":"https:\/\/www.trait-tendance.com\/en\/food-corner\/food-corner-by-tt-the-sweet-menu\/","url":"https:\/\/www.trait-tendance.com\/en\/food-corner\/food-corner-by-tt-the-sweet-menu\/","name":"Food Corner by T'T: the sweet menu - Trait&#039;Tendance","isPartOf":{"@id":"https:\/\/www.trait-tendance.com\/en\/#website"},"primaryImageOfPage":{"@id":"https:\/\/www.trait-tendance.com\/en\/food-corner\/food-corner-by-tt-the-sweet-menu\/#primaryimage"},"image":{"@id":"https:\/\/www.trait-tendance.com\/en\/food-corner\/food-corner-by-tt-the-sweet-menu\/#primaryimage"},"thumbnailUrl":"https:\/\/www.trait-tendance.com\/wp-content\/uploads\/2022\/06\/food-corner-breakfast_3.jpg","datePublished":"2022-05-19T14:34:22+00:00","dateModified":"2024-01-10T15:52:01+00:00","description":"Discover the Sweet Food Corner by T'T, and recreate the unique atmosphere of Europe's biggest food markets for your corporate events.","breadcrumb":{"@id":"https:\/\/www.trait-tendance.com\/en\/food-corner\/food-corner-by-tt-the-sweet-menu\/#breadcrumb"},"inLanguage":"en-GB","potentialAction":[{"@type":"ReadAction","target":["https:\/\/www.trait-tendance.com\/en\/food-corner\/food-corner-by-tt-the-sweet-menu\/"]}]},{"@type":"ImageObject","inLanguage":"en-GB","@id":"https:\/\/www.trait-tendance.com\/en\/food-corner\/food-corner-by-tt-the-sweet-menu\/#primaryimage","url":"https:\/\/www.trait-tendance.com\/wp-content\/uploads\/2022\/06\/food-corner-breakfast_3.jpg","contentUrl":"https:\/\/www.trait-tendance.com\/wp-content\/uploads\/2022\/06\/food-corner-breakfast_3.jpg","width":639,"height":479,"caption":"food corner sucr\u00e9 breakfast petit d\u00e9jeuner"},{"@type":"BreadcrumbList","@id":"https:\/\/www.trait-tendance.com\/en\/food-corner\/food-corner-by-tt-the-sweet-menu\/#breadcrumb","itemListElement":[{"@type":"ListItem","position":1,"name":"Accueil","item":"https:\/\/www.trait-tendance.com\/en\/"},{"@type":"ListItem","position":2,"name":"Food Corner","item":"https:\/\/www.trait-tendance.com\/en\/food-corner\/"},{"@type":"ListItem","position":3,"name":"Food Corner by T&#8217;T: the sweet menu"}]},{"@type":"WebSite","@id":"https:\/\/www.trait-tendance.com\/en\/#website","url":"https:\/\/www.trait-tendance.com\/en\/","name":"Trait'Tendance","description":"Traiteur \u00e9v\u00e9nementiel haut de gamme \u00e0 Paris","publisher":{"@id":"https:\/\/www.trait-tendance.com\/en\/#organization"},"potentialAction":[{"@type":"SearchAction","target":{"@type":"EntryPoint","urlTemplate":"https:\/\/www.trait-tendance.com\/en\/?s={search_term_string}"},"query-input":{"@type":"PropertyValueSpecification","valueRequired":true,"valueName":"search_term_string"}}],"inLanguage":"en-GB"},{"@type":"Organization","@id":"https:\/\/www.trait-tendance.com\/en\/#organization","name":"Trait'Tendance","url":"https:\/\/www.trait-tendance.com\/en\/","logo":{"@type":"ImageObject","inLanguage":"en-GB","@id":"https:\/\/www.trait-tendance.com\/en\/#\/schema\/logo\/image\/","url":"https:\/\/www.trait-tendance.com\/wp-content\/uploads\/2017\/08\/cropped-favicon.png","contentUrl":"https:\/\/www.trait-tendance.com\/wp-content\/uploads\/2017\/08\/cropped-favicon.png","width":512,"height":512,"caption":"Trait'Tendance"},"image":{"@id":"https:\/\/www.trait-tendance.com\/en\/#\/schema\/logo\/image\/"},"sameAs":["https:\/\/www.facebook.com\/TraitTendanceParis\/","https:\/\/x.com\/TraitTendance","https:\/\/www.instagram.com\/traittendance\/","https:\/\/www.linkedin.com\/company\/traittendance","https:\/\/www.pinterest.com\/traiteurdeco\/boards\/","https:\/\/www.youtube.com\/channel\/UCWDoSOcaJjMCiGrJ6cddZMA\/videos"]}]}},"_links":{"self":[{"href":"https:\/\/www.trait-tendance.com\/en\/wp-json\/wp\/v2\/pages\/104311","targetHints":{"allow":["GET"]}}],"collection":[{"href":"https:\/\/www.trait-tendance.com\/en\/wp-json\/wp\/v2\/pages"}],"about":[{"href":"https:\/\/www.trait-tendance.com\/en\/wp-json\/wp\/v2\/types\/page"}],"author":[{"embeddable":true,"href":"https:\/\/www.trait-tendance.com\/en\/wp-json\/wp\/v2\/users\/13"}],"replies":[{"embeddable":true,"href":"https:\/\/www.trait-tendance.com\/en\/wp-json\/wp\/v2\/comments?post=104311"}],"version-history":[{"count":0,"href":"https:\/\/www.trait-tendance.com\/en\/wp-json\/wp\/v2\/pages\/104311\/revisions"}],"up":[{"embeddable":true,"href":"https:\/\/www.trait-tendance.com\/en\/wp-json\/wp\/v2\/pages\/104312"}],"wp:featuredmedia":[{"embeddable":true,"href":"https:\/\/www.trait-tendance.com\/en\/wp-json\/wp\/v2\/media\/102545"}],"wp:attachment":[{"href":"https:\/\/www.trait-tendance.com\/en\/wp-json\/wp\/v2\/media?parent=104311"}],"curies":[{"name":"wp","href":"https:\/\/api.w.org\/{rel}","templated":true}]}}