{"id":104312,"date":"2022-05-10T14:17:55","date_gmt":"2022-05-10T12:17:55","guid":{"rendered":"https:\/\/www.trait-tendance.com\/food-corner\/"},"modified":"2024-01-16T08:45:38","modified_gmt":"2024-01-16T07:45:38","slug":"food-corner","status":"publish","type":"page","link":"https:\/\/www.trait-tendance.com\/en\/food-corner\/","title":{"rendered":"Food Corner"},"content":{"rendered":"<ul>\n<li>\n<h2><strong>The fruit of long technical and culinary experience<\/strong><\/h2>\n<\/li>\n<\/ul>\n<p>Food Corner by T&#8217;T is the culmination of a long process of technical and logistical research. They are also the fruit of <strong>many years&#8217; experience<\/strong> in <a href=\"https:\/\/www.trait-tendance.com\/en\/prestigious-receptions\/\">events<\/a> and<a href=\"https:\/\/www.trait-tendance.com\/en\/luxury-catering\/\"> gastronomy<\/a>.<\/p>\n<p>Easy to set up, move around and <strong>customize<\/strong>, thanks to their customizable fronts and extensive catalog of accessories, <strong>Food Corner by T&#8217;T<\/strong> offers a <strong>new and evolving culinary experience<\/strong>.<\/p>\n<p>At the crossroads of gastronomy and street food, this new culinary concept brings a modern, fun <strong>&#8220;food market&#8221;<\/strong> touch to business and private events.<\/p>\n<p>&nbsp;<\/p>\n<ul>\n<li>\n<h2><strong>The product at the heart of the experience<\/strong><\/h2>\n<\/li>\n<\/ul>\n<p>The culinary offering at <strong>Food Corner by T&#8217;T<\/strong> was conceived and developed by our<a href=\"https:\/\/www.trait-tendance.com\/en\/event-provider\/culinary-creation-for-events\/\"> Culinary Design and Creation department<\/a>. It offers a wide variety of choices, based on three common denominators:<\/p>\n<ul>\n<li style=\"list-style-type: none;\">\n<ul>\n<li><strong>quality<\/strong>: we rely on our <a href=\"https:\/\/www.trait-tendance.com\/en\/our-suppliers\/\">network of exceptional suppliers<\/a> to source the best seasonal produce.<\/li>\n<li><strong>creativity<\/strong>: our<a href=\"https:\/\/www.trait-tendance.com\/en\/event-provider\/culinary-creation-for-events\/\"> Culinary Design and Creation department<\/a> imagines, tests and creates original, innovative and surprising culinary workshops&#8230; But the product always remains at the heart of the creative process.<\/li>\n<li><strong>speed<\/strong>: the ergonomics of Food Corner by T&#8217;T optimize preparation time for culinary workshops. It offers real user comfort, for a total culinary experience.<\/li>\n<\/ul>\n<\/li>\n<\/ul>\n<p>Inspired by today&#8217;s mono-product concept, each Food Corner is dedicated to showcasing one dish.<\/p>\n<p>And as the seasons progress, chefs and pastry chefs will be invited to sign ephemeral Food Corners.<\/p>\n<ul>\n<li>\n<h2><strong>An innovative, eco-responsible culinary concept<\/strong><\/h2>\n<\/li>\n<\/ul>\n<p>They have been <strong>eco-designed<\/strong> to meet strict CSR standards, compatible with <a href=\"https:\/\/www.trait-tendance.com\/en\/our-csr-policy\/\">eco-responsible events<\/a>:<\/p>\n<ul>\n<li style=\"list-style-type: none;\">\n<ul>\n<li>the buffets are made from natural, recycled and recyclable materials.<\/li>\n<li>energy-efficient LED lighting.<\/li>\n<li>waste sorting is integrated.<\/li>\n<\/ul>\n<\/li>\n<\/ul>\n<p>With their green, contemporary aesthetic, directly inspired by Europe&#8217;s biggest food markets, Food Corner by T&#8217;T is firmly in tune with the times!<\/p>\n<p>&nbsp;<\/p>\n<p><strong>Food Corner by T&#8217;<\/strong> T features 14 recipes and culinary workshops, both savory and sweet.<\/p>\n<p>&nbsp;<\/p>\n","protected":false},"excerpt":{"rendered":"<p>The fruit of long technical and culinary experience Food Corner by T&#8217;T is the culmination of a long process of technical and logistical research. They are also the fruit of many years&#8217; experience in events and gastronomy. Easy to set up, move around and customize, thanks to their customizable fronts and extensive catalog of accessories, [&hellip;]<\/p>\n","protected":false},"author":13,"featured_media":103096,"parent":0,"menu_order":0,"comment_status":"closed","ping_status":"closed","template":"page-with-slideshow.php","meta":{"footnotes":""},"class_list":["post-104312","page","type-page","status-publish","has-post-thumbnail","hentry"],"yoast_head":"<!-- This site is optimized with the Yoast SEO Premium plugin v27.5 (Yoast SEO v27.5) - https:\/\/yoast.com\/product\/yoast-seo-premium-wordpress\/ -->\n<title>Food Corner - Trait&#039;Tendance<\/title>\n<meta name=\"description\" content=\"Discover Food Corner by T&#039;T, a unique, gastronomic and fun culinary experience for your business events.\" \/>\n<meta name=\"robots\" content=\"index, follow, max-snippet:-1, max-image-preview:large, max-video-preview:-1\" \/>\n<link rel=\"canonical\" href=\"https:\/\/www.trait-tendance.com\/en\/food-corner\/\" \/>\n<meta property=\"og:locale\" content=\"en_GB\" \/>\n<meta property=\"og:type\" content=\"article\" \/>\n<meta property=\"og:title\" content=\"Food Corner\" \/>\n<meta property=\"og:description\" content=\"Discover Food Corner by T&#039;T, a unique, gastronomic and fun culinary experience for your business events.\" \/>\n<meta property=\"og:url\" content=\"https:\/\/www.trait-tendance.com\/en\/food-corner\/\" \/>\n<meta property=\"og:site_name\" content=\"Trait&#039;Tendance\" \/>\n<meta property=\"article:publisher\" content=\"https:\/\/www.facebook.com\/TraitTendanceParis\/\" \/>\n<meta property=\"article:modified_time\" content=\"2024-01-16T07:45:38+00:00\" \/>\n<meta property=\"og:image\" content=\"https:\/\/www.trait-tendance.com\/wp-content\/uploads\/2023\/11\/food-corner-nina-metayer-1.jpg\" \/>\n\t<meta property=\"og:image:width\" content=\"1200\" \/>\n\t<meta property=\"og:image:height\" content=\"900\" \/>\n\t<meta property=\"og:image:type\" content=\"image\/jpeg\" \/>\n<meta name=\"twitter:card\" content=\"summary_large_image\" \/>\n<meta name=\"twitter:site\" content=\"@TraitTendance\" \/>\n<meta name=\"twitter:label1\" content=\"Estimated reading time\" \/>\n\t<meta name=\"twitter:data1\" content=\"2 minutes\" \/>\n<script type=\"application\/ld+json\" class=\"yoast-schema-graph\">{\"@context\":\"https:\\\/\\\/schema.org\",\"@graph\":[{\"@type\":\"WebPage\",\"@id\":\"https:\\\/\\\/www.trait-tendance.com\\\/en\\\/food-corner\\\/\",\"url\":\"https:\\\/\\\/www.trait-tendance.com\\\/en\\\/food-corner\\\/\",\"name\":\"Food Corner - Trait&#039;Tendance\",\"isPartOf\":{\"@id\":\"https:\\\/\\\/www.trait-tendance.com\\\/en\\\/#website\"},\"primaryImageOfPage\":{\"@id\":\"https:\\\/\\\/www.trait-tendance.com\\\/en\\\/food-corner\\\/#primaryimage\"},\"image\":{\"@id\":\"https:\\\/\\\/www.trait-tendance.com\\\/en\\\/food-corner\\\/#primaryimage\"},\"thumbnailUrl\":\"https:\\\/\\\/www.trait-tendance.com\\\/wp-content\\\/uploads\\\/2023\\\/11\\\/food-corner-nina-metayer-1.jpg\",\"datePublished\":\"2022-05-10T12:17:55+00:00\",\"dateModified\":\"2024-01-16T07:45:38+00:00\",\"description\":\"Discover Food Corner by T'T, a unique, gastronomic and fun culinary experience for your business events.\",\"breadcrumb\":{\"@id\":\"https:\\\/\\\/www.trait-tendance.com\\\/en\\\/food-corner\\\/#breadcrumb\"},\"inLanguage\":\"en-GB\",\"potentialAction\":[{\"@type\":\"ReadAction\",\"target\":[\"https:\\\/\\\/www.trait-tendance.com\\\/en\\\/food-corner\\\/\"]}]},{\"@type\":\"ImageObject\",\"inLanguage\":\"en-GB\",\"@id\":\"https:\\\/\\\/www.trait-tendance.com\\\/en\\\/food-corner\\\/#primaryimage\",\"url\":\"https:\\\/\\\/www.trait-tendance.com\\\/wp-content\\\/uploads\\\/2023\\\/11\\\/food-corner-nina-metayer-1.jpg\",\"contentUrl\":\"https:\\\/\\\/www.trait-tendance.com\\\/wp-content\\\/uploads\\\/2023\\\/11\\\/food-corner-nina-metayer-1.jpg\",\"width\":1200,\"height\":900,\"caption\":\"food corner nina m\u00e9tayer\"},{\"@type\":\"BreadcrumbList\",\"@id\":\"https:\\\/\\\/www.trait-tendance.com\\\/en\\\/food-corner\\\/#breadcrumb\",\"itemListElement\":[{\"@type\":\"ListItem\",\"position\":1,\"name\":\"Accueil\",\"item\":\"https:\\\/\\\/www.trait-tendance.com\\\/en\\\/\"},{\"@type\":\"ListItem\",\"position\":2,\"name\":\"Food Corner\"}]},{\"@type\":\"WebSite\",\"@id\":\"https:\\\/\\\/www.trait-tendance.com\\\/en\\\/#website\",\"url\":\"https:\\\/\\\/www.trait-tendance.com\\\/en\\\/\",\"name\":\"Trait'Tendance\",\"description\":\"Traiteur \u00e9v\u00e9nementiel haut de gamme \u00e0 Paris\",\"publisher\":{\"@id\":\"https:\\\/\\\/www.trait-tendance.com\\\/en\\\/#organization\"},\"potentialAction\":[{\"@type\":\"SearchAction\",\"target\":{\"@type\":\"EntryPoint\",\"urlTemplate\":\"https:\\\/\\\/www.trait-tendance.com\\\/en\\\/?s={search_term_string}\"},\"query-input\":{\"@type\":\"PropertyValueSpecification\",\"valueRequired\":true,\"valueName\":\"search_term_string\"}}],\"inLanguage\":\"en-GB\"},{\"@type\":\"Organization\",\"@id\":\"https:\\\/\\\/www.trait-tendance.com\\\/en\\\/#organization\",\"name\":\"Trait'Tendance\",\"url\":\"https:\\\/\\\/www.trait-tendance.com\\\/en\\\/\",\"logo\":{\"@type\":\"ImageObject\",\"inLanguage\":\"en-GB\",\"@id\":\"https:\\\/\\\/www.trait-tendance.com\\\/en\\\/#\\\/schema\\\/logo\\\/image\\\/\",\"url\":\"https:\\\/\\\/www.trait-tendance.com\\\/wp-content\\\/uploads\\\/2017\\\/08\\\/cropped-favicon.png\",\"contentUrl\":\"https:\\\/\\\/www.trait-tendance.com\\\/wp-content\\\/uploads\\\/2017\\\/08\\\/cropped-favicon.png\",\"width\":512,\"height\":512,\"caption\":\"Trait'Tendance\"},\"image\":{\"@id\":\"https:\\\/\\\/www.trait-tendance.com\\\/en\\\/#\\\/schema\\\/logo\\\/image\\\/\"},\"sameAs\":[\"https:\\\/\\\/www.facebook.com\\\/TraitTendanceParis\\\/\",\"https:\\\/\\\/x.com\\\/TraitTendance\",\"https:\\\/\\\/www.instagram.com\\\/traittendance\\\/\",\"https:\\\/\\\/www.linkedin.com\\\/company\\\/traittendance\",\"https:\\\/\\\/www.pinterest.com\\\/traiteurdeco\\\/boards\\\/\",\"https:\\\/\\\/www.youtube.com\\\/channel\\\/UCWDoSOcaJjMCiGrJ6cddZMA\\\/videos\"]}]}<\/script>\n<!-- \/ Yoast SEO Premium plugin. -->","yoast_head_json":{"title":"Food Corner - Trait&#039;Tendance","description":"Discover Food Corner by T'T, a unique, gastronomic and fun culinary experience for your business events.","robots":{"index":"index","follow":"follow","max-snippet":"max-snippet:-1","max-image-preview":"max-image-preview:large","max-video-preview":"max-video-preview:-1"},"canonical":"https:\/\/www.trait-tendance.com\/en\/food-corner\/","og_locale":"en_GB","og_type":"article","og_title":"Food Corner","og_description":"Discover Food Corner by T'T, a unique, gastronomic and fun culinary experience for your business events.","og_url":"https:\/\/www.trait-tendance.com\/en\/food-corner\/","og_site_name":"Trait&#039;Tendance","article_publisher":"https:\/\/www.facebook.com\/TraitTendanceParis\/","article_modified_time":"2024-01-16T07:45:38+00:00","og_image":[{"width":1200,"height":900,"url":"https:\/\/www.trait-tendance.com\/wp-content\/uploads\/2023\/11\/food-corner-nina-metayer-1.jpg","type":"image\/jpeg"}],"twitter_card":"summary_large_image","twitter_site":"@TraitTendance","twitter_misc":{"Estimated reading time":"2 minutes"},"schema":{"@context":"https:\/\/schema.org","@graph":[{"@type":"WebPage","@id":"https:\/\/www.trait-tendance.com\/en\/food-corner\/","url":"https:\/\/www.trait-tendance.com\/en\/food-corner\/","name":"Food Corner - Trait&#039;Tendance","isPartOf":{"@id":"https:\/\/www.trait-tendance.com\/en\/#website"},"primaryImageOfPage":{"@id":"https:\/\/www.trait-tendance.com\/en\/food-corner\/#primaryimage"},"image":{"@id":"https:\/\/www.trait-tendance.com\/en\/food-corner\/#primaryimage"},"thumbnailUrl":"https:\/\/www.trait-tendance.com\/wp-content\/uploads\/2023\/11\/food-corner-nina-metayer-1.jpg","datePublished":"2022-05-10T12:17:55+00:00","dateModified":"2024-01-16T07:45:38+00:00","description":"Discover Food Corner by T'T, a unique, gastronomic and fun culinary experience for your business events.","breadcrumb":{"@id":"https:\/\/www.trait-tendance.com\/en\/food-corner\/#breadcrumb"},"inLanguage":"en-GB","potentialAction":[{"@type":"ReadAction","target":["https:\/\/www.trait-tendance.com\/en\/food-corner\/"]}]},{"@type":"ImageObject","inLanguage":"en-GB","@id":"https:\/\/www.trait-tendance.com\/en\/food-corner\/#primaryimage","url":"https:\/\/www.trait-tendance.com\/wp-content\/uploads\/2023\/11\/food-corner-nina-metayer-1.jpg","contentUrl":"https:\/\/www.trait-tendance.com\/wp-content\/uploads\/2023\/11\/food-corner-nina-metayer-1.jpg","width":1200,"height":900,"caption":"food corner nina m\u00e9tayer"},{"@type":"BreadcrumbList","@id":"https:\/\/www.trait-tendance.com\/en\/food-corner\/#breadcrumb","itemListElement":[{"@type":"ListItem","position":1,"name":"Accueil","item":"https:\/\/www.trait-tendance.com\/en\/"},{"@type":"ListItem","position":2,"name":"Food Corner"}]},{"@type":"WebSite","@id":"https:\/\/www.trait-tendance.com\/en\/#website","url":"https:\/\/www.trait-tendance.com\/en\/","name":"Trait'Tendance","description":"Traiteur \u00e9v\u00e9nementiel haut de gamme \u00e0 Paris","publisher":{"@id":"https:\/\/www.trait-tendance.com\/en\/#organization"},"potentialAction":[{"@type":"SearchAction","target":{"@type":"EntryPoint","urlTemplate":"https:\/\/www.trait-tendance.com\/en\/?s={search_term_string}"},"query-input":{"@type":"PropertyValueSpecification","valueRequired":true,"valueName":"search_term_string"}}],"inLanguage":"en-GB"},{"@type":"Organization","@id":"https:\/\/www.trait-tendance.com\/en\/#organization","name":"Trait'Tendance","url":"https:\/\/www.trait-tendance.com\/en\/","logo":{"@type":"ImageObject","inLanguage":"en-GB","@id":"https:\/\/www.trait-tendance.com\/en\/#\/schema\/logo\/image\/","url":"https:\/\/www.trait-tendance.com\/wp-content\/uploads\/2017\/08\/cropped-favicon.png","contentUrl":"https:\/\/www.trait-tendance.com\/wp-content\/uploads\/2017\/08\/cropped-favicon.png","width":512,"height":512,"caption":"Trait'Tendance"},"image":{"@id":"https:\/\/www.trait-tendance.com\/en\/#\/schema\/logo\/image\/"},"sameAs":["https:\/\/www.facebook.com\/TraitTendanceParis\/","https:\/\/x.com\/TraitTendance","https:\/\/www.instagram.com\/traittendance\/","https:\/\/www.linkedin.com\/company\/traittendance","https:\/\/www.pinterest.com\/traiteurdeco\/boards\/","https:\/\/www.youtube.com\/channel\/UCWDoSOcaJjMCiGrJ6cddZMA\/videos"]}]}},"_links":{"self":[{"href":"https:\/\/www.trait-tendance.com\/en\/wp-json\/wp\/v2\/pages\/104312","targetHints":{"allow":["GET"]}}],"collection":[{"href":"https:\/\/www.trait-tendance.com\/en\/wp-json\/wp\/v2\/pages"}],"about":[{"href":"https:\/\/www.trait-tendance.com\/en\/wp-json\/wp\/v2\/types\/page"}],"author":[{"embeddable":true,"href":"https:\/\/www.trait-tendance.com\/en\/wp-json\/wp\/v2\/users\/13"}],"replies":[{"embeddable":true,"href":"https:\/\/www.trait-tendance.com\/en\/wp-json\/wp\/v2\/comments?post=104312"}],"version-history":[{"count":0,"href":"https:\/\/www.trait-tendance.com\/en\/wp-json\/wp\/v2\/pages\/104312\/revisions"}],"wp:featuredmedia":[{"embeddable":true,"href":"https:\/\/www.trait-tendance.com\/en\/wp-json\/wp\/v2\/media\/103096"}],"wp:attachment":[{"href":"https:\/\/www.trait-tendance.com\/en\/wp-json\/wp\/v2\/media?parent=104312"}],"curies":[{"name":"wp","href":"https:\/\/api.w.org\/{rel}","templated":true}]}}