{"id":104313,"date":"2022-01-28T14:52:10","date_gmt":"2022-01-28T13:52:10","guid":{"rendered":"https:\/\/www.trait-tendance.com\/our-csr-policy\/"},"modified":"2024-01-10T16:52:04","modified_gmt":"2024-01-10T15:52:04","slug":"our-csr-policy","status":"publish","type":"page","link":"https:\/\/www.trait-tendance.com\/en\/our-csr-policy\/","title":{"rendered":"OUR CSR POLICY"},"content":{"rendered":"<p><img decoding=\"async\" class=\"wp-image-86985 alignleft lazyload\" data-src=\"https:\/\/www.trait-tendance.com\/wp-content\/smush-webp\/2023\/05\/afaq_20121_g-291x300.jpg.webp\" alt=\"ISO 20121 logo\" width=\"136\" height=\"140\" data-srcset=\"https:\/\/www.trait-tendance.com\/wp-content\/smush-webp\/2023\/05\/afaq_20121_g-291x300.jpg.webp 291w, https:\/\/www.trait-tendance.com\/wp-content\/smush-webp\/2023\/05\/afaq_20121_g.jpg.webp 680w\" data-sizes=\"(max-width: 136px) 100vw, 136px\" src=\"data:image\/svg+xml;base64,PHN2ZyB3aWR0aD0iMSIgaGVpZ2h0PSIxIiB4bWxucz0iaHR0cDovL3d3dy53My5vcmcvMjAwMC9zdmciPjwvc3ZnPg==\" style=\"--smush-placeholder-width: 136px; --smush-placeholder-aspect-ratio: 136\/140;\" \/><\/p>\n<p>Trait&#8217;Tendance, a signatory of the Responsible Purchasing and Supplier Relations Charter, has been awarded the <strong>ISO 20121<\/strong> label <strong>, the<\/strong> only internationally recognized CSR standard adapted to the events industry.<\/p>\n<p>This certification represents a major achievement and testifies to Trait&#8217;Tendance&#8217;s daily commitment to sustainability, operational excellence and the positive impact of the events it organizes&#8230; An obvious and essential commitment for our teams, customers and suppliers.<\/p>\n<p>&nbsp;<\/p>\n<p>&nbsp;<\/p>\n","protected":false},"excerpt":{"rendered":"<p>Trait&#8217;Tendance, a signatory of the Responsible Purchasing and Supplier Relations Charter, has been awarded the ISO 20121 label , the only internationally recognized CSR standard adapted to the events industry. This certification represents a major achievement and testifies to Trait&#8217;Tendance&#8217;s daily commitment to sustainability, operational excellence and the positive impact of the events it organizes&#8230; [&hellip;]<\/p>\n","protected":false},"author":1,"featured_media":0,"parent":0,"menu_order":0,"comment_status":"closed","ping_status":"closed","template":"","meta":{"footnotes":""},"class_list":["post-104313","page","type-page","status-publish","hentry"],"yoast_head":"<!-- This site is optimized with the Yoast SEO Premium plugin v27.5 (Yoast SEO v27.5) - https:\/\/yoast.com\/product\/yoast-seo-premium-wordpress\/ -->\n<title>Responsible and committed catering: eco-friendly and responsible luxury catering<\/title>\n<meta name=\"description\" content=\"Trait&#039;Tendance, a committed caterer, helps its customers organize prestigious events in line with a CSR charter.\" \/>\n<meta name=\"robots\" content=\"index, follow, max-snippet:-1, max-image-preview:large, max-video-preview:-1\" \/>\n<link rel=\"canonical\" href=\"https:\/\/www.trait-tendance.com\/en\/our-csr-policy\/\" \/>\n<meta property=\"og:locale\" content=\"en_GB\" \/>\n<meta property=\"og:type\" content=\"article\" \/>\n<meta property=\"og:title\" content=\"OUR CSR POLICY\" \/>\n<meta property=\"og:description\" content=\"Trait&#039;Tendance, a committed caterer, helps its customers organize prestigious events in line with a CSR charter.\" \/>\n<meta property=\"og:url\" content=\"https:\/\/www.trait-tendance.com\/en\/our-csr-policy\/\" \/>\n<meta property=\"og:site_name\" content=\"Trait&#039;Tendance\" \/>\n<meta property=\"article:publisher\" content=\"https:\/\/www.facebook.com\/TraitTendanceParis\/\" \/>\n<meta property=\"article:modified_time\" content=\"2024-01-10T15:52:04+00:00\" \/>\n<meta property=\"og:image\" content=\"https:\/\/www.trait-tendance.com\/wp-content\/uploads\/2023\/05\/afaq_20121_g-291x300.jpg\" \/>\n<meta name=\"twitter:card\" content=\"summary_large_image\" \/>\n<meta name=\"twitter:site\" content=\"@TraitTendance\" \/>\n<script type=\"application\/ld+json\" class=\"yoast-schema-graph\">{\"@context\":\"https:\\\/\\\/schema.org\",\"@graph\":[{\"@type\":\"WebPage\",\"@id\":\"https:\\\/\\\/www.trait-tendance.com\\\/en\\\/our-csr-policy\\\/\",\"url\":\"https:\\\/\\\/www.trait-tendance.com\\\/en\\\/our-csr-policy\\\/\",\"name\":\"Responsible and committed catering: eco-friendly and responsible luxury catering\",\"isPartOf\":{\"@id\":\"https:\\\/\\\/www.trait-tendance.com\\\/en\\\/#website\"},\"primaryImageOfPage\":{\"@id\":\"https:\\\/\\\/www.trait-tendance.com\\\/en\\\/our-csr-policy\\\/#primaryimage\"},\"image\":{\"@id\":\"https:\\\/\\\/www.trait-tendance.com\\\/en\\\/our-csr-policy\\\/#primaryimage\"},\"thumbnailUrl\":\"https:\\\/\\\/www.trait-tendance.com\\\/wp-content\\\/uploads\\\/2023\\\/05\\\/afaq_20121_g-291x300.jpg\",\"datePublished\":\"2022-01-28T13:52:10+00:00\",\"dateModified\":\"2024-01-10T15:52:04+00:00\",\"description\":\"Trait'Tendance, a committed caterer, helps its customers organize prestigious events in line with a CSR charter.\",\"breadcrumb\":{\"@id\":\"https:\\\/\\\/www.trait-tendance.com\\\/en\\\/our-csr-policy\\\/#breadcrumb\"},\"inLanguage\":\"en-GB\",\"potentialAction\":[{\"@type\":\"ReadAction\",\"target\":[\"https:\\\/\\\/www.trait-tendance.com\\\/en\\\/our-csr-policy\\\/\"]}]},{\"@type\":\"ImageObject\",\"inLanguage\":\"en-GB\",\"@id\":\"https:\\\/\\\/www.trait-tendance.com\\\/en\\\/our-csr-policy\\\/#primaryimage\",\"url\":\"https:\\\/\\\/www.trait-tendance.com\\\/wp-content\\\/uploads\\\/2023\\\/05\\\/afaq_20121_g-291x300.jpg\",\"contentUrl\":\"https:\\\/\\\/www.trait-tendance.com\\\/wp-content\\\/uploads\\\/2023\\\/05\\\/afaq_20121_g-291x300.jpg\"},{\"@type\":\"BreadcrumbList\",\"@id\":\"https:\\\/\\\/www.trait-tendance.com\\\/en\\\/our-csr-policy\\\/#breadcrumb\",\"itemListElement\":[{\"@type\":\"ListItem\",\"position\":1,\"name\":\"Accueil\",\"item\":\"https:\\\/\\\/www.trait-tendance.com\\\/en\\\/\"},{\"@type\":\"ListItem\",\"position\":2,\"name\":\"OUR CSR POLICY\"}]},{\"@type\":\"WebSite\",\"@id\":\"https:\\\/\\\/www.trait-tendance.com\\\/en\\\/#website\",\"url\":\"https:\\\/\\\/www.trait-tendance.com\\\/en\\\/\",\"name\":\"Trait'Tendance\",\"description\":\"Traiteur \u00e9v\u00e9nementiel haut de gamme \u00e0 Paris\",\"publisher\":{\"@id\":\"https:\\\/\\\/www.trait-tendance.com\\\/en\\\/#organization\"},\"potentialAction\":[{\"@type\":\"SearchAction\",\"target\":{\"@type\":\"EntryPoint\",\"urlTemplate\":\"https:\\\/\\\/www.trait-tendance.com\\\/en\\\/?s={search_term_string}\"},\"query-input\":{\"@type\":\"PropertyValueSpecification\",\"valueRequired\":true,\"valueName\":\"search_term_string\"}}],\"inLanguage\":\"en-GB\"},{\"@type\":\"Organization\",\"@id\":\"https:\\\/\\\/www.trait-tendance.com\\\/en\\\/#organization\",\"name\":\"Trait'Tendance\",\"url\":\"https:\\\/\\\/www.trait-tendance.com\\\/en\\\/\",\"logo\":{\"@type\":\"ImageObject\",\"inLanguage\":\"en-GB\",\"@id\":\"https:\\\/\\\/www.trait-tendance.com\\\/en\\\/#\\\/schema\\\/logo\\\/image\\\/\",\"url\":\"https:\\\/\\\/www.trait-tendance.com\\\/wp-content\\\/uploads\\\/2017\\\/08\\\/cropped-favicon.png\",\"contentUrl\":\"https:\\\/\\\/www.trait-tendance.com\\\/wp-content\\\/uploads\\\/2017\\\/08\\\/cropped-favicon.png\",\"width\":512,\"height\":512,\"caption\":\"Trait'Tendance\"},\"image\":{\"@id\":\"https:\\\/\\\/www.trait-tendance.com\\\/en\\\/#\\\/schema\\\/logo\\\/image\\\/\"},\"sameAs\":[\"https:\\\/\\\/www.facebook.com\\\/TraitTendanceParis\\\/\",\"https:\\\/\\\/x.com\\\/TraitTendance\",\"https:\\\/\\\/www.instagram.com\\\/traittendance\\\/\",\"https:\\\/\\\/www.linkedin.com\\\/company\\\/traittendance\",\"https:\\\/\\\/www.pinterest.com\\\/traiteurdeco\\\/boards\\\/\",\"https:\\\/\\\/www.youtube.com\\\/channel\\\/UCWDoSOcaJjMCiGrJ6cddZMA\\\/videos\"]}]}<\/script>\n<!-- \/ Yoast SEO Premium plugin. -->","yoast_head_json":{"title":"Responsible and committed catering: eco-friendly and responsible luxury catering","description":"Trait'Tendance, a committed caterer, helps its customers organize prestigious events in line with a CSR charter.","robots":{"index":"index","follow":"follow","max-snippet":"max-snippet:-1","max-image-preview":"max-image-preview:large","max-video-preview":"max-video-preview:-1"},"canonical":"https:\/\/www.trait-tendance.com\/en\/our-csr-policy\/","og_locale":"en_GB","og_type":"article","og_title":"OUR CSR POLICY","og_description":"Trait'Tendance, a committed caterer, helps its customers organize prestigious events in line with a CSR charter.","og_url":"https:\/\/www.trait-tendance.com\/en\/our-csr-policy\/","og_site_name":"Trait&#039;Tendance","article_publisher":"https:\/\/www.facebook.com\/TraitTendanceParis\/","article_modified_time":"2024-01-10T15:52:04+00:00","og_image":[{"url":"https:\/\/www.trait-tendance.com\/wp-content\/uploads\/2023\/05\/afaq_20121_g-291x300.jpg","type":"","width":"","height":""}],"twitter_card":"summary_large_image","twitter_site":"@TraitTendance","schema":{"@context":"https:\/\/schema.org","@graph":[{"@type":"WebPage","@id":"https:\/\/www.trait-tendance.com\/en\/our-csr-policy\/","url":"https:\/\/www.trait-tendance.com\/en\/our-csr-policy\/","name":"Responsible and committed catering: eco-friendly and responsible luxury catering","isPartOf":{"@id":"https:\/\/www.trait-tendance.com\/en\/#website"},"primaryImageOfPage":{"@id":"https:\/\/www.trait-tendance.com\/en\/our-csr-policy\/#primaryimage"},"image":{"@id":"https:\/\/www.trait-tendance.com\/en\/our-csr-policy\/#primaryimage"},"thumbnailUrl":"https:\/\/www.trait-tendance.com\/wp-content\/uploads\/2023\/05\/afaq_20121_g-291x300.jpg","datePublished":"2022-01-28T13:52:10+00:00","dateModified":"2024-01-10T15:52:04+00:00","description":"Trait'Tendance, a committed caterer, helps its customers organize prestigious events in line with a CSR charter.","breadcrumb":{"@id":"https:\/\/www.trait-tendance.com\/en\/our-csr-policy\/#breadcrumb"},"inLanguage":"en-GB","potentialAction":[{"@type":"ReadAction","target":["https:\/\/www.trait-tendance.com\/en\/our-csr-policy\/"]}]},{"@type":"ImageObject","inLanguage":"en-GB","@id":"https:\/\/www.trait-tendance.com\/en\/our-csr-policy\/#primaryimage","url":"https:\/\/www.trait-tendance.com\/wp-content\/uploads\/2023\/05\/afaq_20121_g-291x300.jpg","contentUrl":"https:\/\/www.trait-tendance.com\/wp-content\/uploads\/2023\/05\/afaq_20121_g-291x300.jpg"},{"@type":"BreadcrumbList","@id":"https:\/\/www.trait-tendance.com\/en\/our-csr-policy\/#breadcrumb","itemListElement":[{"@type":"ListItem","position":1,"name":"Accueil","item":"https:\/\/www.trait-tendance.com\/en\/"},{"@type":"ListItem","position":2,"name":"OUR CSR POLICY"}]},{"@type":"WebSite","@id":"https:\/\/www.trait-tendance.com\/en\/#website","url":"https:\/\/www.trait-tendance.com\/en\/","name":"Trait'Tendance","description":"Traiteur \u00e9v\u00e9nementiel haut de gamme \u00e0 Paris","publisher":{"@id":"https:\/\/www.trait-tendance.com\/en\/#organization"},"potentialAction":[{"@type":"SearchAction","target":{"@type":"EntryPoint","urlTemplate":"https:\/\/www.trait-tendance.com\/en\/?s={search_term_string}"},"query-input":{"@type":"PropertyValueSpecification","valueRequired":true,"valueName":"search_term_string"}}],"inLanguage":"en-GB"},{"@type":"Organization","@id":"https:\/\/www.trait-tendance.com\/en\/#organization","name":"Trait'Tendance","url":"https:\/\/www.trait-tendance.com\/en\/","logo":{"@type":"ImageObject","inLanguage":"en-GB","@id":"https:\/\/www.trait-tendance.com\/en\/#\/schema\/logo\/image\/","url":"https:\/\/www.trait-tendance.com\/wp-content\/uploads\/2017\/08\/cropped-favicon.png","contentUrl":"https:\/\/www.trait-tendance.com\/wp-content\/uploads\/2017\/08\/cropped-favicon.png","width":512,"height":512,"caption":"Trait'Tendance"},"image":{"@id":"https:\/\/www.trait-tendance.com\/en\/#\/schema\/logo\/image\/"},"sameAs":["https:\/\/www.facebook.com\/TraitTendanceParis\/","https:\/\/x.com\/TraitTendance","https:\/\/www.instagram.com\/traittendance\/","https:\/\/www.linkedin.com\/company\/traittendance","https:\/\/www.pinterest.com\/traiteurdeco\/boards\/","https:\/\/www.youtube.com\/channel\/UCWDoSOcaJjMCiGrJ6cddZMA\/videos"]}]}},"_links":{"self":[{"href":"https:\/\/www.trait-tendance.com\/en\/wp-json\/wp\/v2\/pages\/104313","targetHints":{"allow":["GET"]}}],"collection":[{"href":"https:\/\/www.trait-tendance.com\/en\/wp-json\/wp\/v2\/pages"}],"about":[{"href":"https:\/\/www.trait-tendance.com\/en\/wp-json\/wp\/v2\/types\/page"}],"author":[{"embeddable":true,"href":"https:\/\/www.trait-tendance.com\/en\/wp-json\/wp\/v2\/users\/1"}],"replies":[{"embeddable":true,"href":"https:\/\/www.trait-tendance.com\/en\/wp-json\/wp\/v2\/comments?post=104313"}],"version-history":[{"count":0,"href":"https:\/\/www.trait-tendance.com\/en\/wp-json\/wp\/v2\/pages\/104313\/revisions"}],"wp:attachment":[{"href":"https:\/\/www.trait-tendance.com\/en\/wp-json\/wp\/v2\/media?parent=104313"}],"curies":[{"name":"wp","href":"https:\/\/api.w.org\/{rel}","templated":true}]}}