{"id":104316,"date":"2017-08-18T10:00:38","date_gmt":"2017-08-18T08:00:38","guid":{"rendered":"https:\/\/www.trait-tendance.com\/who-are-we\/our-events-agency-in-paris\/"},"modified":"2024-01-22T08:14:36","modified_gmt":"2024-01-22T07:14:36","slug":"our-events-agency-in-paris","status":"publish","type":"page","link":"https:\/\/www.trait-tendance.com\/en\/who-are-we\/our-events-agency-in-paris\/","title":{"rendered":"Our event planning agency"},"content":{"rendered":"<h2>Event agency in Paris : Prestigious events made to measure<\/h2>\n<p>Trait&#8217;Tendance, les architectes de l&#8217;\u00e9v\u00e9nement, is a Paris-based event agency specializing in the creation of luxury corporate events. Thanks to our passionate and professional team, and our brand-new production laboratory, we are able to meet our customers&#8217; most demanding requirements.<\/p>\n<h2>Luxury events agency for professionals<\/h2>\n<p>Trait&#8217;Tendance is much more than just a luxury caterer. As an event agency, we push traditional boundaries to deliver a complete event experience. Whether it&#8217;s gastronomy, the search for prestigious venues or the art of the table, we do our utmost to create unique events, where aesthetics and innovation blend harmoniously.<\/p>\n<h2>Tailor-made events for your company<\/h2>\n<p>Since 2003, our events agency has been helping companies to realize their events, whether large or small. From finding exceptional venues to creating tailor-made gourmet dishes, we put our expertise at your service to make your event an unforgettable success.<\/p>\n<h2>A passionate and professional team<\/h2>\n<p>Our team is made up of professionals from the best hotel, communications and business schools. Driven by a passion for gastronomy and events, our staff bring their expertise and creativity to bear on your most daring ideas.<\/p>\n<h2>Our state-of-the-art premises and laboratory<\/h2>\n<p>Since July 2018, we&#8217;ve moved to new premises in Issy-les-Moulineaux, offering over 1,600m\u00b2 of space dedicated to the creation and production of your events. Our 600m\u00b2 laboratory, equipped with state-of-the-art equipment, enables us to produce cocktails for events of up to 5,000 people, under the most hygienic conditions.<\/p>\n<h2>CSR commitment: Responsible events<\/h2>\n<p>Trait&#8217;Tendance is an events agency committed to corporate social responsibility (CSR). We believe in the importance of organizing responsible events that take into account the environment, ethics and social impact.<\/p>\n<p>For each project, we implement concrete measures to minimize the event&#8217;s environmental footprint. From waste management to the choice of sustainable materials, we ensure that every aspect of the event is thought through responsibly.<\/p>\n","protected":false},"excerpt":{"rendered":"<p>Event agency in Paris : Prestigious events made to measure Trait&#8217;Tendance, les architectes de l&#8217;\u00e9v\u00e9nement, is a Paris-based event agency specializing in the creation of luxury corporate events. Thanks to our passionate and professional team, and our brand-new production laboratory, we are able to meet our customers&#8217; most demanding requirements. Luxury events agency for professionals [&hellip;]<\/p>\n","protected":false},"author":1,"featured_media":102206,"parent":104306,"menu_order":0,"comment_status":"closed","ping_status":"closed","template":"page-agence-evenementielle.php","meta":{"footnotes":""},"class_list":["post-104316","page","type-page","status-publish","has-post-thumbnail","hentry"],"yoast_head":"<!-- This site is optimized with the Yoast SEO Premium plugin v27.4 (Yoast SEO v27.5) - https:\/\/yoast.com\/product\/yoast-seo-premium-wordpress\/ -->\n<title>Our event planning agency - Trait&#039;Tendance<\/title>\n<meta name=\"robots\" content=\"index, follow, max-snippet:-1, max-image-preview:large, max-video-preview:-1\" \/>\n<link rel=\"canonical\" href=\"https:\/\/www.trait-tendance.com\/en\/who-are-we\/our-events-agency-in-paris\/\" \/>\n<meta property=\"og:locale\" content=\"en_GB\" \/>\n<meta property=\"og:type\" content=\"article\" \/>\n<meta property=\"og:title\" content=\"Our event planning agency\" \/>\n<meta property=\"og:description\" content=\"Event agency in Paris : Prestigious events made to measure Trait&#8217;Tendance, les architectes de l&#8217;\u00e9v\u00e9nement, is a Paris-based event agency specializing in the creation of luxury corporate events. Thanks to our passionate and professional team, and our brand-new production laboratory, we are able to meet our customers&#8217; most demanding requirements. Luxury events agency for professionals [&hellip;]\" \/>\n<meta property=\"og:url\" content=\"https:\/\/www.trait-tendance.com\/en\/who-are-we\/our-events-agency-in-paris\/\" \/>\n<meta property=\"og:site_name\" content=\"Trait&#039;Tendance\" \/>\n<meta property=\"article:publisher\" content=\"https:\/\/www.facebook.com\/TraitTendanceParis\/\" \/>\n<meta property=\"article:modified_time\" content=\"2024-01-22T07:14:36+00:00\" \/>\n<meta property=\"og:image\" content=\"https:\/\/www.trait-tendance.com\/wp-content\/uploads\/2021\/08\/theatre-du-merveilleux-eurovia-75-1024x683-copie.jpg\" \/>\n\t<meta property=\"og:image:width\" content=\"1024\" \/>\n\t<meta property=\"og:image:height\" content=\"683\" \/>\n\t<meta property=\"og:image:type\" content=\"image\/jpeg\" \/>\n<meta name=\"twitter:card\" content=\"summary_large_image\" \/>\n<meta name=\"twitter:site\" content=\"@TraitTendance\" \/>\n<meta name=\"twitter:label1\" content=\"Estimated reading time\" \/>\n\t<meta name=\"twitter:data1\" content=\"2 minutes\" \/>\n<script type=\"application\/ld+json\" class=\"yoast-schema-graph\">{\"@context\":\"https:\\\/\\\/schema.org\",\"@graph\":[{\"@type\":\"WebPage\",\"@id\":\"https:\\\/\\\/www.trait-tendance.com\\\/en\\\/who-are-we\\\/our-events-agency-in-paris\\\/\",\"url\":\"https:\\\/\\\/www.trait-tendance.com\\\/en\\\/who-are-we\\\/our-events-agency-in-paris\\\/\",\"name\":\"Our event planning agency - Trait&#039;Tendance\",\"isPartOf\":{\"@id\":\"https:\\\/\\\/www.trait-tendance.com\\\/en\\\/#website\"},\"primaryImageOfPage\":{\"@id\":\"https:\\\/\\\/www.trait-tendance.com\\\/en\\\/who-are-we\\\/our-events-agency-in-paris\\\/#primaryimage\"},\"image\":{\"@id\":\"https:\\\/\\\/www.trait-tendance.com\\\/en\\\/who-are-we\\\/our-events-agency-in-paris\\\/#primaryimage\"},\"thumbnailUrl\":\"https:\\\/\\\/www.trait-tendance.com\\\/wp-content\\\/uploads\\\/2021\\\/08\\\/theatre-du-merveilleux-eurovia-75-1024x683-copie.jpg\",\"datePublished\":\"2017-08-18T08:00:38+00:00\",\"dateModified\":\"2024-01-22T07:14:36+00:00\",\"breadcrumb\":{\"@id\":\"https:\\\/\\\/www.trait-tendance.com\\\/en\\\/who-are-we\\\/our-events-agency-in-paris\\\/#breadcrumb\"},\"inLanguage\":\"en-GB\",\"potentialAction\":[{\"@type\":\"ReadAction\",\"target\":[\"https:\\\/\\\/www.trait-tendance.com\\\/en\\\/who-are-we\\\/our-events-agency-in-paris\\\/\"]}]},{\"@type\":\"ImageObject\",\"inLanguage\":\"en-GB\",\"@id\":\"https:\\\/\\\/www.trait-tendance.com\\\/en\\\/who-are-we\\\/our-events-agency-in-paris\\\/#primaryimage\",\"url\":\"https:\\\/\\\/www.trait-tendance.com\\\/wp-content\\\/uploads\\\/2021\\\/08\\\/theatre-du-merveilleux-eurovia-75-1024x683-copie.jpg\",\"contentUrl\":\"https:\\\/\\\/www.trait-tendance.com\\\/wp-content\\\/uploads\\\/2021\\\/08\\\/theatre-du-merveilleux-eurovia-75-1024x683-copie.jpg\",\"width\":1024,\"height\":683},{\"@type\":\"BreadcrumbList\",\"@id\":\"https:\\\/\\\/www.trait-tendance.com\\\/en\\\/who-are-we\\\/our-events-agency-in-paris\\\/#breadcrumb\",\"itemListElement\":[{\"@type\":\"ListItem\",\"position\":1,\"name\":\"Accueil\",\"item\":\"https:\\\/\\\/www.trait-tendance.com\\\/en\\\/\"},{\"@type\":\"ListItem\",\"position\":2,\"name\":\"Who are we ?\",\"item\":\"https:\\\/\\\/www.trait-tendance.com\\\/en\\\/who-are-we\\\/\"},{\"@type\":\"ListItem\",\"position\":3,\"name\":\"Our event planning agency\"}]},{\"@type\":\"WebSite\",\"@id\":\"https:\\\/\\\/www.trait-tendance.com\\\/en\\\/#website\",\"url\":\"https:\\\/\\\/www.trait-tendance.com\\\/en\\\/\",\"name\":\"Trait'Tendance\",\"description\":\"Traiteur \u00e9v\u00e9nementiel haut de gamme \u00e0 Paris\",\"publisher\":{\"@id\":\"https:\\\/\\\/www.trait-tendance.com\\\/en\\\/#organization\"},\"potentialAction\":[{\"@type\":\"SearchAction\",\"target\":{\"@type\":\"EntryPoint\",\"urlTemplate\":\"https:\\\/\\\/www.trait-tendance.com\\\/en\\\/?s={search_term_string}\"},\"query-input\":{\"@type\":\"PropertyValueSpecification\",\"valueRequired\":true,\"valueName\":\"search_term_string\"}}],\"inLanguage\":\"en-GB\"},{\"@type\":\"Organization\",\"@id\":\"https:\\\/\\\/www.trait-tendance.com\\\/en\\\/#organization\",\"name\":\"Trait'Tendance\",\"url\":\"https:\\\/\\\/www.trait-tendance.com\\\/en\\\/\",\"logo\":{\"@type\":\"ImageObject\",\"inLanguage\":\"en-GB\",\"@id\":\"https:\\\/\\\/www.trait-tendance.com\\\/en\\\/#\\\/schema\\\/logo\\\/image\\\/\",\"url\":\"https:\\\/\\\/www.trait-tendance.com\\\/wp-content\\\/uploads\\\/2017\\\/08\\\/cropped-favicon.png\",\"contentUrl\":\"https:\\\/\\\/www.trait-tendance.com\\\/wp-content\\\/uploads\\\/2017\\\/08\\\/cropped-favicon.png\",\"width\":512,\"height\":512,\"caption\":\"Trait'Tendance\"},\"image\":{\"@id\":\"https:\\\/\\\/www.trait-tendance.com\\\/en\\\/#\\\/schema\\\/logo\\\/image\\\/\"},\"sameAs\":[\"https:\\\/\\\/www.facebook.com\\\/TraitTendanceParis\\\/\",\"https:\\\/\\\/x.com\\\/TraitTendance\",\"https:\\\/\\\/www.instagram.com\\\/traittendance\\\/\",\"https:\\\/\\\/www.linkedin.com\\\/company\\\/traittendance\",\"https:\\\/\\\/www.pinterest.com\\\/traiteurdeco\\\/boards\\\/\",\"https:\\\/\\\/www.youtube.com\\\/channel\\\/UCWDoSOcaJjMCiGrJ6cddZMA\\\/videos\"]}]}<\/script>\n<!-- \/ Yoast SEO Premium plugin. -->","yoast_head_json":{"title":"Our event planning agency - Trait&#039;Tendance","robots":{"index":"index","follow":"follow","max-snippet":"max-snippet:-1","max-image-preview":"max-image-preview:large","max-video-preview":"max-video-preview:-1"},"canonical":"https:\/\/www.trait-tendance.com\/en\/who-are-we\/our-events-agency-in-paris\/","og_locale":"en_GB","og_type":"article","og_title":"Our event planning agency","og_description":"Event agency in Paris : Prestigious events made to measure Trait&#8217;Tendance, les architectes de l&#8217;\u00e9v\u00e9nement, is a Paris-based event agency specializing in the creation of luxury corporate events. Thanks to our passionate and professional team, and our brand-new production laboratory, we are able to meet our customers&#8217; most demanding requirements. Luxury events agency for professionals [&hellip;]","og_url":"https:\/\/www.trait-tendance.com\/en\/who-are-we\/our-events-agency-in-paris\/","og_site_name":"Trait&#039;Tendance","article_publisher":"https:\/\/www.facebook.com\/TraitTendanceParis\/","article_modified_time":"2024-01-22T07:14:36+00:00","og_image":[{"width":1024,"height":683,"url":"https:\/\/www.trait-tendance.com\/wp-content\/uploads\/2021\/08\/theatre-du-merveilleux-eurovia-75-1024x683-copie.jpg","type":"image\/jpeg"}],"twitter_card":"summary_large_image","twitter_site":"@TraitTendance","twitter_misc":{"Estimated reading time":"2 minutes"},"schema":{"@context":"https:\/\/schema.org","@graph":[{"@type":"WebPage","@id":"https:\/\/www.trait-tendance.com\/en\/who-are-we\/our-events-agency-in-paris\/","url":"https:\/\/www.trait-tendance.com\/en\/who-are-we\/our-events-agency-in-paris\/","name":"Our event planning agency - Trait&#039;Tendance","isPartOf":{"@id":"https:\/\/www.trait-tendance.com\/en\/#website"},"primaryImageOfPage":{"@id":"https:\/\/www.trait-tendance.com\/en\/who-are-we\/our-events-agency-in-paris\/#primaryimage"},"image":{"@id":"https:\/\/www.trait-tendance.com\/en\/who-are-we\/our-events-agency-in-paris\/#primaryimage"},"thumbnailUrl":"https:\/\/www.trait-tendance.com\/wp-content\/uploads\/2021\/08\/theatre-du-merveilleux-eurovia-75-1024x683-copie.jpg","datePublished":"2017-08-18T08:00:38+00:00","dateModified":"2024-01-22T07:14:36+00:00","breadcrumb":{"@id":"https:\/\/www.trait-tendance.com\/en\/who-are-we\/our-events-agency-in-paris\/#breadcrumb"},"inLanguage":"en-GB","potentialAction":[{"@type":"ReadAction","target":["https:\/\/www.trait-tendance.com\/en\/who-are-we\/our-events-agency-in-paris\/"]}]},{"@type":"ImageObject","inLanguage":"en-GB","@id":"https:\/\/www.trait-tendance.com\/en\/who-are-we\/our-events-agency-in-paris\/#primaryimage","url":"https:\/\/www.trait-tendance.com\/wp-content\/uploads\/2021\/08\/theatre-du-merveilleux-eurovia-75-1024x683-copie.jpg","contentUrl":"https:\/\/www.trait-tendance.com\/wp-content\/uploads\/2021\/08\/theatre-du-merveilleux-eurovia-75-1024x683-copie.jpg","width":1024,"height":683},{"@type":"BreadcrumbList","@id":"https:\/\/www.trait-tendance.com\/en\/who-are-we\/our-events-agency-in-paris\/#breadcrumb","itemListElement":[{"@type":"ListItem","position":1,"name":"Accueil","item":"https:\/\/www.trait-tendance.com\/en\/"},{"@type":"ListItem","position":2,"name":"Who are we ?","item":"https:\/\/www.trait-tendance.com\/en\/who-are-we\/"},{"@type":"ListItem","position":3,"name":"Our event planning agency"}]},{"@type":"WebSite","@id":"https:\/\/www.trait-tendance.com\/en\/#website","url":"https:\/\/www.trait-tendance.com\/en\/","name":"Trait'Tendance","description":"Traiteur \u00e9v\u00e9nementiel haut de gamme \u00e0 Paris","publisher":{"@id":"https:\/\/www.trait-tendance.com\/en\/#organization"},"potentialAction":[{"@type":"SearchAction","target":{"@type":"EntryPoint","urlTemplate":"https:\/\/www.trait-tendance.com\/en\/?s={search_term_string}"},"query-input":{"@type":"PropertyValueSpecification","valueRequired":true,"valueName":"search_term_string"}}],"inLanguage":"en-GB"},{"@type":"Organization","@id":"https:\/\/www.trait-tendance.com\/en\/#organization","name":"Trait'Tendance","url":"https:\/\/www.trait-tendance.com\/en\/","logo":{"@type":"ImageObject","inLanguage":"en-GB","@id":"https:\/\/www.trait-tendance.com\/en\/#\/schema\/logo\/image\/","url":"https:\/\/www.trait-tendance.com\/wp-content\/uploads\/2017\/08\/cropped-favicon.png","contentUrl":"https:\/\/www.trait-tendance.com\/wp-content\/uploads\/2017\/08\/cropped-favicon.png","width":512,"height":512,"caption":"Trait'Tendance"},"image":{"@id":"https:\/\/www.trait-tendance.com\/en\/#\/schema\/logo\/image\/"},"sameAs":["https:\/\/www.facebook.com\/TraitTendanceParis\/","https:\/\/x.com\/TraitTendance","https:\/\/www.instagram.com\/traittendance\/","https:\/\/www.linkedin.com\/company\/traittendance","https:\/\/www.pinterest.com\/traiteurdeco\/boards\/","https:\/\/www.youtube.com\/channel\/UCWDoSOcaJjMCiGrJ6cddZMA\/videos"]}]}},"_links":{"self":[{"href":"https:\/\/www.trait-tendance.com\/en\/wp-json\/wp\/v2\/pages\/104316","targetHints":{"allow":["GET"]}}],"collection":[{"href":"https:\/\/www.trait-tendance.com\/en\/wp-json\/wp\/v2\/pages"}],"about":[{"href":"https:\/\/www.trait-tendance.com\/en\/wp-json\/wp\/v2\/types\/page"}],"author":[{"embeddable":true,"href":"https:\/\/www.trait-tendance.com\/en\/wp-json\/wp\/v2\/users\/1"}],"replies":[{"embeddable":true,"href":"https:\/\/www.trait-tendance.com\/en\/wp-json\/wp\/v2\/comments?post=104316"}],"version-history":[{"count":0,"href":"https:\/\/www.trait-tendance.com\/en\/wp-json\/wp\/v2\/pages\/104316\/revisions"}],"up":[{"embeddable":true,"href":"https:\/\/www.trait-tendance.com\/en\/wp-json\/wp\/v2\/pages\/104306"}],"wp:featuredmedia":[{"embeddable":true,"href":"https:\/\/www.trait-tendance.com\/en\/wp-json\/wp\/v2\/media\/102206"}],"wp:attachment":[{"href":"https:\/\/www.trait-tendance.com\/en\/wp-json\/wp\/v2\/media?parent=104316"}],"curies":[{"name":"wp","href":"https:\/\/api.w.org\/{rel}","templated":true}]}}