{"id":104317,"date":"2022-05-16T15:16:07","date_gmt":"2022-05-16T13:16:07","guid":{"rendered":"https:\/\/www.trait-tendance.com\/food-corner\/food-corner-by-tt-the-savoury-menu\/"},"modified":"2024-06-14T14:21:42","modified_gmt":"2024-06-14T12:21:42","slug":"food-corner-by-tt-the-savoury-menu","status":"publish","type":"page","link":"https:\/\/www.trait-tendance.com\/en\/food-corner\/food-corner-by-tt-the-savoury-menu\/","title":{"rendered":"Food Corner by T&#8217;T: the savoury menu"},"content":{"rendered":"<ul>\n<li>\n<h2>Creative gourmet food corners<\/h2>\n<\/li>\n<\/ul>\n<p>In line with the <strong>seasons <\/strong>and major culinary trends, Food Corner by T&#8217;T offers a range of creative, gourmet savoury recipes.<\/p>\n<p>Conceived and designed by our <a href=\"https:\/\/www.trait-tendance.com\/prestataire-evenementiel\/creation-culinaire-evenementielle\/\">Culinary Design &amp; Creation<\/a> department, Food Corner by T&#8217;T recipes are dedicated to a single recipe. Made from fresh, seasonal produce, each recipe comes in a classic version and a more creative one.<\/p>\n<p>Food Corner by T&#8217;T can also be <strong>customized<\/strong> to suit your wishes or the theme of your party!<\/p>\n<p>&nbsp;<\/p>\n<ul>\n<li>\n<h2>Exceptional products, rigorously selected<\/h2>\n<\/li>\n<\/ul>\n<p>Thanks to a unique network of<a href=\"https:\/\/www.trait-tendance.com\/fournisseurs\/\"><br \/>\n  <strong> prestigious suppliers<\/strong><br \/>\n<\/a>Food Corner by T&#8217;T reconciles street food and gastronomy.<\/p>\n<p>The products used for each recipe have been rigorously selected for their quality, seasonality and locality.<\/p>\n<p>Aubrac meat from <a href=\"https:\/\/maison-conquet.fr\/\" target=\"_blank\" rel=\"noopener\">Maison Conquet<\/a>, AOC cheeses and butter from <a href=\"https:\/\/www.lebeurrebordier.com\/\" target=\"_blank\" rel=\"noopener\">Jean-Yves Bordier<\/a>, organic or sustainable vegetables: the Food Corner by T&#8217;T showcases exceptional products.<\/p>\n<p>In keeping with the seasons, they are available in a range of savoury culinary workshops:<\/p>\n<ul>\n<li><strong>poke bowl<\/strong>: inspired by Hawaii, this Food Corner offers vinegared rice with a side of organic seasonal vegetables and fruit, salmon tartare, marinated organic chicken fillets, aromatic herbs and toppings&#8230;<\/li>\n<li><strong>bagels<\/strong>: as in New York, this Food Corner offers a cream cheese, mesclun, smoked salmon, grilled vegetable or pastrami version of the bagel from <a href=\"https:\/\/www.trait-tendance.com\/fournisseurs\/maison-conquet-viande-et-charcuterie\/\">Maison Conquet<\/a>.<\/li>\n<li><strong>terroir<\/strong>: a Food Corner with local accents, featuring a selection of AOC cheeses by MOF<a href=\"https:\/\/www.trait-tendance.com\/fournisseurs\/jean-yves-bordier-le-gout-du-beurre\/\"> Jean-Yves Bordier,<\/a> and haute couture charcuterie by <a href=\"https:\/\/www.trait-tendance.com\/fournisseurs\/maison-conquet-viande-et-charcuterie\/\">Maison Conquet<\/a>.<\/li>\n<li><strong>blinis<\/strong>: based on minute-cooked potato blinis, this Food Corner offers vegetarian, meat and fish dishes.<\/li>\n<li><strong>tacos<\/strong>: like an invitation to fly to Mexico, Food Corner tacos offers a &#8220;carne&#8221; interpretation, and another vegetarian one, of the famous South American dish.<\/li>\n<\/ul>\n<p>Discover, too, our other Food Corner by T&#8217;T savouries: burgers, katsu sando, energizing juices&#8230;<\/p>\n","protected":false},"excerpt":{"rendered":"<p>Creative gourmet food corners In line with the seasons and major culinary trends, Food Corner by T&#8217;T offers a range of creative, gourmet savoury recipes. Conceived and designed by our Culinary Design &amp; Creation department, Food Corner by T&#8217;T recipes are dedicated to a single recipe. Made from fresh, seasonal produce, each recipe comes in [&hellip;]<\/p>\n","protected":false},"author":13,"featured_media":106427,"parent":104312,"menu_order":1,"comment_status":"closed","ping_status":"closed","template":"page-with-slideshow.php","meta":{"footnotes":""},"class_list":["post-104317","page","type-page","status-publish","has-post-thumbnail","hentry"],"yoast_head":"<!-- This site is optimized with the Yoast SEO Premium plugin v27.4 (Yoast SEO v27.5) - https:\/\/yoast.com\/product\/yoast-seo-premium-wordpress\/ -->\n<title>Food Corner by T&#039;T: the savoury menu - Trait&#039;Tendance<\/title>\n<meta name=\"description\" content=\"Discover the savory menu of Food Corner by T&#039;T, a gastronomic experience in the spirit of street food for your corporate events.\" \/>\n<meta name=\"robots\" content=\"index, follow, max-snippet:-1, max-image-preview:large, max-video-preview:-1\" \/>\n<link rel=\"canonical\" href=\"https:\/\/www.trait-tendance.com\/en\/food-corner\/food-corner-by-tt-the-savoury-menu\/\" \/>\n<meta property=\"og:locale\" content=\"en_GB\" \/>\n<meta property=\"og:type\" content=\"article\" \/>\n<meta property=\"og:title\" content=\"Food Corner by T&#039;T: the savoury menu\" \/>\n<meta property=\"og:description\" content=\"Discover the savory menu of Food Corner by T&#039;T, a gastronomic experience in the spirit of street food for your corporate events.\" \/>\n<meta property=\"og:url\" content=\"https:\/\/www.trait-tendance.com\/en\/food-corner\/food-corner-by-tt-the-savoury-menu\/\" \/>\n<meta property=\"og:site_name\" content=\"Trait&#039;Tendance\" \/>\n<meta property=\"article:publisher\" content=\"https:\/\/www.facebook.com\/TraitTendanceParis\/\" \/>\n<meta property=\"article:modified_time\" content=\"2024-06-14T12:21:42+00:00\" \/>\n<meta property=\"og:image\" content=\"https:\/\/www.trait-tendance.com\/wp-content\/uploads\/2024\/02\/atelier-beef-roll-4.png\" \/>\n\t<meta property=\"og:image:width\" content=\"1200\" \/>\n\t<meta property=\"og:image:height\" content=\"900\" \/>\n\t<meta property=\"og:image:type\" content=\"image\/png\" \/>\n<meta name=\"twitter:card\" content=\"summary_large_image\" \/>\n<meta name=\"twitter:site\" content=\"@TraitTendance\" \/>\n<meta name=\"twitter:label1\" content=\"Estimated reading time\" \/>\n\t<meta name=\"twitter:data1\" content=\"2 minutes\" \/>\n<script type=\"application\/ld+json\" class=\"yoast-schema-graph\">{\"@context\":\"https:\\\/\\\/schema.org\",\"@graph\":[{\"@type\":\"WebPage\",\"@id\":\"https:\\\/\\\/www.trait-tendance.com\\\/en\\\/food-corner\\\/food-corner-by-tt-the-savoury-menu\\\/\",\"url\":\"https:\\\/\\\/www.trait-tendance.com\\\/en\\\/food-corner\\\/food-corner-by-tt-the-savoury-menu\\\/\",\"name\":\"Food Corner by T'T: the savoury menu - Trait&#039;Tendance\",\"isPartOf\":{\"@id\":\"https:\\\/\\\/www.trait-tendance.com\\\/en\\\/#website\"},\"primaryImageOfPage\":{\"@id\":\"https:\\\/\\\/www.trait-tendance.com\\\/en\\\/food-corner\\\/food-corner-by-tt-the-savoury-menu\\\/#primaryimage\"},\"image\":{\"@id\":\"https:\\\/\\\/www.trait-tendance.com\\\/en\\\/food-corner\\\/food-corner-by-tt-the-savoury-menu\\\/#primaryimage\"},\"thumbnailUrl\":\"https:\\\/\\\/www.trait-tendance.com\\\/wp-content\\\/uploads\\\/2024\\\/02\\\/atelier-beef-roll-4.png\",\"datePublished\":\"2022-05-16T13:16:07+00:00\",\"dateModified\":\"2024-06-14T12:21:42+00:00\",\"description\":\"Discover the savory menu of Food Corner by T'T, a gastronomic experience in the spirit of street food for your corporate events.\",\"breadcrumb\":{\"@id\":\"https:\\\/\\\/www.trait-tendance.com\\\/en\\\/food-corner\\\/food-corner-by-tt-the-savoury-menu\\\/#breadcrumb\"},\"inLanguage\":\"en-GB\",\"potentialAction\":[{\"@type\":\"ReadAction\",\"target\":[\"https:\\\/\\\/www.trait-tendance.com\\\/en\\\/food-corner\\\/food-corner-by-tt-the-savoury-menu\\\/\"]}]},{\"@type\":\"ImageObject\",\"inLanguage\":\"en-GB\",\"@id\":\"https:\\\/\\\/www.trait-tendance.com\\\/en\\\/food-corner\\\/food-corner-by-tt-the-savoury-menu\\\/#primaryimage\",\"url\":\"https:\\\/\\\/www.trait-tendance.com\\\/wp-content\\\/uploads\\\/2024\\\/02\\\/atelier-beef-roll-4.png\",\"contentUrl\":\"https:\\\/\\\/www.trait-tendance.com\\\/wp-content\\\/uploads\\\/2024\\\/02\\\/atelier-beef-roll-4.png\",\"width\":1200,\"height\":900,\"caption\":\"Soir\u00e9e de lancement Pluxee Trianon ELys\u00e9e Montmartre\"},{\"@type\":\"BreadcrumbList\",\"@id\":\"https:\\\/\\\/www.trait-tendance.com\\\/en\\\/food-corner\\\/food-corner-by-tt-the-savoury-menu\\\/#breadcrumb\",\"itemListElement\":[{\"@type\":\"ListItem\",\"position\":1,\"name\":\"Accueil\",\"item\":\"https:\\\/\\\/www.trait-tendance.com\\\/en\\\/\"},{\"@type\":\"ListItem\",\"position\":2,\"name\":\"Food Corner\",\"item\":\"https:\\\/\\\/www.trait-tendance.com\\\/en\\\/food-corner\\\/\"},{\"@type\":\"ListItem\",\"position\":3,\"name\":\"Food Corner by T&#8217;T: the savoury menu\"}]},{\"@type\":\"WebSite\",\"@id\":\"https:\\\/\\\/www.trait-tendance.com\\\/en\\\/#website\",\"url\":\"https:\\\/\\\/www.trait-tendance.com\\\/en\\\/\",\"name\":\"Trait'Tendance\",\"description\":\"Traiteur \u00e9v\u00e9nementiel haut de gamme \u00e0 Paris\",\"publisher\":{\"@id\":\"https:\\\/\\\/www.trait-tendance.com\\\/en\\\/#organization\"},\"potentialAction\":[{\"@type\":\"SearchAction\",\"target\":{\"@type\":\"EntryPoint\",\"urlTemplate\":\"https:\\\/\\\/www.trait-tendance.com\\\/en\\\/?s={search_term_string}\"},\"query-input\":{\"@type\":\"PropertyValueSpecification\",\"valueRequired\":true,\"valueName\":\"search_term_string\"}}],\"inLanguage\":\"en-GB\"},{\"@type\":\"Organization\",\"@id\":\"https:\\\/\\\/www.trait-tendance.com\\\/en\\\/#organization\",\"name\":\"Trait'Tendance\",\"url\":\"https:\\\/\\\/www.trait-tendance.com\\\/en\\\/\",\"logo\":{\"@type\":\"ImageObject\",\"inLanguage\":\"en-GB\",\"@id\":\"https:\\\/\\\/www.trait-tendance.com\\\/en\\\/#\\\/schema\\\/logo\\\/image\\\/\",\"url\":\"https:\\\/\\\/www.trait-tendance.com\\\/wp-content\\\/uploads\\\/2017\\\/08\\\/cropped-favicon.png\",\"contentUrl\":\"https:\\\/\\\/www.trait-tendance.com\\\/wp-content\\\/uploads\\\/2017\\\/08\\\/cropped-favicon.png\",\"width\":512,\"height\":512,\"caption\":\"Trait'Tendance\"},\"image\":{\"@id\":\"https:\\\/\\\/www.trait-tendance.com\\\/en\\\/#\\\/schema\\\/logo\\\/image\\\/\"},\"sameAs\":[\"https:\\\/\\\/www.facebook.com\\\/TraitTendanceParis\\\/\",\"https:\\\/\\\/x.com\\\/TraitTendance\",\"https:\\\/\\\/www.instagram.com\\\/traittendance\\\/\",\"https:\\\/\\\/www.linkedin.com\\\/company\\\/traittendance\",\"https:\\\/\\\/www.pinterest.com\\\/traiteurdeco\\\/boards\\\/\",\"https:\\\/\\\/www.youtube.com\\\/channel\\\/UCWDoSOcaJjMCiGrJ6cddZMA\\\/videos\"]}]}<\/script>\n<!-- \/ Yoast SEO Premium plugin. -->","yoast_head_json":{"title":"Food Corner by T'T: the savoury menu - Trait&#039;Tendance","description":"Discover the savory menu of Food Corner by T'T, a gastronomic experience in the spirit of street food for your corporate events.","robots":{"index":"index","follow":"follow","max-snippet":"max-snippet:-1","max-image-preview":"max-image-preview:large","max-video-preview":"max-video-preview:-1"},"canonical":"https:\/\/www.trait-tendance.com\/en\/food-corner\/food-corner-by-tt-the-savoury-menu\/","og_locale":"en_GB","og_type":"article","og_title":"Food Corner by T'T: the savoury menu","og_description":"Discover the savory menu of Food Corner by T'T, a gastronomic experience in the spirit of street food for your corporate events.","og_url":"https:\/\/www.trait-tendance.com\/en\/food-corner\/food-corner-by-tt-the-savoury-menu\/","og_site_name":"Trait&#039;Tendance","article_publisher":"https:\/\/www.facebook.com\/TraitTendanceParis\/","article_modified_time":"2024-06-14T12:21:42+00:00","og_image":[{"width":1200,"height":900,"url":"https:\/\/www.trait-tendance.com\/wp-content\/uploads\/2024\/02\/atelier-beef-roll-4.png","type":"image\/png"}],"twitter_card":"summary_large_image","twitter_site":"@TraitTendance","twitter_misc":{"Estimated reading time":"2 minutes"},"schema":{"@context":"https:\/\/schema.org","@graph":[{"@type":"WebPage","@id":"https:\/\/www.trait-tendance.com\/en\/food-corner\/food-corner-by-tt-the-savoury-menu\/","url":"https:\/\/www.trait-tendance.com\/en\/food-corner\/food-corner-by-tt-the-savoury-menu\/","name":"Food Corner by T'T: the savoury menu - Trait&#039;Tendance","isPartOf":{"@id":"https:\/\/www.trait-tendance.com\/en\/#website"},"primaryImageOfPage":{"@id":"https:\/\/www.trait-tendance.com\/en\/food-corner\/food-corner-by-tt-the-savoury-menu\/#primaryimage"},"image":{"@id":"https:\/\/www.trait-tendance.com\/en\/food-corner\/food-corner-by-tt-the-savoury-menu\/#primaryimage"},"thumbnailUrl":"https:\/\/www.trait-tendance.com\/wp-content\/uploads\/2024\/02\/atelier-beef-roll-4.png","datePublished":"2022-05-16T13:16:07+00:00","dateModified":"2024-06-14T12:21:42+00:00","description":"Discover the savory menu of Food Corner by T'T, a gastronomic experience in the spirit of street food for your corporate events.","breadcrumb":{"@id":"https:\/\/www.trait-tendance.com\/en\/food-corner\/food-corner-by-tt-the-savoury-menu\/#breadcrumb"},"inLanguage":"en-GB","potentialAction":[{"@type":"ReadAction","target":["https:\/\/www.trait-tendance.com\/en\/food-corner\/food-corner-by-tt-the-savoury-menu\/"]}]},{"@type":"ImageObject","inLanguage":"en-GB","@id":"https:\/\/www.trait-tendance.com\/en\/food-corner\/food-corner-by-tt-the-savoury-menu\/#primaryimage","url":"https:\/\/www.trait-tendance.com\/wp-content\/uploads\/2024\/02\/atelier-beef-roll-4.png","contentUrl":"https:\/\/www.trait-tendance.com\/wp-content\/uploads\/2024\/02\/atelier-beef-roll-4.png","width":1200,"height":900,"caption":"Soir\u00e9e de lancement Pluxee Trianon ELys\u00e9e Montmartre"},{"@type":"BreadcrumbList","@id":"https:\/\/www.trait-tendance.com\/en\/food-corner\/food-corner-by-tt-the-savoury-menu\/#breadcrumb","itemListElement":[{"@type":"ListItem","position":1,"name":"Accueil","item":"https:\/\/www.trait-tendance.com\/en\/"},{"@type":"ListItem","position":2,"name":"Food Corner","item":"https:\/\/www.trait-tendance.com\/en\/food-corner\/"},{"@type":"ListItem","position":3,"name":"Food Corner by T&#8217;T: the savoury menu"}]},{"@type":"WebSite","@id":"https:\/\/www.trait-tendance.com\/en\/#website","url":"https:\/\/www.trait-tendance.com\/en\/","name":"Trait'Tendance","description":"Traiteur \u00e9v\u00e9nementiel haut de gamme \u00e0 Paris","publisher":{"@id":"https:\/\/www.trait-tendance.com\/en\/#organization"},"potentialAction":[{"@type":"SearchAction","target":{"@type":"EntryPoint","urlTemplate":"https:\/\/www.trait-tendance.com\/en\/?s={search_term_string}"},"query-input":{"@type":"PropertyValueSpecification","valueRequired":true,"valueName":"search_term_string"}}],"inLanguage":"en-GB"},{"@type":"Organization","@id":"https:\/\/www.trait-tendance.com\/en\/#organization","name":"Trait'Tendance","url":"https:\/\/www.trait-tendance.com\/en\/","logo":{"@type":"ImageObject","inLanguage":"en-GB","@id":"https:\/\/www.trait-tendance.com\/en\/#\/schema\/logo\/image\/","url":"https:\/\/www.trait-tendance.com\/wp-content\/uploads\/2017\/08\/cropped-favicon.png","contentUrl":"https:\/\/www.trait-tendance.com\/wp-content\/uploads\/2017\/08\/cropped-favicon.png","width":512,"height":512,"caption":"Trait'Tendance"},"image":{"@id":"https:\/\/www.trait-tendance.com\/en\/#\/schema\/logo\/image\/"},"sameAs":["https:\/\/www.facebook.com\/TraitTendanceParis\/","https:\/\/x.com\/TraitTendance","https:\/\/www.instagram.com\/traittendance\/","https:\/\/www.linkedin.com\/company\/traittendance","https:\/\/www.pinterest.com\/traiteurdeco\/boards\/","https:\/\/www.youtube.com\/channel\/UCWDoSOcaJjMCiGrJ6cddZMA\/videos"]}]}},"_links":{"self":[{"href":"https:\/\/www.trait-tendance.com\/en\/wp-json\/wp\/v2\/pages\/104317","targetHints":{"allow":["GET"]}}],"collection":[{"href":"https:\/\/www.trait-tendance.com\/en\/wp-json\/wp\/v2\/pages"}],"about":[{"href":"https:\/\/www.trait-tendance.com\/en\/wp-json\/wp\/v2\/types\/page"}],"author":[{"embeddable":true,"href":"https:\/\/www.trait-tendance.com\/en\/wp-json\/wp\/v2\/users\/13"}],"replies":[{"embeddable":true,"href":"https:\/\/www.trait-tendance.com\/en\/wp-json\/wp\/v2\/comments?post=104317"}],"version-history":[{"count":0,"href":"https:\/\/www.trait-tendance.com\/en\/wp-json\/wp\/v2\/pages\/104317\/revisions"}],"up":[{"embeddable":true,"href":"https:\/\/www.trait-tendance.com\/en\/wp-json\/wp\/v2\/pages\/104312"}],"wp:featuredmedia":[{"embeddable":true,"href":"https:\/\/www.trait-tendance.com\/en\/wp-json\/wp\/v2\/media\/106427"}],"wp:attachment":[{"href":"https:\/\/www.trait-tendance.com\/en\/wp-json\/wp\/v2\/media?parent=104317"}],"curies":[{"name":"wp","href":"https:\/\/api.w.org\/{rel}","templated":true}]}}