{"id":104319,"date":"2017-08-29T10:00:44","date_gmt":"2017-08-29T08:00:44","guid":{"rendered":"https:\/\/www.trait-tendance.com\/terms-of-use\/"},"modified":"2017-08-29T10:00:44","modified_gmt":"2017-08-29T08:00:44","slug":"terms-of-use","status":"publish","type":"page","link":"https:\/\/www.trait-tendance.com\/en\/terms-of-use\/","title":{"rendered":"Terms of use"},"content":{"rendered":"<p>Please read the terms of use carefully before using this site. By connecting to this site, you accept these terms and conditions without reservation. Also, in accordance with Article 6 of Law No. 2004-575 of June 21, 2004 for confidence in the digital economy, those responsible for this website <a href=\"https:\/\/www.trait-tendance.com\/en\/\"><br \/>\n  <strong>https:\/\/www.trait-tendance.com\/<\/strong><br \/>\n<\/a> are :<\/p>\n<p style=\"color: #b51a00;\"><span style=\"color: #000000;\"><b>Site editor :  <\/b><\/span><\/p>\n<p>Trait&#8217;Tendance<br \/>\nSIRET number: 44528521600047<br \/>\nEditorial manager: Laurien Delacour<br \/>\n141 avenue de Verdun, Chemin des montquartiers, building B<\/p>\n<p>92130 Issy-les-Moulineaux<\/p>\n<p>Telephone:01 41 14 03 03 &#8211; Fax: 01 41 14 40 35<br \/>\nEmail : contact@trait-tendance.com<br \/>\nWebsite : <strong><br \/>\n  <a href=\"https:\/\/www.trait-tendance.com\/en\/\">https:\/\/www.trait-tendance.com\/<\/a><br \/>\n<\/strong><\/p>\n<p style=\"color: #b51a00;\"><b><span style=\"color: #000000;\">Accommodation :<\/span> <\/b><\/p>\n<p>Host : OVH<br \/>\n2 Rue Kellermann, 59100 Roubaix<br \/>\nWebsite : <strong><br \/>\n  <a href=\"https:\/\/www.ovh.com\/fr\/\">https:\/\/www.ovh.com\/fr\/<\/a><br \/>\n<\/strong><\/p>\n<p style=\"color: #b51a00;\"><span style=\"color: #000000;\"><b>Development<\/b><b> : <\/b> <\/span><\/p>\n<p>Up6load<br \/>\nAddress: 10 Avenue de la Croix Rouge, 84000 Avignon<br \/>\nWebsite : <strong><br \/>\n  <a href=\"http:\/\/up6load.com\/\">http:\/\/www.up6load.com\/<\/a><br \/>\n<\/strong><\/p>\n<p style=\"color: #b51a00;\"><span style=\"color: #000000;\"><b>Terms of use :  <\/b><\/span><\/p>\n<p>This site (<strong><br \/>\n  <a href=\"https:\/\/www.trait-tendance.com\/en\/\">https:\/\/www.trait-tendance.com\/<\/a><br \/>\n<\/strong>) is available in various web languages (HTML, HTML5, Javascript, CSS, etc.) for greater ease of use and more pleasing graphics, we recommend that you use modern browsers such as Internet Explorer, Safari, Firefox, Google Chrome, etc&#8230;<\/p>\n<p><span style=\"color: #323333;\">Trait&#8217;Tendance<b> <\/b><\/span>makes every effort to provide reliable information and to update its websites reliably. However, errors and omissions may occur. The Internet user must therefore ensure the accuracy of the information provided by , and report any changes to the site that he\/she deems useful. is in no way responsible for the use made of this information, or for any direct or indirect prejudice that may result.<\/p>\n<p><b>Cookies<\/b>: The site <strong><br \/>\n  <a href=\"https:\/\/www.trait-tendance.com\/en\/\">https:\/\/www.trait-tendance.com\/<\/a><br \/>\n<\/strong> may ask you to accept cookies for statistical and display purposes. A cookie is a piece of information placed on your hard disk by the server of the site you are visiting. It contains various data stored on your computer in a simple text file that a server accesses to read and record information. Some parts of this site cannot be used without accepting cookies.<\/p>\n<p><b>Hypertext links :<\/b> Our websites may contain links to other websites or resources available on the Internet. Trait&#8217;Tendance has no means of controlling the sites connected to its websites. does not warrant or guarantee the availability of such external sites and sources. It cannot be held responsible for any damage whatsoever resulting from the content of these external sites or sources, and in particular from the information, products or services they offer, or from any use that may be made of these elements. The risks associated with this use are fully borne by the Internet user, who must comply with their conditions of use.<\/p>\n<p>Users, subscribers and visitors to the Trait&#8217;Tendance websites may not set up a hyperlink to this site without the express prior authorization of Trait&#8217;Tendance.<\/p>\n<p>Should a user or visitor wish to set up a hyperlink to one of Trait&#8217;Tendance&#8217;s websites, they should send an e-mail to the site to request the hyperlink. Trait&#8217;Tendance reserves the right to accept or refuse a hyperlink without having to justify its decision.<\/p>\n<p style=\"color: #b51a00;\"><span style=\"color: #000000;\"><b>Services provided :  <\/b><\/span><\/p>\n<p style=\"color: #323333;\">All the company&#8217;s activities and information are presented on our website <strong><a href=\"https:\/\/www.trait-tendance.com\/en\/\">https:\/\/www.trait-tendance.com\/<\/a><\/strong>.<\/p>\n<p style=\"color: #323333;\">Trait&#8217;Tendance strives to provide on the site <strong><br \/>\n  <a href=\"https:\/\/www.trait-tendance.com\/en\/\">https:\/\/www.trait-tendance.com\/<\/a><br \/>\n<\/strong> information as accurately as possible. information on the site <strong><br \/>\n  <a href=\"https:\/\/www.trait-tendance.com\/en\/\">https:\/\/www.trait-tendance.com\/<\/a><br \/>\n<\/strong> is not exhaustive and the photos are not contractual. They are subject to any changes that may have been made since they were put online. In addition, all information on the site <strong><br \/>\n  <a href=\"https:\/\/www.trait-tendance.com\/en\/\">https:\/\/www.trait-tendance.com\/<\/a><br \/>\n<\/strong><b> <\/b>are given for information only, and may change or evolve without notice.<\/p>\n<p>&nbsp;<\/p>\n<p style=\"color: #b51a00;\"><span style=\"color: #000000;\"><b>Contractual limitations on data :  <\/b><\/span><\/p>\n<p>The information contained on this site is as accurate as possible and the site is updated at different times of the year, but may contain inaccuracies or omissions. If you notice a gap, error or what appears to be a malfunction, please report it by e-mail to contact@trait-tendance.com, describing the problem as precisely as possible (page causing the problem, type of computer and browser used, etc.).<\/p>\n<p>Any content downloaded is done so at the user&#8217;s own risk and under his\/her sole responsibility. Consequently, we cannot be held responsible for any damage to the user&#8217;s computer or loss of data resulting from the download.  <span style=\"color: #323333;\">In addition, the user of the site undertakes to access the site using recent, virus-free equipment with the latest updated browser.<\/span><\/p>\n<p>Trait&#8217;Tendance cannot be held responsible for the hypertext links on this website to other resources on the Internet.<\/p>\n<p style=\"color: #b51a00;\"><span style=\"color: #000000;\"><b>Intellectual property :<\/b><\/span><\/p>\n<p>All content on the site  <strong><a href=\"https:\/\/www.trait-tendance.com\/en\/\">https:\/\/www.trait-tendance.com\/<\/a><\/strong>All content, including but not limited to graphics, images, texts, videos, animations, sounds, logos, gifs and icons, as well as their formatting, is the exclusive property of the company, with the exception of trademarks, logos or content belonging to other partner companies or authors.<\/p>\n<p>Any reproduction, distribution, modification, adaptation, retransmission or publication, even partial, of these different elements is strictly forbidden without the express written consent of Trait&#8217;Tendance. This representation or reproduction, by any means whatsoever, constitutes an infringement punishable by articles L.335-2 et seq. of the French Intellectual Property Code. Failure to comply with this prohibition constitutes an infringement of copyright, for which the infringer may be held civilly and criminally liable. In addition, the owners of the copied Content may take legal action against you.<\/p>\n<p style=\"color: #b51a00;\"><span style=\"color: #000000;\"><b>Declaration to the CNIL :  <\/b><\/span><\/p>\n<p>In accordance with the French Data Protection Act 78-17 of January 6, 1978 (amended by Act 2004-801 of August 6, 2004 on the protection of individuals with regard to the processing of personal data), this site has been registered with the Commission Nationale de l&#8217;Informatique et des Libert\u00e9s (<strong><br \/>\n  <a href=\"http:\/\/www.cnil.fr\/\">www.cnil.fr<\/a><br \/>\n<\/strong>).<\/p>\n<p style=\"color: #b51a00;\"><span style=\"color: #000000;\"><b>Disputes :  <\/b><\/span><\/p>\n<p>The present conditions of the site <a href=\"https:\/\/www.trait-tendance.com\/en\/\"><br \/>\n  <strong>https:\/\/www.trait-tendance.com\/<\/strong><br \/>\n<\/a> are governed by French law and any dispute or litigation that may arise from the interpretation or execution thereof shall be subject to the exclusive jurisdiction of the courts having jurisdiction over the company&#8217;s registered office. The reference language for the settlement of any disputes is French.<\/p>\n<p style=\"color: #b51a00;\"><span style=\"color: #000000;\"><b>Personal data :<\/b><\/span><\/p>\n<p>In general, you are not required to provide us with your personal data when you visit our website. <a href=\"https:\/\/www.trait-tendance.com\/en\/\"><br \/>\n  <strong>https:\/\/www.trait-tendance.com\/<\/strong><br \/>\n<\/a>.<\/p>\n<p>However, there are certain exceptions to this principle. For certain services offered on our site, you may be asked to provide us with certain information, such as your name, position, company name, e-mail address and telephone number. This is the case when you fill in the online form in the &#8220;contact&#8221; section. In all cases, you can refuse to provide your personal data. In this case, you will not be able to use the site&#8217;s services, in particular to request information about our company or to receive our newsletters.<\/p>\n<p>Finally, we may automatically collect certain information about you when you simply browse our website, in particular: information concerning the use of our site, such as the areas you visit and the services you access, your IP address, your browser type, your access times. Such information is used exclusively for internal statistical purposes, in order to improve the quality of the services offered to you. Databases are protected by the provisions of the law of July 1, 1998, transposing directive 96\/9 of March 11, 1996, on the legal protection of databases.<\/p>\n","protected":false},"excerpt":{"rendered":"<p>Please read the terms of use carefully before using this site. By connecting to this site, you accept these terms and conditions without reservation. Also, in accordance with Article 6 of Law No. 2004-575 of June 21, 2004 for confidence in the digital economy, those responsible for this website https:\/\/www.trait-tendance.com\/ are : Site editor : [&hellip;]<\/p>\n","protected":false},"author":1,"featured_media":0,"parent":0,"menu_order":0,"comment_status":"closed","ping_status":"closed","template":"","meta":{"footnotes":""},"class_list":["post-104319","page","type-page","status-publish","hentry"],"yoast_head":"<!-- This site is optimized with the Yoast SEO Premium plugin v27.5 (Yoast SEO v27.6) - https:\/\/yoast.com\/product\/yoast-seo-premium-wordpress\/ -->\n<title>Terms of use - Trait&#039;Tendance<\/title>\n<meta name=\"robots\" content=\"index, follow, max-snippet:-1, max-image-preview:large, max-video-preview:-1\" \/>\n<link rel=\"canonical\" href=\"https:\/\/www.trait-tendance.com\/en\/terms-of-use\/\" \/>\n<meta property=\"og:locale\" content=\"en_GB\" \/>\n<meta property=\"og:type\" content=\"article\" \/>\n<meta property=\"og:title\" content=\"Terms of use\" \/>\n<meta property=\"og:description\" content=\"Please read the terms of use carefully before using this site. By connecting to this site, you accept these terms and conditions without reservation. Also, in accordance with Article 6 of Law No. 2004-575 of June 21, 2004 for confidence in the digital economy, those responsible for this website https:\/\/www.trait-tendance.com\/ are : Site editor : [&hellip;]\" \/>\n<meta property=\"og:url\" content=\"https:\/\/www.trait-tendance.com\/en\/terms-of-use\/\" \/>\n<meta property=\"og:site_name\" content=\"Trait&#039;Tendance\" \/>\n<meta property=\"article:publisher\" content=\"https:\/\/www.facebook.com\/TraitTendanceParis\/\" \/>\n<meta name=\"twitter:card\" content=\"summary_large_image\" \/>\n<meta name=\"twitter:site\" content=\"@TraitTendance\" \/>\n<meta name=\"twitter:label1\" content=\"Estimated reading time\" \/>\n\t<meta name=\"twitter:data1\" content=\"6 minutes\" \/>\n<script type=\"application\/ld+json\" class=\"yoast-schema-graph\">{\"@context\":\"https:\\\/\\\/schema.org\",\"@graph\":[{\"@type\":\"WebPage\",\"@id\":\"https:\\\/\\\/www.trait-tendance.com\\\/en\\\/terms-of-use\\\/\",\"url\":\"https:\\\/\\\/www.trait-tendance.com\\\/en\\\/terms-of-use\\\/\",\"name\":\"Terms of use - Trait&#039;Tendance\",\"isPartOf\":{\"@id\":\"https:\\\/\\\/www.trait-tendance.com\\\/en\\\/#website\"},\"datePublished\":\"2017-08-29T08:00:44+00:00\",\"breadcrumb\":{\"@id\":\"https:\\\/\\\/www.trait-tendance.com\\\/en\\\/terms-of-use\\\/#breadcrumb\"},\"inLanguage\":\"en-GB\",\"potentialAction\":[{\"@type\":\"ReadAction\",\"target\":[\"https:\\\/\\\/www.trait-tendance.com\\\/en\\\/terms-of-use\\\/\"]}]},{\"@type\":\"BreadcrumbList\",\"@id\":\"https:\\\/\\\/www.trait-tendance.com\\\/en\\\/terms-of-use\\\/#breadcrumb\",\"itemListElement\":[{\"@type\":\"ListItem\",\"position\":1,\"name\":\"Accueil\",\"item\":\"https:\\\/\\\/www.trait-tendance.com\\\/en\\\/\"},{\"@type\":\"ListItem\",\"position\":2,\"name\":\"Terms of use\"}]},{\"@type\":\"WebSite\",\"@id\":\"https:\\\/\\\/www.trait-tendance.com\\\/en\\\/#website\",\"url\":\"https:\\\/\\\/www.trait-tendance.com\\\/en\\\/\",\"name\":\"Trait'Tendance\",\"description\":\"Traiteur \u00e9v\u00e9nementiel haut de gamme \u00e0 Paris\",\"publisher\":{\"@id\":\"https:\\\/\\\/www.trait-tendance.com\\\/en\\\/#organization\"},\"potentialAction\":[{\"@type\":\"SearchAction\",\"target\":{\"@type\":\"EntryPoint\",\"urlTemplate\":\"https:\\\/\\\/www.trait-tendance.com\\\/en\\\/?s={search_term_string}\"},\"query-input\":{\"@type\":\"PropertyValueSpecification\",\"valueRequired\":true,\"valueName\":\"search_term_string\"}}],\"inLanguage\":\"en-GB\"},{\"@type\":\"Organization\",\"@id\":\"https:\\\/\\\/www.trait-tendance.com\\\/en\\\/#organization\",\"name\":\"Trait'Tendance\",\"url\":\"https:\\\/\\\/www.trait-tendance.com\\\/en\\\/\",\"logo\":{\"@type\":\"ImageObject\",\"inLanguage\":\"en-GB\",\"@id\":\"https:\\\/\\\/www.trait-tendance.com\\\/en\\\/#\\\/schema\\\/logo\\\/image\\\/\",\"url\":\"https:\\\/\\\/www.trait-tendance.com\\\/wp-content\\\/uploads\\\/2017\\\/08\\\/cropped-favicon.png\",\"contentUrl\":\"https:\\\/\\\/www.trait-tendance.com\\\/wp-content\\\/uploads\\\/2017\\\/08\\\/cropped-favicon.png\",\"width\":512,\"height\":512,\"caption\":\"Trait'Tendance\"},\"image\":{\"@id\":\"https:\\\/\\\/www.trait-tendance.com\\\/en\\\/#\\\/schema\\\/logo\\\/image\\\/\"},\"sameAs\":[\"https:\\\/\\\/www.facebook.com\\\/TraitTendanceParis\\\/\",\"https:\\\/\\\/x.com\\\/TraitTendance\",\"https:\\\/\\\/www.instagram.com\\\/traittendance\\\/\",\"https:\\\/\\\/www.linkedin.com\\\/company\\\/traittendance\",\"https:\\\/\\\/www.pinterest.com\\\/traiteurdeco\\\/boards\\\/\",\"https:\\\/\\\/www.youtube.com\\\/channel\\\/UCWDoSOcaJjMCiGrJ6cddZMA\\\/videos\"]}]}<\/script>\n<!-- \/ Yoast SEO Premium plugin. -->","yoast_head_json":{"title":"Terms of use - Trait&#039;Tendance","robots":{"index":"index","follow":"follow","max-snippet":"max-snippet:-1","max-image-preview":"max-image-preview:large","max-video-preview":"max-video-preview:-1"},"canonical":"https:\/\/www.trait-tendance.com\/en\/terms-of-use\/","og_locale":"en_GB","og_type":"article","og_title":"Terms of use","og_description":"Please read the terms of use carefully before using this site. By connecting to this site, you accept these terms and conditions without reservation. Also, in accordance with Article 6 of Law No. 2004-575 of June 21, 2004 for confidence in the digital economy, those responsible for this website https:\/\/www.trait-tendance.com\/ are : Site editor : [&hellip;]","og_url":"https:\/\/www.trait-tendance.com\/en\/terms-of-use\/","og_site_name":"Trait&#039;Tendance","article_publisher":"https:\/\/www.facebook.com\/TraitTendanceParis\/","twitter_card":"summary_large_image","twitter_site":"@TraitTendance","twitter_misc":{"Estimated reading time":"6 minutes"},"schema":{"@context":"https:\/\/schema.org","@graph":[{"@type":"WebPage","@id":"https:\/\/www.trait-tendance.com\/en\/terms-of-use\/","url":"https:\/\/www.trait-tendance.com\/en\/terms-of-use\/","name":"Terms of use - Trait&#039;Tendance","isPartOf":{"@id":"https:\/\/www.trait-tendance.com\/en\/#website"},"datePublished":"2017-08-29T08:00:44+00:00","breadcrumb":{"@id":"https:\/\/www.trait-tendance.com\/en\/terms-of-use\/#breadcrumb"},"inLanguage":"en-GB","potentialAction":[{"@type":"ReadAction","target":["https:\/\/www.trait-tendance.com\/en\/terms-of-use\/"]}]},{"@type":"BreadcrumbList","@id":"https:\/\/www.trait-tendance.com\/en\/terms-of-use\/#breadcrumb","itemListElement":[{"@type":"ListItem","position":1,"name":"Accueil","item":"https:\/\/www.trait-tendance.com\/en\/"},{"@type":"ListItem","position":2,"name":"Terms of use"}]},{"@type":"WebSite","@id":"https:\/\/www.trait-tendance.com\/en\/#website","url":"https:\/\/www.trait-tendance.com\/en\/","name":"Trait'Tendance","description":"Traiteur \u00e9v\u00e9nementiel haut de gamme \u00e0 Paris","publisher":{"@id":"https:\/\/www.trait-tendance.com\/en\/#organization"},"potentialAction":[{"@type":"SearchAction","target":{"@type":"EntryPoint","urlTemplate":"https:\/\/www.trait-tendance.com\/en\/?s={search_term_string}"},"query-input":{"@type":"PropertyValueSpecification","valueRequired":true,"valueName":"search_term_string"}}],"inLanguage":"en-GB"},{"@type":"Organization","@id":"https:\/\/www.trait-tendance.com\/en\/#organization","name":"Trait'Tendance","url":"https:\/\/www.trait-tendance.com\/en\/","logo":{"@type":"ImageObject","inLanguage":"en-GB","@id":"https:\/\/www.trait-tendance.com\/en\/#\/schema\/logo\/image\/","url":"https:\/\/www.trait-tendance.com\/wp-content\/uploads\/2017\/08\/cropped-favicon.png","contentUrl":"https:\/\/www.trait-tendance.com\/wp-content\/uploads\/2017\/08\/cropped-favicon.png","width":512,"height":512,"caption":"Trait'Tendance"},"image":{"@id":"https:\/\/www.trait-tendance.com\/en\/#\/schema\/logo\/image\/"},"sameAs":["https:\/\/www.facebook.com\/TraitTendanceParis\/","https:\/\/x.com\/TraitTendance","https:\/\/www.instagram.com\/traittendance\/","https:\/\/www.linkedin.com\/company\/traittendance","https:\/\/www.pinterest.com\/traiteurdeco\/boards\/","https:\/\/www.youtube.com\/channel\/UCWDoSOcaJjMCiGrJ6cddZMA\/videos"]}]}},"_links":{"self":[{"href":"https:\/\/www.trait-tendance.com\/en\/wp-json\/wp\/v2\/pages\/104319","targetHints":{"allow":["GET"]}}],"collection":[{"href":"https:\/\/www.trait-tendance.com\/en\/wp-json\/wp\/v2\/pages"}],"about":[{"href":"https:\/\/www.trait-tendance.com\/en\/wp-json\/wp\/v2\/types\/page"}],"author":[{"embeddable":true,"href":"https:\/\/www.trait-tendance.com\/en\/wp-json\/wp\/v2\/users\/1"}],"replies":[{"embeddable":true,"href":"https:\/\/www.trait-tendance.com\/en\/wp-json\/wp\/v2\/comments?post=104319"}],"version-history":[{"count":0,"href":"https:\/\/www.trait-tendance.com\/en\/wp-json\/wp\/v2\/pages\/104319\/revisions"}],"wp:attachment":[{"href":"https:\/\/www.trait-tendance.com\/en\/wp-json\/wp\/v2\/media?parent=104319"}],"curies":[{"name":"wp","href":"https:\/\/api.w.org\/{rel}","templated":true}]}}